{"id":10687,"date":"2020-06-25T22:51:22","date_gmt":"2020-06-25T22:51:22","guid":{"rendered":"http:\/\/www.test.rfiddepo.com\/?post_type=product&#038;p=10687"},"modified":"2025-10-14T15:39:37","modified_gmt":"2025-10-14T15:39:37","slug":"tsl-1166-bluetooth-uhf-rfid-el-terminali","status":"publish","type":"product","link":"https:\/\/rfiddepo.com\/en\/urunlerimiz\/tsl-1166-bluetooth-uhf-rfid-el-terminali\/","title":{"rendered":"TSL 1166 Bluetooth UHF RFID Handheld Terminal"},"content":{"rendered":"<table class=\"blueTable\">\n<tbody>\n<tr>\n<td><strong>Product Name<\/strong><\/td>\n<td>TSL 1166 Bluetooth uhf rfid el terminali<\/td>\n<\/tr>\n<tr>\n<td><strong>Operating Frequency<\/strong><\/td>\n<td>ETSI 865.6\u2013867.6 MHz or FCC\/IC 902\u2013928 MHz-<\/td>\n<\/tr>\n<tr>\n<td><strong>Dimensions<\/strong><\/td>\n<td>177 x 94 x 170 mm<\/td>\n<\/tr>\n<tr>\n<td><strong>Weight<\/strong><\/td>\n<td>860g.<\/td>\n<\/tr>\n<tr>\n<td><strong>Taray\u0131c\u0131<\/strong><\/td>\n<td>\n<div class=\"spec-content\">\n<p>1D\/2D<\/p>\n<\/div>\n<\/td>\n<\/tr>\n<tr>\n<td><strong>RF Power<\/strong><\/td>\n<td>34dBm EIRP<\/td>\n<\/tr>\n<tr>\n<td><strong>Max. Okuma Mesafesi<\/strong><\/td>\n<td>Up to 8m<\/td>\n<\/tr>\n<tr>\n<td><strong>Reading Speed<\/strong><\/td>\n<td>Up to 1000 tags per second<\/td>\n<\/tr>\n<tr>\n<td><strong>Connection<\/strong><\/td>\n<td>IEEE 802.11 a\/b\/g\/n. Dual band WLAN, supports 2.4 GHz and 5 GHz networks,3G,Bluetooth 2.1, USB 2.0 via micro USB connector<br \/>\nDesktop charger provides USB connectivity via micro USB connector<\/td>\n<\/tr>\n<tr>\n<td><strong>Battery<\/strong><\/td>\n<td>Removable, rechargeable 4.2 volt Lithium<br \/>\nPolymer 2.950 mAh battery pack, 8.9 watt hrs<\/td>\n<\/tr>\n<tr>\n<td><strong>IP S\u0131n\u0131f\u0131<\/strong><\/td>\n<td>IP67<\/td>\n<\/tr>\n<tr>\n<td><strong>Operating Temperature<\/strong><\/td>\n<td>Operating:-10\u00b0 to +40 \u00b0C<br \/>\nStorage: Less than 1 month at -20\u00b0C to +45\u00b0C,Less than 6 months at -20\u00b0C to +35\u00b0C<br \/>\nCharging :5\u00b0 to +40 \u00b0C<\/td>\n<\/tr>\n<tr>\n<td><strong>Drop Test<\/strong><\/td>\n<td>1.8 m<\/td>\n<\/tr>\n<tr>\n<td><strong>Brand<br \/>\n<\/strong><\/td>\n<td><a href=\"\/marka\/tsl\/\"><img decoding=\"async\" src=\"https:\/\/rfiddepoweb.workindigi.com\/wp-content\/uploads\/2024\/01\/tsl.webp\" \/><\/a><\/td>\n<\/tr>\n<\/tbody>\n<\/table>\n<h2 style=\"font-size: 25px;\">TSL 1166 Bluetooth UHF RFID Handheld Terminal<\/h2>\n<p>The TSL 1166 Bluetooth\u00ae UHF RFID Handheld Terminal is a device designed to read and write UHF RFID tags in accordance with EPC Class 1 Gen 2 (ISO18000-6C) standards. It enables data transfer to Android, iOS, and Windows devices via Bluetooth\u00ae technology. It offers superior performance and stability with its Impinj R2000 core and high-performance antennas. It also performs fast and effective barcode reading operations with its 1D\/2D barcode reader.<\/p>\n<h3 style=\"font-size: 25px;\">Key Features<\/h3>\n<ul>\n<li>EPC Class 1 Gen 2 (ISO18000-6C) compliance<\/li>\n<li>Data transfer via Bluetooth\u00ae technology (Android, iOS, Windows)<\/li>\n<li>Impinj R2000 core and high-performance antennas<\/li>\n<li>Fast barcode scanning with 1D\/2D barcode reader<\/li>\n<\/ul>\n<h3 style=\"font-size: 25px;\">RFID Handheld Terminals and Applications<\/h3>\n<p>TSL 1166 Bluetooth UHF RFID Handheld Terminal delivers high performance and flexibility for inventory management, warehouse tracking systems, and other RFID applications. It is an ideal solution for RFID Warehouse Management Systems, RFID Solutions for Retail, and more.<\/p>","protected":false},"excerpt":{"rendered":"<p>TSL 1166 Bluetooth\u00ae UHF RFID Reader reads and writes RFID tags operating in the EPC Class 1 Gen 2 (ISO18000-6C) UHF range, and transmits the read data to various devices (Android, iOS, Windows) via Bluetooth\u00ae wireless technology. The TSL 1166 operates more reliably and with higher performance than other devices thanks to its Impinj R2000 core and high-performance antennas. It also allows you to quickly scan barcodes using its built-in 1D\/2D barcode reader.<\/p>\n<div class=\"datasheet\"><a href=\"\/wp-content\/uploads\/2025\/09\/1166-Bluetooth-Rugged-UHF-Reader-Datasheet.pdf\" target=\"_blank\" class=\"datasheet-btn\" rel=\"noopener\"><br \/>\n\ud83d\udcc4 Datasheet<br \/>\n<\/a><\/div>","protected":false},"featured_media":147604,"comment_status":"closed","ping_status":"closed","template":"","meta":{"_monsterinsights_skip_tracking":false,"_monsterinsights_sitenote_active":false,"_monsterinsights_sitenote_note":"","_monsterinsights_sitenote_category":0},"product_brand":[316],"product_cat":[63],"product_tag":[197,193,194,195,288,289,196],"class_list":{"0":"post-10687","1":"product","2":"type-product","3":"status-publish","4":"has-post-thumbnail","6":"product_brand-tsl","7":"product_cat-rfid-el-terminali","8":"product_tag-android-el-terminali","9":"product_tag-rfid-el-terminali","10":"product_tag-rfid-mobil-okuyucu","11":"product_tag-rfid-mobil-reader","12":"product_tag-tsl","13":"product_tag-tsl-1166-bluetooth-uhf-rfid-el-terminali","14":"product_tag-uhf-rfid-el-terminali","16":"first","17":"instock","18":"shipping-taxable","19":"purchasable","20":"product-type-simple"},"yoast_head":"<!-- This site is optimized with the Yoast SEO plugin v26.6 - https:\/\/yoast.com\/wordpress\/plugins\/seo\/ -->\n<title>TSL 1166 Bluetooth UHF RFID El Terminali - RFID Depo<\/title>\n<meta name=\"description\" content=\"TSL 1166 Bluetooth UHF RFID El Terminali, EPC Sinif 1 Gen 2 (ISO18000-6C) UHF RFID etiketlerini okuyup yazabilen, Bluetooth teknolojisi ile veri aktarimi yapan bir cihazdir. Impinj R2000 \u00e7ekirdegi ve y\u00fcksek performansli antenleri ile g\u00fcvenilir ve hizli performans saglar. Ayrica, 1D\/2D barkod okuyucu ile hizli barkod okuma islemleri yapabilirsiniz.\" \/>\n<meta name=\"robots\" content=\"index, follow, max-snippet:-1, max-image-preview:large, max-video-preview:-1\" \/>\n<link rel=\"canonical\" href=\"https:\/\/rfiddepo.com\/en\/urunlerimiz\/tsl-1166-bluetooth-uhf-rfid-el-terminali\/\" \/>\n<meta property=\"og:locale\" content=\"en_US\" \/>\n<meta property=\"og:type\" content=\"article\" \/>\n<meta property=\"og:title\" content=\"TSL 1166 Bluetooth UHF RFID El Terminali - RFID Depo\" \/>\n<meta property=\"og:description\" content=\"TSL 1166 Bluetooth UHF RFID El Terminali, EPC Sinif 1 Gen 2 (ISO18000-6C) UHF RFID etiketlerini okuyup yazabilen, Bluetooth teknolojisi ile veri aktarimi yapan bir cihazdir. Impinj R2000 \u00e7ekirdegi ve y\u00fcksek performansli antenleri ile g\u00fcvenilir ve hizli performans saglar. Ayrica, 1D\/2D barkod okuyucu ile hizli barkod okuma islemleri yapabilirsiniz.\" \/>\n<meta property=\"og:url\" content=\"https:\/\/rfiddepo.com\/en\/urunlerimiz\/tsl-1166-bluetooth-uhf-rfid-el-terminali\/\" \/>\n<meta property=\"og:site_name\" content=\"RFID Depo\" \/>\n<meta property=\"article:modified_time\" content=\"2025-10-14T15:39:37+00:00\" \/>\n<meta property=\"og:image\" content=\"https:\/\/rfiddepo.com\/wp-content\/uploads\/2025\/09\/TSL-1166-Bluetooth-UHF-RFID-El-Terminali-rfiddepo.com-1.jpg\" \/>\n\t<meta property=\"og:image:width\" content=\"700\" \/>\n\t<meta property=\"og:image:height\" content=\"660\" \/>\n\t<meta property=\"og:image:type\" content=\"image\/jpeg\" \/>\n<meta name=\"twitter:card\" content=\"summary_large_image\" \/>\n<meta name=\"twitter:label1\" content=\"Est. reading time\" \/>\n\t<meta name=\"twitter:data1\" content=\"2 minutes\" \/>\n<script type=\"application\/ld+json\" class=\"yoast-schema-graph\">{\"@context\":\"https:\/\/schema.org\",\"@graph\":[{\"@type\":\"WebPage\",\"@id\":\"https:\/\/rfiddepo.com\/en\/urunlerimiz\/tsl-1166-bluetooth-uhf-rfid-el-terminali\/\",\"url\":\"https:\/\/rfiddepo.com\/en\/urunlerimiz\/tsl-1166-bluetooth-uhf-rfid-el-terminali\/\",\"name\":\"TSL 1166 Bluetooth UHF RFID El Terminali - RFID Depo\",\"isPartOf\":{\"@id\":\"https:\/\/rfiddepo.com\/en\/#website\"},\"primaryImageOfPage\":{\"@id\":\"https:\/\/rfiddepo.com\/en\/urunlerimiz\/tsl-1166-bluetooth-uhf-rfid-el-terminali\/#primaryimage\"},\"image\":{\"@id\":\"https:\/\/rfiddepo.com\/en\/urunlerimiz\/tsl-1166-bluetooth-uhf-rfid-el-terminali\/#primaryimage\"},\"thumbnailUrl\":\"https:\/\/rfiddepo.com\/wp-content\/uploads\/2025\/09\/TSL-1166-Bluetooth-UHF-RFID-El-Terminali-rfiddepo.com-1.jpg\",\"datePublished\":\"2020-06-25T22:51:22+00:00\",\"dateModified\":\"2025-10-14T15:39:37+00:00\",\"description\":\"TSL 1166 Bluetooth UHF RFID El Terminali, EPC Sinif 1 Gen 2 (ISO18000-6C) UHF RFID etiketlerini okuyup yazabilen, Bluetooth teknolojisi ile veri aktarimi yapan bir cihazdir. Impinj R2000 \u00e7ekirdegi ve y\u00fcksek performansli antenleri ile g\u00fcvenilir ve hizli performans saglar. Ayrica, 1D\/2D barkod okuyucu ile hizli barkod okuma islemleri yapabilirsiniz.\",\"breadcrumb\":{\"@id\":\"https:\/\/rfiddepo.com\/en\/urunlerimiz\/tsl-1166-bluetooth-uhf-rfid-el-terminali\/#breadcrumb\"},\"inLanguage\":\"en-US\",\"potentialAction\":[{\"@type\":\"ReadAction\",\"target\":[\"https:\/\/rfiddepo.com\/en\/urunlerimiz\/tsl-1166-bluetooth-uhf-rfid-el-terminali\/\"]}]},{\"@type\":\"ImageObject\",\"inLanguage\":\"en-US\",\"@id\":\"https:\/\/rfiddepo.com\/en\/urunlerimiz\/tsl-1166-bluetooth-uhf-rfid-el-terminali\/#primaryimage\",\"url\":\"https:\/\/rfiddepo.com\/wp-content\/uploads\/2025\/09\/TSL-1166-Bluetooth-UHF-RFID-El-Terminali-rfiddepo.com-1.jpg\",\"contentUrl\":\"https:\/\/rfiddepo.com\/wp-content\/uploads\/2025\/09\/TSL-1166-Bluetooth-UHF-RFID-El-Terminali-rfiddepo.com-1.jpg\",\"width\":700,\"height\":660},{\"@type\":\"BreadcrumbList\",\"@id\":\"https:\/\/rfiddepo.com\/en\/urunlerimiz\/tsl-1166-bluetooth-uhf-rfid-el-terminali\/#breadcrumb\",\"itemListElement\":[{\"@type\":\"ListItem\",\"position\":1,\"name\":\"Anasayfa\",\"item\":\"https:\/\/rfiddepo.com\/en\/\"},{\"@type\":\"ListItem\",\"position\":2,\"name\":\"Urunler\",\"item\":\"https:\/\/rfiddepo.com\/urunler\/\"},{\"@type\":\"ListItem\",\"position\":3,\"name\":\"TSL 1166 Bluetooth UHF RFID El Terminali\"}]},{\"@type\":\"WebSite\",\"@id\":\"https:\/\/rfiddepo.com\/en\/#website\",\"url\":\"https:\/\/rfiddepo.com\/en\/\",\"name\":\"RFID Depo\",\"description\":\"\",\"publisher\":{\"@id\":\"https:\/\/rfiddepo.com\/en\/#organization\"},\"potentialAction\":[{\"@type\":\"SearchAction\",\"target\":{\"@type\":\"EntryPoint\",\"urlTemplate\":\"https:\/\/rfiddepo.com\/en\/?s={search_term_string}\"},\"query-input\":{\"@type\":\"PropertyValueSpecification\",\"valueRequired\":true,\"valueName\":\"search_term_string\"}}],\"inLanguage\":\"en-US\"},{\"@type\":\"Organization\",\"@id\":\"https:\/\/rfiddepo.com\/en\/#organization\",\"name\":\"%%sitename%%\",\"url\":\"https:\/\/rfiddepo.com\/en\/\",\"logo\":{\"@type\":\"ImageObject\",\"inLanguage\":\"en-US\",\"@id\":\"https:\/\/rfiddepo.com\/en\/#\/schema\/logo\/image\/\",\"url\":\"https:\/\/rfiddepo.com\/wp-content\/uploads\/2025\/09\/rfiddepo-logo.png\",\"contentUrl\":\"https:\/\/rfiddepo.com\/wp-content\/uploads\/2025\/09\/rfiddepo-logo.png\",\"width\":500,\"height\":106,\"caption\":\"%%sitename%%\"},\"image\":{\"@id\":\"https:\/\/rfiddepo.com\/en\/#\/schema\/logo\/image\/\"}}]}<\/script>\n<!-- \/ Yoast SEO plugin. -->","yoast_head_json":{"title":"TSL 1166 Bluetooth UHF RFID El Terminali - RFID Depo","description":"TSL 1166 Bluetooth UHF RFID El Terminali, EPC Sinif 1 Gen 2 (ISO18000-6C) UHF RFID etiketlerini okuyup yazabilen, Bluetooth teknolojisi ile veri aktarimi yapan bir cihazdir. Impinj R2000 \u00e7ekirdegi ve y\u00fcksek performansli antenleri ile g\u00fcvenilir ve hizli performans saglar. Ayrica, 1D\/2D barkod okuyucu ile hizli barkod okuma islemleri yapabilirsiniz.","robots":{"index":"index","follow":"follow","max-snippet":"max-snippet:-1","max-image-preview":"max-image-preview:large","max-video-preview":"max-video-preview:-1"},"canonical":"https:\/\/rfiddepo.com\/en\/urunlerimiz\/tsl-1166-bluetooth-uhf-rfid-el-terminali\/","og_locale":"en_US","og_type":"article","og_title":"TSL 1166 Bluetooth UHF RFID El Terminali - RFID Depo","og_description":"TSL 1166 Bluetooth UHF RFID El Terminali, EPC Sinif 1 Gen 2 (ISO18000-6C) UHF RFID etiketlerini okuyup yazabilen, Bluetooth teknolojisi ile veri aktarimi yapan bir cihazdir. Impinj R2000 \u00e7ekirdegi ve y\u00fcksek performansli antenleri ile g\u00fcvenilir ve hizli performans saglar. Ayrica, 1D\/2D barkod okuyucu ile hizli barkod okuma islemleri yapabilirsiniz.","og_url":"https:\/\/rfiddepo.com\/en\/urunlerimiz\/tsl-1166-bluetooth-uhf-rfid-el-terminali\/","og_site_name":"RFID Depo","article_modified_time":"2025-10-14T15:39:37+00:00","og_image":[{"width":700,"height":660,"url":"https:\/\/rfiddepo.com\/wp-content\/uploads\/2025\/09\/TSL-1166-Bluetooth-UHF-RFID-El-Terminali-rfiddepo.com-1.jpg","type":"image\/jpeg"}],"twitter_card":"summary_large_image","twitter_misc":{"Est. reading time":"2 minutes"},"schema":{"@context":"https:\/\/schema.org","@graph":[{"@type":"WebPage","@id":"https:\/\/rfiddepo.com\/en\/urunlerimiz\/tsl-1166-bluetooth-uhf-rfid-el-terminali\/","url":"https:\/\/rfiddepo.com\/en\/urunlerimiz\/tsl-1166-bluetooth-uhf-rfid-el-terminali\/","name":"TSL 1166 Bluetooth UHF RFID El Terminali - RFID Depo","isPartOf":{"@id":"https:\/\/rfiddepo.com\/en\/#website"},"primaryImageOfPage":{"@id":"https:\/\/rfiddepo.com\/en\/urunlerimiz\/tsl-1166-bluetooth-uhf-rfid-el-terminali\/#primaryimage"},"image":{"@id":"https:\/\/rfiddepo.com\/en\/urunlerimiz\/tsl-1166-bluetooth-uhf-rfid-el-terminali\/#primaryimage"},"thumbnailUrl":"https:\/\/rfiddepo.com\/wp-content\/uploads\/2025\/09\/TSL-1166-Bluetooth-UHF-RFID-El-Terminali-rfiddepo.com-1.jpg","datePublished":"2020-06-25T22:51:22+00:00","dateModified":"2025-10-14T15:39:37+00:00","description":"TSL 1166 Bluetooth UHF RFID El Terminali, EPC Sinif 1 Gen 2 (ISO18000-6C) UHF RFID etiketlerini okuyup yazabilen, Bluetooth teknolojisi ile veri aktarimi yapan bir cihazdir. Impinj R2000 \u00e7ekirdegi ve y\u00fcksek performansli antenleri ile g\u00fcvenilir ve hizli performans saglar. Ayrica, 1D\/2D barkod okuyucu ile hizli barkod okuma islemleri yapabilirsiniz.","breadcrumb":{"@id":"https:\/\/rfiddepo.com\/en\/urunlerimiz\/tsl-1166-bluetooth-uhf-rfid-el-terminali\/#breadcrumb"},"inLanguage":"en-US","potentialAction":[{"@type":"ReadAction","target":["https:\/\/rfiddepo.com\/en\/urunlerimiz\/tsl-1166-bluetooth-uhf-rfid-el-terminali\/"]}]},{"@type":"ImageObject","inLanguage":"en-US","@id":"https:\/\/rfiddepo.com\/en\/urunlerimiz\/tsl-1166-bluetooth-uhf-rfid-el-terminali\/#primaryimage","url":"https:\/\/rfiddepo.com\/wp-content\/uploads\/2025\/09\/TSL-1166-Bluetooth-UHF-RFID-El-Terminali-rfiddepo.com-1.jpg","contentUrl":"https:\/\/rfiddepo.com\/wp-content\/uploads\/2025\/09\/TSL-1166-Bluetooth-UHF-RFID-El-Terminali-rfiddepo.com-1.jpg","width":700,"height":660},{"@type":"BreadcrumbList","@id":"https:\/\/rfiddepo.com\/en\/urunlerimiz\/tsl-1166-bluetooth-uhf-rfid-el-terminali\/#breadcrumb","itemListElement":[{"@type":"ListItem","position":1,"name":"Anasayfa","item":"https:\/\/rfiddepo.com\/en\/"},{"@type":"ListItem","position":2,"name":"Urunler","item":"https:\/\/rfiddepo.com\/urunler\/"},{"@type":"ListItem","position":3,"name":"TSL 1166 Bluetooth UHF RFID El Terminali"}]},{"@type":"WebSite","@id":"https:\/\/rfiddepo.com\/en\/#website","url":"https:\/\/rfiddepo.com\/en\/","name":"RFID Depo","description":"","publisher":{"@id":"https:\/\/rfiddepo.com\/en\/#organization"},"potentialAction":[{"@type":"SearchAction","target":{"@type":"EntryPoint","urlTemplate":"https:\/\/rfiddepo.com\/en\/?s={search_term_string}"},"query-input":{"@type":"PropertyValueSpecification","valueRequired":true,"valueName":"search_term_string"}}],"inLanguage":"en-US"},{"@type":"Organization","@id":"https:\/\/rfiddepo.com\/en\/#organization","name":"%%sitename%%","url":"https:\/\/rfiddepo.com\/en\/","logo":{"@type":"ImageObject","inLanguage":"en-US","@id":"https:\/\/rfiddepo.com\/en\/#\/schema\/logo\/image\/","url":"https:\/\/rfiddepo.com\/wp-content\/uploads\/2025\/09\/rfiddepo-logo.png","contentUrl":"https:\/\/rfiddepo.com\/wp-content\/uploads\/2025\/09\/rfiddepo-logo.png","width":500,"height":106,"caption":"%%sitename%%"},"image":{"@id":"https:\/\/rfiddepo.com\/en\/#\/schema\/logo\/image\/"}}]}},"_links":{"self":[{"href":"https:\/\/rfiddepo.com\/en\/wp-json\/wp\/v2\/product\/10687","targetHints":{"allow":["GET"]}}],"collection":[{"href":"https:\/\/rfiddepo.com\/en\/wp-json\/wp\/v2\/product"}],"about":[{"href":"https:\/\/rfiddepo.com\/en\/wp-json\/wp\/v2\/types\/product"}],"replies":[{"embeddable":true,"href":"https:\/\/rfiddepo.com\/en\/wp-json\/wp\/v2\/comments?post=10687"}],"wp:featuredmedia":[{"embeddable":true,"href":"https:\/\/rfiddepo.com\/en\/wp-json\/wp\/v2\/media\/147604"}],"wp:attachment":[{"href":"https:\/\/rfiddepo.com\/en\/wp-json\/wp\/v2\/media?parent=10687"}],"wp:term":[{"taxonomy":"product_brand","embeddable":true,"href":"https:\/\/rfiddepo.com\/en\/wp-json\/wp\/v2\/product_brand?post=10687"},{"taxonomy":"product_cat","embeddable":true,"href":"https:\/\/rfiddepo.com\/en\/wp-json\/wp\/v2\/product_cat?post=10687"},{"taxonomy":"product_tag","embeddable":true,"href":"https:\/\/rfiddepo.com\/en\/wp-json\/wp\/v2\/product_tag?post=10687"}],"curies":[{"name":"wp","href":"https:\/\/api.w.org\/{rel}","templated":true}]}}