{"id":10683,"date":"2020-06-04T13:15:36","date_gmt":"2020-06-04T13:15:36","guid":{"rendered":"http:\/\/www.test.rfiddepo.com\/?post_type=product&#038;p=10683"},"modified":"2025-10-14T19:08:46","modified_gmt":"2025-10-14T19:08:46","slug":"60x25-mm-metal-ustu-rfid-tag","status":"publish","type":"product","link":"https:\/\/rfiddepo.com\/en\/urunlerimiz\/60x25-mm-metal-ustu-rfid-tag\/","title":{"rendered":"60 \u00d7 25 mm Metal-on RFID tag"},"content":{"rendered":"<table class=\"blueTable\">\n<tbody>\n<tr>\n<td><strong>Product Name<\/strong><\/td>\n<td>60 \u00d7 25 mm Metal-on RFID tag<\/td>\n<\/tr>\n<tr>\n<td><strong>Operating Frequency<\/strong><\/td>\n<td>ETSI 865.6\u2013867.6 MHz or FCC\/IC 902\u2013928 MHz-<\/td>\n<\/tr>\n<tr>\n<td><strong>Dimensions<\/strong><\/td>\n<td>60x 25 x 1 mm<\/td>\n<\/tr>\n<tr>\n<td><strong>Memory<\/strong><\/td>\n<td>EPC \u2013 128(96) bits<br \/>\nUser \u2013 32(64) bits<br \/>\nUnique TID \u2013 48 bits<\/td>\n<\/tr>\n<tr>\n<td><strong>Reading Distance<\/strong><\/td>\n<td>\n<div class=\"spec-content\">\n<p>0-4m<\/p>\n<\/div>\n<\/td>\n<\/tr>\n<tr>\n<td><b>Area of use<\/b><\/td>\n<td>Fixed Asset Tracking Projects, Logistics and Industrial Applications<\/td>\n<\/tr>\n<tr>\n<td><strong>IP Rating<\/strong><\/td>\n<td>IP67<\/td>\n<\/tr>\n<tr>\n<td><strong>Operating Temperature<\/strong><\/td>\n<td>+0 to +25\u00b0C<\/td>\n<\/tr>\n<tr>\n<td><strong>Chip<\/strong><\/td>\n<td>Impinj R6P<\/td>\n<\/tr>\n<tr>\n<td><strong>Brand<br \/>\n<\/strong><\/td>\n<td><a href=\"\/marka\/rfiddepo\/\"><img decoding=\"async\" src=\"https:\/\/rfiddepoweb.workindigi.com\/wp-content\/uploads\/2024\/01\/cropped-PNG-Copy.png\" \/><\/a><\/td>\n<\/tr>\n<\/tbody>\n<\/table>\n<h2 style=\"font-size: 25px;\">60\u00d725 mm Metal Surface-Mount RFID Tag<\/h2>\n<p>60\u00d725 mm Metal-Mounted RFID Tag is a UHF RFID tag equipped with an Impinj chip and can be used effectively on metal surfaces. With an IP67 protection rating, this tag provides high read performance and delivers reliable performance in harsh environmental conditions. It is frequently preferred in fixed asset tracking projects, logistics, and industrial applications.<\/p>\n<h3 style=\"font-size: 25px;\">Key Features<\/h3>\n<ul>\n<li>High performance with Impinj chip<\/li>\n<li>IP67 protection rating<\/li>\n<li>Effective reading on metal surfaces<\/li>\n<li>Ideal for fixed asset tracking, logistics, and industrial applications<\/li>\n<\/ul>\n<h3 style=\"font-size: 25px;\">RFID Tags and Applications<\/h3>\n<p>60\u00d725 mm Metal-Mounted RFID Tag delivers excellent performance on metal surfaces and is a reliable solution for asset tracking systems, logistics management, and industrial applications. It provides effective results in RFID Asset Tracking Systems and other applications.<\/p>","protected":false},"excerpt":{"rendered":"<p>This product, embedded with a 60\u00d725 mm Impinj chip, is frequently used on metal surfaces. It is preferred due to its IP67 rating and excellent reading performance. It is commonly used in fixed asset tracking projects, logistics, and industrial applications.<\/p>\n<div class=\"datasheet\"><a href=\"\/wp-content\/uploads\/2025\/09\/60x25-on-metal-tag-datasheet-rfiddepo.com_.pdf\" target=\"_blank\" class=\"datasheet-btn\" rel=\"noopener\"><br \/>\n\ud83d\udcc4 Datasheet<br \/>\n<\/a><\/div>","protected":false},"featured_media":147608,"comment_status":"closed","ping_status":"closed","template":"","meta":{"_monsterinsights_skip_tracking":false,"_monsterinsights_sitenote_active":false,"_monsterinsights_sitenote_note":"","_monsterinsights_sitenote_category":0},"product_brand":[129],"product_cat":[73,75,72],"product_tag":[290,291,292,293,294],"class_list":{"0":"post-10683","1":"product","2":"type-product","3":"status-publish","4":"has-post-thumbnail","6":"product_brand-rfiddepo","7":"product_cat-demirbas-rfid-tagleri","8":"product_cat-metal-ustu-rfid-tagler-rfid-tagler","9":"product_cat-rfid-tagler","10":"product_tag-60x25mm-tag","11":"product_tag-demirbas-rfid-tag","12":"product_tag-on-metal-rfid-tag","13":"product_tag-rfid-demirbas-etiketleri","14":"product_tag-rfid-metal-ustu-tag","16":"first","17":"instock","18":"shipping-taxable","19":"purchasable","20":"product-type-simple"},"yoast_head":"<!-- This site is optimized with the Yoast SEO plugin v26.6 - https:\/\/yoast.com\/wordpress\/plugins\/seo\/ -->\n<title>60x25 mm Metal \u00fcst\u00fc RFID Tag - RFID Depo<\/title>\n<meta name=\"description\" content=\"60\u00d725 mm Metal \u00dcst\u00fc RFID Tag, Impinj \u00e7ipi ile donatilmis ve metal zeminlerde kullanilmak \u00fczere tasarlanmis bir RFID etikettir. IP67 koruma sinifi ve y\u00fcksek okuma performansi ile demirbas takip, lojistik ve end\u00fcstriyel uygulamalar i\u00e7in idealdir.\" \/>\n<meta name=\"robots\" content=\"index, follow, max-snippet:-1, max-image-preview:large, max-video-preview:-1\" \/>\n<link rel=\"canonical\" href=\"https:\/\/rfiddepo.com\/en\/urunlerimiz\/60x25-mm-metal-ustu-rfid-tag\/\" \/>\n<meta property=\"og:locale\" content=\"en_US\" \/>\n<meta property=\"og:type\" content=\"article\" \/>\n<meta property=\"og:title\" content=\"60x25 mm Metal \u00fcst\u00fc RFID Tag - RFID Depo\" \/>\n<meta property=\"og:description\" content=\"60\u00d725 mm Metal \u00dcst\u00fc RFID Tag, Impinj \u00e7ipi ile donatilmis ve metal zeminlerde kullanilmak \u00fczere tasarlanmis bir RFID etikettir. IP67 koruma sinifi ve y\u00fcksek okuma performansi ile demirbas takip, lojistik ve end\u00fcstriyel uygulamalar i\u00e7in idealdir.\" \/>\n<meta property=\"og:url\" content=\"https:\/\/rfiddepo.com\/en\/urunlerimiz\/60x25-mm-metal-ustu-rfid-tag\/\" \/>\n<meta property=\"og:site_name\" content=\"RFID Depo\" \/>\n<meta property=\"article:modified_time\" content=\"2025-10-14T19:08:46+00:00\" \/>\n<meta property=\"og:image\" content=\"https:\/\/rfiddepo.com\/wp-content\/uploads\/2025\/09\/rfiddepo-60x25-metal-ustu-rfid-tag-1.jpg\" \/>\n\t<meta property=\"og:image:width\" content=\"700\" \/>\n\t<meta property=\"og:image:height\" content=\"660\" \/>\n\t<meta property=\"og:image:type\" content=\"image\/jpeg\" \/>\n<meta name=\"twitter:card\" content=\"summary_large_image\" \/>\n<meta name=\"twitter:label1\" content=\"Est. reading time\" \/>\n\t<meta name=\"twitter:data1\" content=\"1 minute\" \/>\n<script type=\"application\/ld+json\" class=\"yoast-schema-graph\">{\"@context\":\"https:\/\/schema.org\",\"@graph\":[{\"@type\":\"WebPage\",\"@id\":\"https:\/\/rfiddepo.com\/en\/urunlerimiz\/60x25-mm-metal-ustu-rfid-tag\/\",\"url\":\"https:\/\/rfiddepo.com\/en\/urunlerimiz\/60x25-mm-metal-ustu-rfid-tag\/\",\"name\":\"60x25 mm Metal \u00fcst\u00fc RFID Tag - RFID Depo\",\"isPartOf\":{\"@id\":\"https:\/\/rfiddepo.com\/en\/#website\"},\"primaryImageOfPage\":{\"@id\":\"https:\/\/rfiddepo.com\/en\/urunlerimiz\/60x25-mm-metal-ustu-rfid-tag\/#primaryimage\"},\"image\":{\"@id\":\"https:\/\/rfiddepo.com\/en\/urunlerimiz\/60x25-mm-metal-ustu-rfid-tag\/#primaryimage\"},\"thumbnailUrl\":\"https:\/\/rfiddepo.com\/wp-content\/uploads\/2025\/09\/rfiddepo-60x25-metal-ustu-rfid-tag-1.jpg\",\"datePublished\":\"2020-06-04T13:15:36+00:00\",\"dateModified\":\"2025-10-14T19:08:46+00:00\",\"description\":\"60\u00d725 mm Metal \u00dcst\u00fc RFID Tag, Impinj \u00e7ipi ile donatilmis ve metal zeminlerde kullanilmak \u00fczere tasarlanmis bir RFID etikettir. IP67 koruma sinifi ve y\u00fcksek okuma performansi ile demirbas takip, lojistik ve end\u00fcstriyel uygulamalar i\u00e7in idealdir.\",\"breadcrumb\":{\"@id\":\"https:\/\/rfiddepo.com\/en\/urunlerimiz\/60x25-mm-metal-ustu-rfid-tag\/#breadcrumb\"},\"inLanguage\":\"en-US\",\"potentialAction\":[{\"@type\":\"ReadAction\",\"target\":[\"https:\/\/rfiddepo.com\/en\/urunlerimiz\/60x25-mm-metal-ustu-rfid-tag\/\"]}]},{\"@type\":\"ImageObject\",\"inLanguage\":\"en-US\",\"@id\":\"https:\/\/rfiddepo.com\/en\/urunlerimiz\/60x25-mm-metal-ustu-rfid-tag\/#primaryimage\",\"url\":\"https:\/\/rfiddepo.com\/wp-content\/uploads\/2025\/09\/rfiddepo-60x25-metal-ustu-rfid-tag-1.jpg\",\"contentUrl\":\"https:\/\/rfiddepo.com\/wp-content\/uploads\/2025\/09\/rfiddepo-60x25-metal-ustu-rfid-tag-1.jpg\",\"width\":700,\"height\":660},{\"@type\":\"BreadcrumbList\",\"@id\":\"https:\/\/rfiddepo.com\/en\/urunlerimiz\/60x25-mm-metal-ustu-rfid-tag\/#breadcrumb\",\"itemListElement\":[{\"@type\":\"ListItem\",\"position\":1,\"name\":\"Anasayfa\",\"item\":\"https:\/\/rfiddepo.com\/en\/\"},{\"@type\":\"ListItem\",\"position\":2,\"name\":\"Urunler\",\"item\":\"https:\/\/rfiddepo.com\/urunler\/\"},{\"@type\":\"ListItem\",\"position\":3,\"name\":\"60&#215;25 mm Metal \u00fcst\u00fc RFID Tag\"}]},{\"@type\":\"WebSite\",\"@id\":\"https:\/\/rfiddepo.com\/en\/#website\",\"url\":\"https:\/\/rfiddepo.com\/en\/\",\"name\":\"RFID Depo\",\"description\":\"\",\"publisher\":{\"@id\":\"https:\/\/rfiddepo.com\/en\/#organization\"},\"potentialAction\":[{\"@type\":\"SearchAction\",\"target\":{\"@type\":\"EntryPoint\",\"urlTemplate\":\"https:\/\/rfiddepo.com\/en\/?s={search_term_string}\"},\"query-input\":{\"@type\":\"PropertyValueSpecification\",\"valueRequired\":true,\"valueName\":\"search_term_string\"}}],\"inLanguage\":\"en-US\"},{\"@type\":\"Organization\",\"@id\":\"https:\/\/rfiddepo.com\/en\/#organization\",\"name\":\"%%sitename%%\",\"url\":\"https:\/\/rfiddepo.com\/en\/\",\"logo\":{\"@type\":\"ImageObject\",\"inLanguage\":\"en-US\",\"@id\":\"https:\/\/rfiddepo.com\/en\/#\/schema\/logo\/image\/\",\"url\":\"https:\/\/rfiddepo.com\/wp-content\/uploads\/2025\/09\/rfiddepo-logo.png\",\"contentUrl\":\"https:\/\/rfiddepo.com\/wp-content\/uploads\/2025\/09\/rfiddepo-logo.png\",\"width\":500,\"height\":106,\"caption\":\"%%sitename%%\"},\"image\":{\"@id\":\"https:\/\/rfiddepo.com\/en\/#\/schema\/logo\/image\/\"}}]}<\/script>\n<!-- \/ Yoast SEO plugin. -->","yoast_head_json":{"title":"60x25 mm Metal \u00fcst\u00fc RFID Tag - RFID Depo","description":"60\u00d725 mm Metal \u00dcst\u00fc RFID Tag, Impinj \u00e7ipi ile donatilmis ve metal zeminlerde kullanilmak \u00fczere tasarlanmis bir RFID etikettir. IP67 koruma sinifi ve y\u00fcksek okuma performansi ile demirbas takip, lojistik ve end\u00fcstriyel uygulamalar i\u00e7in idealdir.","robots":{"index":"index","follow":"follow","max-snippet":"max-snippet:-1","max-image-preview":"max-image-preview:large","max-video-preview":"max-video-preview:-1"},"canonical":"https:\/\/rfiddepo.com\/en\/urunlerimiz\/60x25-mm-metal-ustu-rfid-tag\/","og_locale":"en_US","og_type":"article","og_title":"60x25 mm Metal \u00fcst\u00fc RFID Tag - RFID Depo","og_description":"60\u00d725 mm Metal \u00dcst\u00fc RFID Tag, Impinj \u00e7ipi ile donatilmis ve metal zeminlerde kullanilmak \u00fczere tasarlanmis bir RFID etikettir. IP67 koruma sinifi ve y\u00fcksek okuma performansi ile demirbas takip, lojistik ve end\u00fcstriyel uygulamalar i\u00e7in idealdir.","og_url":"https:\/\/rfiddepo.com\/en\/urunlerimiz\/60x25-mm-metal-ustu-rfid-tag\/","og_site_name":"RFID Depo","article_modified_time":"2025-10-14T19:08:46+00:00","og_image":[{"width":700,"height":660,"url":"https:\/\/rfiddepo.com\/wp-content\/uploads\/2025\/09\/rfiddepo-60x25-metal-ustu-rfid-tag-1.jpg","type":"image\/jpeg"}],"twitter_card":"summary_large_image","twitter_misc":{"Est. reading time":"1 minute"},"schema":{"@context":"https:\/\/schema.org","@graph":[{"@type":"WebPage","@id":"https:\/\/rfiddepo.com\/en\/urunlerimiz\/60x25-mm-metal-ustu-rfid-tag\/","url":"https:\/\/rfiddepo.com\/en\/urunlerimiz\/60x25-mm-metal-ustu-rfid-tag\/","name":"60x25 mm Metal \u00fcst\u00fc RFID Tag - RFID Depo","isPartOf":{"@id":"https:\/\/rfiddepo.com\/en\/#website"},"primaryImageOfPage":{"@id":"https:\/\/rfiddepo.com\/en\/urunlerimiz\/60x25-mm-metal-ustu-rfid-tag\/#primaryimage"},"image":{"@id":"https:\/\/rfiddepo.com\/en\/urunlerimiz\/60x25-mm-metal-ustu-rfid-tag\/#primaryimage"},"thumbnailUrl":"https:\/\/rfiddepo.com\/wp-content\/uploads\/2025\/09\/rfiddepo-60x25-metal-ustu-rfid-tag-1.jpg","datePublished":"2020-06-04T13:15:36+00:00","dateModified":"2025-10-14T19:08:46+00:00","description":"60\u00d725 mm Metal \u00dcst\u00fc RFID Tag, Impinj \u00e7ipi ile donatilmis ve metal zeminlerde kullanilmak \u00fczere tasarlanmis bir RFID etikettir. IP67 koruma sinifi ve y\u00fcksek okuma performansi ile demirbas takip, lojistik ve end\u00fcstriyel uygulamalar i\u00e7in idealdir.","breadcrumb":{"@id":"https:\/\/rfiddepo.com\/en\/urunlerimiz\/60x25-mm-metal-ustu-rfid-tag\/#breadcrumb"},"inLanguage":"en-US","potentialAction":[{"@type":"ReadAction","target":["https:\/\/rfiddepo.com\/en\/urunlerimiz\/60x25-mm-metal-ustu-rfid-tag\/"]}]},{"@type":"ImageObject","inLanguage":"en-US","@id":"https:\/\/rfiddepo.com\/en\/urunlerimiz\/60x25-mm-metal-ustu-rfid-tag\/#primaryimage","url":"https:\/\/rfiddepo.com\/wp-content\/uploads\/2025\/09\/rfiddepo-60x25-metal-ustu-rfid-tag-1.jpg","contentUrl":"https:\/\/rfiddepo.com\/wp-content\/uploads\/2025\/09\/rfiddepo-60x25-metal-ustu-rfid-tag-1.jpg","width":700,"height":660},{"@type":"BreadcrumbList","@id":"https:\/\/rfiddepo.com\/en\/urunlerimiz\/60x25-mm-metal-ustu-rfid-tag\/#breadcrumb","itemListElement":[{"@type":"ListItem","position":1,"name":"Anasayfa","item":"https:\/\/rfiddepo.com\/en\/"},{"@type":"ListItem","position":2,"name":"Urunler","item":"https:\/\/rfiddepo.com\/urunler\/"},{"@type":"ListItem","position":3,"name":"60&#215;25 mm Metal \u00fcst\u00fc RFID Tag"}]},{"@type":"WebSite","@id":"https:\/\/rfiddepo.com\/en\/#website","url":"https:\/\/rfiddepo.com\/en\/","name":"RFID Depo","description":"","publisher":{"@id":"https:\/\/rfiddepo.com\/en\/#organization"},"potentialAction":[{"@type":"SearchAction","target":{"@type":"EntryPoint","urlTemplate":"https:\/\/rfiddepo.com\/en\/?s={search_term_string}"},"query-input":{"@type":"PropertyValueSpecification","valueRequired":true,"valueName":"search_term_string"}}],"inLanguage":"en-US"},{"@type":"Organization","@id":"https:\/\/rfiddepo.com\/en\/#organization","name":"%%sitename%%","url":"https:\/\/rfiddepo.com\/en\/","logo":{"@type":"ImageObject","inLanguage":"en-US","@id":"https:\/\/rfiddepo.com\/en\/#\/schema\/logo\/image\/","url":"https:\/\/rfiddepo.com\/wp-content\/uploads\/2025\/09\/rfiddepo-logo.png","contentUrl":"https:\/\/rfiddepo.com\/wp-content\/uploads\/2025\/09\/rfiddepo-logo.png","width":500,"height":106,"caption":"%%sitename%%"},"image":{"@id":"https:\/\/rfiddepo.com\/en\/#\/schema\/logo\/image\/"}}]}},"_links":{"self":[{"href":"https:\/\/rfiddepo.com\/en\/wp-json\/wp\/v2\/product\/10683","targetHints":{"allow":["GET"]}}],"collection":[{"href":"https:\/\/rfiddepo.com\/en\/wp-json\/wp\/v2\/product"}],"about":[{"href":"https:\/\/rfiddepo.com\/en\/wp-json\/wp\/v2\/types\/product"}],"replies":[{"embeddable":true,"href":"https:\/\/rfiddepo.com\/en\/wp-json\/wp\/v2\/comments?post=10683"}],"wp:featuredmedia":[{"embeddable":true,"href":"https:\/\/rfiddepo.com\/en\/wp-json\/wp\/v2\/media\/147608"}],"wp:attachment":[{"href":"https:\/\/rfiddepo.com\/en\/wp-json\/wp\/v2\/media?parent=10683"}],"wp:term":[{"taxonomy":"product_brand","embeddable":true,"href":"https:\/\/rfiddepo.com\/en\/wp-json\/wp\/v2\/product_brand?post=10683"},{"taxonomy":"product_cat","embeddable":true,"href":"https:\/\/rfiddepo.com\/en\/wp-json\/wp\/v2\/product_cat?post=10683"},{"taxonomy":"product_tag","embeddable":true,"href":"https:\/\/rfiddepo.com\/en\/wp-json\/wp\/v2\/product_tag?post=10683"}],"curies":[{"name":"wp","href":"https:\/\/api.w.org\/{rel}","templated":true}]}}