{"id":10677,"date":"2020-06-04T12:49:52","date_gmt":"2020-06-04T12:49:52","guid":{"rendered":"http:\/\/www.test.rfiddepo.com\/?post_type=product&#038;p=10677"},"modified":"2025-10-22T09:14:48","modified_gmt":"2025-10-22T09:14:48","slug":"71x35mm-rfid-kuyum-etiketi","status":"publish","type":"product","link":"https:\/\/rfiddepo.com\/en\/urunlerimiz\/71x35mm-rfid-kuyum-etiketi\/","title":{"rendered":"71x35mm RFID Jewelry Tag"},"content":{"rendered":"<table class=\"blueTable\">\n<tbody>\n<tr>\n<td><strong>Product Name<\/strong><\/td>\n<td>71x35mm RFID Jewelry Tag<\/td>\n<\/tr>\n<tr>\n<td><strong>Operating Frequency<\/strong><\/td>\n<td>ETSI 865.6\u2013867.6 MHz or FCC\/IC 902\u2013928 MHz-<\/td>\n<\/tr>\n<tr>\n<td><strong>Dimensions<\/strong><\/td>\n<td>71\u00d735 mm<\/td>\n<\/tr>\n<tr>\n<td><strong>Memory<\/strong><\/td>\n<td>128 Bits EPC,48 Bits TID<\/td>\n<\/tr>\n<tr>\n<td><strong>Reading Distance<\/strong><\/td>\n<td>\n<div class=\"spec-content\">\n<p>0-4m<\/p>\n<\/div>\n<\/td>\n<\/tr>\n<tr>\n<td><strong>Area of Use<\/strong><\/td>\n<td>Jeweler, Eyewear<\/td>\n<\/tr>\n<tr>\n<td><strong>Chip<\/strong><\/td>\n<td>Impinj M5<\/td>\n<\/tr>\n<tr>\n<td><strong>Brand<br \/>\n<\/strong><\/td>\n<td><a href=\"\/marka\/rfiddepo\/\"><img decoding=\"async\" src=\"https:\/\/rfiddepoweb.workindigi.com\/wp-content\/uploads\/2024\/01\/cropped-PNG-Copy.png\" \/><\/a><\/td>\n<\/tr>\n<\/tbody>\n<\/table>\n<h2 style=\"font-size: 25px;\">71x35mm RFID Jewelry Tag<\/h2>\n<p>71x35mm RFID Jewelry Tag is a UHF RFID tag equipped with an Impinj chip. This tag is specifically designed for the jewelry industry and offers high performance. Known as a jewelry tag, this product enables the tracking and management of valuable items.<\/p>\n<h3 style=\"font-size: 25px;\">Key Features<\/h3>\n<ul>\n<li>High performance with Impinj chip<\/li>\n<li>UHF RFID technology<\/li>\n<li>Design specifically for the jewelry industry<\/li>\n<\/ul>\n<h3 style=\"font-size: 25px;\">Applications of RFID Tags<\/h3>\n<p>The 71x35mm RFID Jewelry Tag is ideal for tracking and managing valuable items in the jewelry industry. It delivers reliable performance in RFID Jewelry Solutions and other jewelry applications.<\/p>","protected":false},"excerpt":{"rendered":"<p>Impinj \u00e7ipi g\u00f6m\u00fcl\u00fc UHF RFID etiketidir. Kuyum etiketi olarak bilinir.<\/p>\n<div class=\"datasheet\"><a href=\"\/wp-content\/uploads\/2025\/10\/71x35mm-RFID-Kuyum-Etiketi.pdf\" target=\"_blank\" class=\"datasheet-btn\" rel=\"noopener\"><br \/>\n\ud83d\udcc4 Datasheet<br \/>\n<\/a><\/div>","protected":false},"featured_media":147611,"comment_status":"closed","ping_status":"closed","template":"","meta":{"_monsterinsights_skip_tracking":false,"_monsterinsights_sitenote_active":false,"_monsterinsights_sitenote_note":"","_monsterinsights_sitenote_category":0},"product_brand":[127,129],"product_cat":[37,67,28],"product_tag":[116,117,113,118,114,115,86,119],"class_list":{"0":"post-10677","1":"product","2":"type-product","3":"status-publish","4":"has-post-thumbnail","6":"product_brand-impinj","7":"product_brand-rfiddepo","8":"product_cat-rfid-etiketler","9":"product_cat-rfid-kuyum-etiketleri","10":"product_cat-uhf-rfid-etiketler","11":"product_tag-kuyumcu-etiketi","12":"product_tag-rfid","13":"product_tag-rfid-depo","14":"product_tag-rfid-kuyum-etiketi","15":"product_tag-rfid-okuyucu","16":"product_tag-rfid-reader","17":"product_tag-uhf-rfid-etiket","18":"product_tag-uhf-rfid-kuyumcu-etiketi","20":"first","21":"instock","22":"shipping-taxable","23":"purchasable","24":"product-type-simple"},"yoast_head":"<!-- This site is optimized with the Yoast SEO plugin v26.6 - https:\/\/yoast.com\/wordpress\/plugins\/seo\/ -->\n<title>71x35mm RFID Kuyum Etiketi - RFID Depo<\/title>\n<meta name=\"description\" content=\"71x35mm RFID Kuyum Etiketi, Impinj \u00e7ipi ile donatilmis UHF RFID etiketidir. \u00d6zellikle kuyumculuk sekt\u00f6r\u00fcnde kullanilir ve y\u00fcksek performansli bir etiket \u00e7\u00f6z\u00fcm\u00fcd\u00fcr.\" \/>\n<meta name=\"robots\" content=\"index, follow, max-snippet:-1, max-image-preview:large, max-video-preview:-1\" \/>\n<link rel=\"canonical\" href=\"https:\/\/rfiddepo.com\/en\/urunlerimiz\/71x35mm-rfid-kuyum-etiketi\/\" \/>\n<meta property=\"og:locale\" content=\"en_US\" \/>\n<meta property=\"og:type\" content=\"article\" \/>\n<meta property=\"og:title\" content=\"71x35mm RFID Kuyum Etiketi - RFID Depo\" \/>\n<meta property=\"og:description\" content=\"71x35mm RFID Kuyum Etiketi, Impinj \u00e7ipi ile donatilmis UHF RFID etiketidir. \u00d6zellikle kuyumculuk sekt\u00f6r\u00fcnde kullanilir ve y\u00fcksek performansli bir etiket \u00e7\u00f6z\u00fcm\u00fcd\u00fcr.\" \/>\n<meta property=\"og:url\" content=\"https:\/\/rfiddepo.com\/en\/urunlerimiz\/71x35mm-rfid-kuyum-etiketi\/\" \/>\n<meta property=\"og:site_name\" content=\"RFID Depo\" \/>\n<meta property=\"article:modified_time\" content=\"2025-10-22T09:14:48+00:00\" \/>\n<meta property=\"og:image\" content=\"https:\/\/rfiddepo.com\/wp-content\/uploads\/2025\/09\/rfiddepo-rfid-kuyum-etiketi-71x35-1.jpg\" \/>\n\t<meta property=\"og:image:width\" content=\"700\" \/>\n\t<meta property=\"og:image:height\" content=\"660\" \/>\n\t<meta property=\"og:image:type\" content=\"image\/jpeg\" \/>\n<meta name=\"twitter:card\" content=\"summary_large_image\" \/>\n<meta name=\"twitter:label1\" content=\"Est. reading time\" \/>\n\t<meta name=\"twitter:data1\" content=\"2 minutes\" \/>\n<script type=\"application\/ld+json\" class=\"yoast-schema-graph\">{\"@context\":\"https:\/\/schema.org\",\"@graph\":[{\"@type\":\"WebPage\",\"@id\":\"https:\/\/rfiddepo.com\/en\/urunlerimiz\/71x35mm-rfid-kuyum-etiketi\/\",\"url\":\"https:\/\/rfiddepo.com\/en\/urunlerimiz\/71x35mm-rfid-kuyum-etiketi\/\",\"name\":\"71x35mm RFID Kuyum Etiketi - RFID Depo\",\"isPartOf\":{\"@id\":\"https:\/\/rfiddepo.com\/en\/#website\"},\"primaryImageOfPage\":{\"@id\":\"https:\/\/rfiddepo.com\/en\/urunlerimiz\/71x35mm-rfid-kuyum-etiketi\/#primaryimage\"},\"image\":{\"@id\":\"https:\/\/rfiddepo.com\/en\/urunlerimiz\/71x35mm-rfid-kuyum-etiketi\/#primaryimage\"},\"thumbnailUrl\":\"https:\/\/rfiddepo.com\/wp-content\/uploads\/2025\/09\/rfiddepo-rfid-kuyum-etiketi-71x35-1.jpg\",\"datePublished\":\"2020-06-04T12:49:52+00:00\",\"dateModified\":\"2025-10-22T09:14:48+00:00\",\"description\":\"71x35mm RFID Kuyum Etiketi, Impinj \u00e7ipi ile donatilmis UHF RFID etiketidir. \u00d6zellikle kuyumculuk sekt\u00f6r\u00fcnde kullanilir ve y\u00fcksek performansli bir etiket \u00e7\u00f6z\u00fcm\u00fcd\u00fcr.\",\"breadcrumb\":{\"@id\":\"https:\/\/rfiddepo.com\/en\/urunlerimiz\/71x35mm-rfid-kuyum-etiketi\/#breadcrumb\"},\"inLanguage\":\"en-US\",\"potentialAction\":[{\"@type\":\"ReadAction\",\"target\":[\"https:\/\/rfiddepo.com\/en\/urunlerimiz\/71x35mm-rfid-kuyum-etiketi\/\"]}]},{\"@type\":\"ImageObject\",\"inLanguage\":\"en-US\",\"@id\":\"https:\/\/rfiddepo.com\/en\/urunlerimiz\/71x35mm-rfid-kuyum-etiketi\/#primaryimage\",\"url\":\"https:\/\/rfiddepo.com\/wp-content\/uploads\/2025\/09\/rfiddepo-rfid-kuyum-etiketi-71x35-1.jpg\",\"contentUrl\":\"https:\/\/rfiddepo.com\/wp-content\/uploads\/2025\/09\/rfiddepo-rfid-kuyum-etiketi-71x35-1.jpg\",\"width\":700,\"height\":660},{\"@type\":\"BreadcrumbList\",\"@id\":\"https:\/\/rfiddepo.com\/en\/urunlerimiz\/71x35mm-rfid-kuyum-etiketi\/#breadcrumb\",\"itemListElement\":[{\"@type\":\"ListItem\",\"position\":1,\"name\":\"Anasayfa\",\"item\":\"https:\/\/rfiddepo.com\/en\/\"},{\"@type\":\"ListItem\",\"position\":2,\"name\":\"Urunler\",\"item\":\"https:\/\/rfiddepo.com\/urunler\/\"},{\"@type\":\"ListItem\",\"position\":3,\"name\":\"71x35mm RFID Kuyum Etiketi\"}]},{\"@type\":\"WebSite\",\"@id\":\"https:\/\/rfiddepo.com\/en\/#website\",\"url\":\"https:\/\/rfiddepo.com\/en\/\",\"name\":\"RFID Depo\",\"description\":\"\",\"publisher\":{\"@id\":\"https:\/\/rfiddepo.com\/en\/#organization\"},\"potentialAction\":[{\"@type\":\"SearchAction\",\"target\":{\"@type\":\"EntryPoint\",\"urlTemplate\":\"https:\/\/rfiddepo.com\/en\/?s={search_term_string}\"},\"query-input\":{\"@type\":\"PropertyValueSpecification\",\"valueRequired\":true,\"valueName\":\"search_term_string\"}}],\"inLanguage\":\"en-US\"},{\"@type\":\"Organization\",\"@id\":\"https:\/\/rfiddepo.com\/en\/#organization\",\"name\":\"%%sitename%%\",\"url\":\"https:\/\/rfiddepo.com\/en\/\",\"logo\":{\"@type\":\"ImageObject\",\"inLanguage\":\"en-US\",\"@id\":\"https:\/\/rfiddepo.com\/en\/#\/schema\/logo\/image\/\",\"url\":\"https:\/\/rfiddepo.com\/wp-content\/uploads\/2025\/09\/rfiddepo-logo.png\",\"contentUrl\":\"https:\/\/rfiddepo.com\/wp-content\/uploads\/2025\/09\/rfiddepo-logo.png\",\"width\":500,\"height\":106,\"caption\":\"%%sitename%%\"},\"image\":{\"@id\":\"https:\/\/rfiddepo.com\/en\/#\/schema\/logo\/image\/\"}}]}<\/script>\n<!-- \/ Yoast SEO plugin. -->","yoast_head_json":{"title":"71x35mm RFID Kuyum Etiketi - RFID Depo","description":"71x35mm RFID Kuyum Etiketi, Impinj \u00e7ipi ile donatilmis UHF RFID etiketidir. \u00d6zellikle kuyumculuk sekt\u00f6r\u00fcnde kullanilir ve y\u00fcksek performansli bir etiket \u00e7\u00f6z\u00fcm\u00fcd\u00fcr.","robots":{"index":"index","follow":"follow","max-snippet":"max-snippet:-1","max-image-preview":"max-image-preview:large","max-video-preview":"max-video-preview:-1"},"canonical":"https:\/\/rfiddepo.com\/en\/urunlerimiz\/71x35mm-rfid-kuyum-etiketi\/","og_locale":"en_US","og_type":"article","og_title":"71x35mm RFID Kuyum Etiketi - RFID Depo","og_description":"71x35mm RFID Kuyum Etiketi, Impinj \u00e7ipi ile donatilmis UHF RFID etiketidir. \u00d6zellikle kuyumculuk sekt\u00f6r\u00fcnde kullanilir ve y\u00fcksek performansli bir etiket \u00e7\u00f6z\u00fcm\u00fcd\u00fcr.","og_url":"https:\/\/rfiddepo.com\/en\/urunlerimiz\/71x35mm-rfid-kuyum-etiketi\/","og_site_name":"RFID Depo","article_modified_time":"2025-10-22T09:14:48+00:00","og_image":[{"width":700,"height":660,"url":"https:\/\/rfiddepo.com\/wp-content\/uploads\/2025\/09\/rfiddepo-rfid-kuyum-etiketi-71x35-1.jpg","type":"image\/jpeg"}],"twitter_card":"summary_large_image","twitter_misc":{"Est. reading time":"2 minutes"},"schema":{"@context":"https:\/\/schema.org","@graph":[{"@type":"WebPage","@id":"https:\/\/rfiddepo.com\/en\/urunlerimiz\/71x35mm-rfid-kuyum-etiketi\/","url":"https:\/\/rfiddepo.com\/en\/urunlerimiz\/71x35mm-rfid-kuyum-etiketi\/","name":"71x35mm RFID Kuyum Etiketi - RFID Depo","isPartOf":{"@id":"https:\/\/rfiddepo.com\/en\/#website"},"primaryImageOfPage":{"@id":"https:\/\/rfiddepo.com\/en\/urunlerimiz\/71x35mm-rfid-kuyum-etiketi\/#primaryimage"},"image":{"@id":"https:\/\/rfiddepo.com\/en\/urunlerimiz\/71x35mm-rfid-kuyum-etiketi\/#primaryimage"},"thumbnailUrl":"https:\/\/rfiddepo.com\/wp-content\/uploads\/2025\/09\/rfiddepo-rfid-kuyum-etiketi-71x35-1.jpg","datePublished":"2020-06-04T12:49:52+00:00","dateModified":"2025-10-22T09:14:48+00:00","description":"71x35mm RFID Kuyum Etiketi, Impinj \u00e7ipi ile donatilmis UHF RFID etiketidir. \u00d6zellikle kuyumculuk sekt\u00f6r\u00fcnde kullanilir ve y\u00fcksek performansli bir etiket \u00e7\u00f6z\u00fcm\u00fcd\u00fcr.","breadcrumb":{"@id":"https:\/\/rfiddepo.com\/en\/urunlerimiz\/71x35mm-rfid-kuyum-etiketi\/#breadcrumb"},"inLanguage":"en-US","potentialAction":[{"@type":"ReadAction","target":["https:\/\/rfiddepo.com\/en\/urunlerimiz\/71x35mm-rfid-kuyum-etiketi\/"]}]},{"@type":"ImageObject","inLanguage":"en-US","@id":"https:\/\/rfiddepo.com\/en\/urunlerimiz\/71x35mm-rfid-kuyum-etiketi\/#primaryimage","url":"https:\/\/rfiddepo.com\/wp-content\/uploads\/2025\/09\/rfiddepo-rfid-kuyum-etiketi-71x35-1.jpg","contentUrl":"https:\/\/rfiddepo.com\/wp-content\/uploads\/2025\/09\/rfiddepo-rfid-kuyum-etiketi-71x35-1.jpg","width":700,"height":660},{"@type":"BreadcrumbList","@id":"https:\/\/rfiddepo.com\/en\/urunlerimiz\/71x35mm-rfid-kuyum-etiketi\/#breadcrumb","itemListElement":[{"@type":"ListItem","position":1,"name":"Anasayfa","item":"https:\/\/rfiddepo.com\/en\/"},{"@type":"ListItem","position":2,"name":"Urunler","item":"https:\/\/rfiddepo.com\/urunler\/"},{"@type":"ListItem","position":3,"name":"71x35mm RFID Kuyum Etiketi"}]},{"@type":"WebSite","@id":"https:\/\/rfiddepo.com\/en\/#website","url":"https:\/\/rfiddepo.com\/en\/","name":"RFID Depo","description":"","publisher":{"@id":"https:\/\/rfiddepo.com\/en\/#organization"},"potentialAction":[{"@type":"SearchAction","target":{"@type":"EntryPoint","urlTemplate":"https:\/\/rfiddepo.com\/en\/?s={search_term_string}"},"query-input":{"@type":"PropertyValueSpecification","valueRequired":true,"valueName":"search_term_string"}}],"inLanguage":"en-US"},{"@type":"Organization","@id":"https:\/\/rfiddepo.com\/en\/#organization","name":"%%sitename%%","url":"https:\/\/rfiddepo.com\/en\/","logo":{"@type":"ImageObject","inLanguage":"en-US","@id":"https:\/\/rfiddepo.com\/en\/#\/schema\/logo\/image\/","url":"https:\/\/rfiddepo.com\/wp-content\/uploads\/2025\/09\/rfiddepo-logo.png","contentUrl":"https:\/\/rfiddepo.com\/wp-content\/uploads\/2025\/09\/rfiddepo-logo.png","width":500,"height":106,"caption":"%%sitename%%"},"image":{"@id":"https:\/\/rfiddepo.com\/en\/#\/schema\/logo\/image\/"}}]}},"_links":{"self":[{"href":"https:\/\/rfiddepo.com\/en\/wp-json\/wp\/v2\/product\/10677","targetHints":{"allow":["GET"]}}],"collection":[{"href":"https:\/\/rfiddepo.com\/en\/wp-json\/wp\/v2\/product"}],"about":[{"href":"https:\/\/rfiddepo.com\/en\/wp-json\/wp\/v2\/types\/product"}],"replies":[{"embeddable":true,"href":"https:\/\/rfiddepo.com\/en\/wp-json\/wp\/v2\/comments?post=10677"}],"wp:featuredmedia":[{"embeddable":true,"href":"https:\/\/rfiddepo.com\/en\/wp-json\/wp\/v2\/media\/147611"}],"wp:attachment":[{"href":"https:\/\/rfiddepo.com\/en\/wp-json\/wp\/v2\/media?parent=10677"}],"wp:term":[{"taxonomy":"product_brand","embeddable":true,"href":"https:\/\/rfiddepo.com\/en\/wp-json\/wp\/v2\/product_brand?post=10677"},{"taxonomy":"product_cat","embeddable":true,"href":"https:\/\/rfiddepo.com\/en\/wp-json\/wp\/v2\/product_cat?post=10677"},{"taxonomy":"product_tag","embeddable":true,"href":"https:\/\/rfiddepo.com\/en\/wp-json\/wp\/v2\/product_tag?post=10677"}],"curies":[{"name":"wp","href":"https:\/\/api.w.org\/{rel}","templated":true}]}}