{"id":10661,"date":"2020-05-15T01:27:02","date_gmt":"2020-05-15T01:27:02","guid":{"rendered":"http:\/\/www.test.rfiddepo.com\/?post_type=product&#038;p=10661"},"modified":"2025-10-22T09:08:36","modified_gmt":"2025-10-22T09:08:36","slug":"rd-02-laundry-yikanabilir-rfid-tag","status":"publish","type":"product","link":"https:\/\/rfiddepo.com\/en\/urunlerimiz\/rd-02-laundry-yikanabilir-rfid-tag\/","title":{"rendered":"RD-02 Laundry Washable RFID Tag"},"content":{"rendered":"<p>&nbsp;<\/p>\n<table class=\"blueTable\">\n<tbody>\n<tr>\n<td><strong>Product Name<\/strong><\/td>\n<td>RD-02 Laundry Washable RFID Tag<\/td>\n<\/tr>\n<tr>\n<td><strong>Operating Frequency<\/strong><\/td>\n<td>ETSI 865.6\u2013867.6 MHz or FCC\/IC 902\u2013928 MHz-<\/td>\n<\/tr>\n<tr>\n<td><strong>Dimensions<\/strong><\/td>\n<td>55x20x15 mm<\/td>\n<\/tr>\n<tr>\n<td><strong>Memory<\/strong><\/td>\n<td>128 Bits EPC,128 Bits TID<\/td>\n<\/tr>\n<tr>\n<td><strong>Reading Distance<\/strong><\/td>\n<td>\n<div class=\"spec-content\">\n<p>0-5m<\/p>\n<\/div>\n<\/td>\n<\/tr>\n<tr>\n<td><b>Number of Washes<\/b><\/td>\n<td>200 washes<\/td>\n<\/tr>\n<tr>\n<td><strong>Resistance<\/strong><\/td>\n<td>70 Bar Pressure Resistant<\/td>\n<\/tr>\n<tr>\n<td><strong>Area of Use<\/strong><\/td>\n<td>Textiles, Laundry<\/td>\n<\/tr>\n<tr>\n<td><strong>Chip<\/strong><\/td>\n<td>Impinj R6P<\/td>\n<\/tr>\n<tr>\n<td><strong>Brand<br \/>\n<\/strong><\/td>\n<td><a href=\"\/marka\/rfiddepo\/\"><img decoding=\"async\" src=\"https:\/\/rfiddepoweb.workindigi.com\/wp-content\/uploads\/2024\/01\/cropped-PNG-Copy.png\" \/><\/a><\/td>\n<\/tr>\n<\/tbody>\n<\/table>\n<h2 style=\"font-size: 25px;\">RD-02 Laundry Washable RFID Tag<\/h2>\n<p>RD-02 Laundry RFID Tag is a UHF RFID tag equipped with an Impinj chip and resistant to washing processes. It is commonly used in laundry areas and has a wide range of applications worldwide. This tag is known for its high durability and reliable performance.<\/p>\n<h3 style=\"font-size: 25px;\">Key Features<\/h3>\n<ul>\n<li>High performance with Impinj chip<\/li>\n<li>Durable construction suitable for washing areas<\/li>\n<li>Wide range of applications and global implementation<\/li>\n<\/ul>\n<h3 style=\"font-size: 25px;\">RFID Tags and Applications<\/h3>\n<p>RD-02 Laundry RFID Tag is specifically designed for use in laundry management systems, laundromats, and the textile industry. It delivers excellent results in RFID Laundry Management Systems and other RFID solutions.<\/p>","protected":false},"excerpt":{"rendered":"<p>It is an UHF RFID Laundry Tag with an embedded Impinj chip. It is commonly known as an RFID Tag used in the laundry area. It is widely used in this field worldwide.<\/p>\n<div class=\"datasheet\"><a href=\"\/wp-content\/uploads\/2025\/10\/RD-02-Laundry-Yikanabilir-RFID-Tag.pdf\" target=\"_blank\" class=\"datasheet-btn\" rel=\"noopener\"><br \/>\n\ud83d\udcc4 Datasheet<br \/>\n<\/a><\/div>","protected":false},"featured_media":148918,"comment_status":"closed","ping_status":"closed","template":"","meta":{"_monsterinsights_skip_tracking":false,"_monsterinsights_sitenote_active":false,"_monsterinsights_sitenote_note":"","_monsterinsights_sitenote_category":0},"product_brand":[129],"product_cat":[74,72],"product_tag":[153,154,146,184,185],"class_list":{"0":"post-10661","1":"product","2":"type-product","3":"status-publish","4":"has-post-thumbnail","6":"product_brand-rfiddepo","7":"product_cat-laundry-yikanabilir-rfid-tagler-rfid-tagler","8":"product_cat-rfid-tagler","9":"product_tag-laundry-system","10":"product_tag-rfid-laundry-tag","11":"product_tag-rfid-tag","12":"product_tag-rfid-yikama-etiketi","13":"product_tag-yikama-tagi","15":"first","16":"instock","17":"shipping-taxable","18":"purchasable","19":"product-type-simple"},"yoast_head":"<!-- This site is optimized with the Yoast SEO plugin v26.6 - https:\/\/yoast.com\/wordpress\/plugins\/seo\/ -->\n<title>RD-02 Laundry Y\u0131kanabilir RFID Tag - RFID Depo<\/title>\n<meta name=\"description\" content=\"RD-02 Laundry RFID Tag, Impinj \u00e7ipi ile donatilmis, yikama alanlarinda kullanilabilen dayanikli bir UHF RFID etiketidir. D\u00fcnya \u00e7apinda genis bir kullanim alanina sahiptir.\" \/>\n<meta name=\"robots\" content=\"index, follow, max-snippet:-1, max-image-preview:large, max-video-preview:-1\" \/>\n<link rel=\"canonical\" href=\"https:\/\/rfiddepo.com\/en\/urunlerimiz\/rd-02-laundry-yikanabilir-rfid-tag\/\" \/>\n<meta property=\"og:locale\" content=\"en_US\" \/>\n<meta property=\"og:type\" content=\"article\" \/>\n<meta property=\"og:title\" content=\"RD-02 Laundry Y\u0131kanabilir RFID Tag - RFID Depo\" \/>\n<meta property=\"og:description\" content=\"RD-02 Laundry RFID Tag, Impinj \u00e7ipi ile donatilmis, yikama alanlarinda kullanilabilen dayanikli bir UHF RFID etiketidir. D\u00fcnya \u00e7apinda genis bir kullanim alanina sahiptir.\" \/>\n<meta property=\"og:url\" content=\"https:\/\/rfiddepo.com\/en\/urunlerimiz\/rd-02-laundry-yikanabilir-rfid-tag\/\" \/>\n<meta property=\"og:site_name\" content=\"RFID Depo\" \/>\n<meta property=\"article:modified_time\" content=\"2025-10-22T09:08:36+00:00\" \/>\n<meta property=\"og:image\" content=\"https:\/\/rfiddepo.com\/wp-content\/uploads\/2020\/05\/RFID-laundry-tag70x10\uff08iron\uff09-1-1.webp\" \/>\n\t<meta property=\"og:image:width\" content=\"800\" \/>\n\t<meta property=\"og:image:height\" content=\"800\" \/>\n\t<meta property=\"og:image:type\" content=\"image\/webp\" \/>\n<meta name=\"twitter:card\" content=\"summary_large_image\" \/>\n<meta name=\"twitter:label1\" content=\"Est. reading time\" \/>\n\t<meta name=\"twitter:data1\" content=\"2 minutes\" \/>\n<script type=\"application\/ld+json\" class=\"yoast-schema-graph\">{\"@context\":\"https:\/\/schema.org\",\"@graph\":[{\"@type\":\"WebPage\",\"@id\":\"https:\/\/rfiddepo.com\/en\/urunlerimiz\/rd-02-laundry-yikanabilir-rfid-tag\/\",\"url\":\"https:\/\/rfiddepo.com\/en\/urunlerimiz\/rd-02-laundry-yikanabilir-rfid-tag\/\",\"name\":\"RD-02 Laundry Y\u0131kanabilir RFID Tag - RFID Depo\",\"isPartOf\":{\"@id\":\"https:\/\/rfiddepo.com\/en\/#website\"},\"primaryImageOfPage\":{\"@id\":\"https:\/\/rfiddepo.com\/en\/urunlerimiz\/rd-02-laundry-yikanabilir-rfid-tag\/#primaryimage\"},\"image\":{\"@id\":\"https:\/\/rfiddepo.com\/en\/urunlerimiz\/rd-02-laundry-yikanabilir-rfid-tag\/#primaryimage\"},\"thumbnailUrl\":\"https:\/\/rfiddepo.com\/wp-content\/uploads\/2020\/05\/RFID-laundry-tag70x10\uff08iron\uff09-1-1.webp\",\"datePublished\":\"2020-05-15T01:27:02+00:00\",\"dateModified\":\"2025-10-22T09:08:36+00:00\",\"description\":\"RD-02 Laundry RFID Tag, Impinj \u00e7ipi ile donatilmis, yikama alanlarinda kullanilabilen dayanikli bir UHF RFID etiketidir. D\u00fcnya \u00e7apinda genis bir kullanim alanina sahiptir.\",\"breadcrumb\":{\"@id\":\"https:\/\/rfiddepo.com\/en\/urunlerimiz\/rd-02-laundry-yikanabilir-rfid-tag\/#breadcrumb\"},\"inLanguage\":\"en-US\",\"potentialAction\":[{\"@type\":\"ReadAction\",\"target\":[\"https:\/\/rfiddepo.com\/en\/urunlerimiz\/rd-02-laundry-yikanabilir-rfid-tag\/\"]}]},{\"@type\":\"ImageObject\",\"inLanguage\":\"en-US\",\"@id\":\"https:\/\/rfiddepo.com\/en\/urunlerimiz\/rd-02-laundry-yikanabilir-rfid-tag\/#primaryimage\",\"url\":\"https:\/\/rfiddepo.com\/wp-content\/uploads\/2020\/05\/RFID-laundry-tag70x10\uff08iron\uff09-1-1.webp\",\"contentUrl\":\"https:\/\/rfiddepo.com\/wp-content\/uploads\/2020\/05\/RFID-laundry-tag70x10\uff08iron\uff09-1-1.webp\",\"width\":800,\"height\":800},{\"@type\":\"BreadcrumbList\",\"@id\":\"https:\/\/rfiddepo.com\/en\/urunlerimiz\/rd-02-laundry-yikanabilir-rfid-tag\/#breadcrumb\",\"itemListElement\":[{\"@type\":\"ListItem\",\"position\":1,\"name\":\"Anasayfa\",\"item\":\"https:\/\/rfiddepo.com\/en\/\"},{\"@type\":\"ListItem\",\"position\":2,\"name\":\"Urunler\",\"item\":\"https:\/\/rfiddepo.com\/urunler\/\"},{\"@type\":\"ListItem\",\"position\":3,\"name\":\"RD-02 Laundry Y\u0131kanabilir RFID Tag\"}]},{\"@type\":\"WebSite\",\"@id\":\"https:\/\/rfiddepo.com\/en\/#website\",\"url\":\"https:\/\/rfiddepo.com\/en\/\",\"name\":\"RFID Depo\",\"description\":\"\",\"publisher\":{\"@id\":\"https:\/\/rfiddepo.com\/en\/#organization\"},\"potentialAction\":[{\"@type\":\"SearchAction\",\"target\":{\"@type\":\"EntryPoint\",\"urlTemplate\":\"https:\/\/rfiddepo.com\/en\/?s={search_term_string}\"},\"query-input\":{\"@type\":\"PropertyValueSpecification\",\"valueRequired\":true,\"valueName\":\"search_term_string\"}}],\"inLanguage\":\"en-US\"},{\"@type\":\"Organization\",\"@id\":\"https:\/\/rfiddepo.com\/en\/#organization\",\"name\":\"%%sitename%%\",\"url\":\"https:\/\/rfiddepo.com\/en\/\",\"logo\":{\"@type\":\"ImageObject\",\"inLanguage\":\"en-US\",\"@id\":\"https:\/\/rfiddepo.com\/en\/#\/schema\/logo\/image\/\",\"url\":\"https:\/\/rfiddepo.com\/wp-content\/uploads\/2025\/09\/rfiddepo-logo.png\",\"contentUrl\":\"https:\/\/rfiddepo.com\/wp-content\/uploads\/2025\/09\/rfiddepo-logo.png\",\"width\":500,\"height\":106,\"caption\":\"%%sitename%%\"},\"image\":{\"@id\":\"https:\/\/rfiddepo.com\/en\/#\/schema\/logo\/image\/\"}}]}<\/script>\n<!-- \/ Yoast SEO plugin. -->","yoast_head_json":{"title":"RD-02 Laundry Y\u0131kanabilir RFID Tag - RFID Depo","description":"RD-02 Laundry RFID Tag, Impinj \u00e7ipi ile donatilmis, yikama alanlarinda kullanilabilen dayanikli bir UHF RFID etiketidir. D\u00fcnya \u00e7apinda genis bir kullanim alanina sahiptir.","robots":{"index":"index","follow":"follow","max-snippet":"max-snippet:-1","max-image-preview":"max-image-preview:large","max-video-preview":"max-video-preview:-1"},"canonical":"https:\/\/rfiddepo.com\/en\/urunlerimiz\/rd-02-laundry-yikanabilir-rfid-tag\/","og_locale":"en_US","og_type":"article","og_title":"RD-02 Laundry Y\u0131kanabilir RFID Tag - RFID Depo","og_description":"RD-02 Laundry RFID Tag, Impinj \u00e7ipi ile donatilmis, yikama alanlarinda kullanilabilen dayanikli bir UHF RFID etiketidir. D\u00fcnya \u00e7apinda genis bir kullanim alanina sahiptir.","og_url":"https:\/\/rfiddepo.com\/en\/urunlerimiz\/rd-02-laundry-yikanabilir-rfid-tag\/","og_site_name":"RFID Depo","article_modified_time":"2025-10-22T09:08:36+00:00","og_image":[{"width":800,"height":800,"url":"https:\/\/rfiddepo.com\/wp-content\/uploads\/2020\/05\/RFID-laundry-tag70x10\uff08iron\uff09-1-1.webp","type":"image\/webp"}],"twitter_card":"summary_large_image","twitter_misc":{"Est. reading time":"2 minutes"},"schema":{"@context":"https:\/\/schema.org","@graph":[{"@type":"WebPage","@id":"https:\/\/rfiddepo.com\/en\/urunlerimiz\/rd-02-laundry-yikanabilir-rfid-tag\/","url":"https:\/\/rfiddepo.com\/en\/urunlerimiz\/rd-02-laundry-yikanabilir-rfid-tag\/","name":"RD-02 Laundry Y\u0131kanabilir RFID Tag - RFID Depo","isPartOf":{"@id":"https:\/\/rfiddepo.com\/en\/#website"},"primaryImageOfPage":{"@id":"https:\/\/rfiddepo.com\/en\/urunlerimiz\/rd-02-laundry-yikanabilir-rfid-tag\/#primaryimage"},"image":{"@id":"https:\/\/rfiddepo.com\/en\/urunlerimiz\/rd-02-laundry-yikanabilir-rfid-tag\/#primaryimage"},"thumbnailUrl":"https:\/\/rfiddepo.com\/wp-content\/uploads\/2020\/05\/RFID-laundry-tag70x10\uff08iron\uff09-1-1.webp","datePublished":"2020-05-15T01:27:02+00:00","dateModified":"2025-10-22T09:08:36+00:00","description":"RD-02 Laundry RFID Tag, Impinj \u00e7ipi ile donatilmis, yikama alanlarinda kullanilabilen dayanikli bir UHF RFID etiketidir. D\u00fcnya \u00e7apinda genis bir kullanim alanina sahiptir.","breadcrumb":{"@id":"https:\/\/rfiddepo.com\/en\/urunlerimiz\/rd-02-laundry-yikanabilir-rfid-tag\/#breadcrumb"},"inLanguage":"en-US","potentialAction":[{"@type":"ReadAction","target":["https:\/\/rfiddepo.com\/en\/urunlerimiz\/rd-02-laundry-yikanabilir-rfid-tag\/"]}]},{"@type":"ImageObject","inLanguage":"en-US","@id":"https:\/\/rfiddepo.com\/en\/urunlerimiz\/rd-02-laundry-yikanabilir-rfid-tag\/#primaryimage","url":"https:\/\/rfiddepo.com\/wp-content\/uploads\/2020\/05\/RFID-laundry-tag70x10\uff08iron\uff09-1-1.webp","contentUrl":"https:\/\/rfiddepo.com\/wp-content\/uploads\/2020\/05\/RFID-laundry-tag70x10\uff08iron\uff09-1-1.webp","width":800,"height":800},{"@type":"BreadcrumbList","@id":"https:\/\/rfiddepo.com\/en\/urunlerimiz\/rd-02-laundry-yikanabilir-rfid-tag\/#breadcrumb","itemListElement":[{"@type":"ListItem","position":1,"name":"Anasayfa","item":"https:\/\/rfiddepo.com\/en\/"},{"@type":"ListItem","position":2,"name":"Urunler","item":"https:\/\/rfiddepo.com\/urunler\/"},{"@type":"ListItem","position":3,"name":"RD-02 Laundry Y\u0131kanabilir RFID Tag"}]},{"@type":"WebSite","@id":"https:\/\/rfiddepo.com\/en\/#website","url":"https:\/\/rfiddepo.com\/en\/","name":"RFID Depo","description":"","publisher":{"@id":"https:\/\/rfiddepo.com\/en\/#organization"},"potentialAction":[{"@type":"SearchAction","target":{"@type":"EntryPoint","urlTemplate":"https:\/\/rfiddepo.com\/en\/?s={search_term_string}"},"query-input":{"@type":"PropertyValueSpecification","valueRequired":true,"valueName":"search_term_string"}}],"inLanguage":"en-US"},{"@type":"Organization","@id":"https:\/\/rfiddepo.com\/en\/#organization","name":"%%sitename%%","url":"https:\/\/rfiddepo.com\/en\/","logo":{"@type":"ImageObject","inLanguage":"en-US","@id":"https:\/\/rfiddepo.com\/en\/#\/schema\/logo\/image\/","url":"https:\/\/rfiddepo.com\/wp-content\/uploads\/2025\/09\/rfiddepo-logo.png","contentUrl":"https:\/\/rfiddepo.com\/wp-content\/uploads\/2025\/09\/rfiddepo-logo.png","width":500,"height":106,"caption":"%%sitename%%"},"image":{"@id":"https:\/\/rfiddepo.com\/en\/#\/schema\/logo\/image\/"}}]}},"_links":{"self":[{"href":"https:\/\/rfiddepo.com\/en\/wp-json\/wp\/v2\/product\/10661","targetHints":{"allow":["GET"]}}],"collection":[{"href":"https:\/\/rfiddepo.com\/en\/wp-json\/wp\/v2\/product"}],"about":[{"href":"https:\/\/rfiddepo.com\/en\/wp-json\/wp\/v2\/types\/product"}],"replies":[{"embeddable":true,"href":"https:\/\/rfiddepo.com\/en\/wp-json\/wp\/v2\/comments?post=10661"}],"wp:featuredmedia":[{"embeddable":true,"href":"https:\/\/rfiddepo.com\/en\/wp-json\/wp\/v2\/media\/148918"}],"wp:attachment":[{"href":"https:\/\/rfiddepo.com\/en\/wp-json\/wp\/v2\/media?parent=10661"}],"wp:term":[{"taxonomy":"product_brand","embeddable":true,"href":"https:\/\/rfiddepo.com\/en\/wp-json\/wp\/v2\/product_brand?post=10661"},{"taxonomy":"product_cat","embeddable":true,"href":"https:\/\/rfiddepo.com\/en\/wp-json\/wp\/v2\/product_cat?post=10661"},{"taxonomy":"product_tag","embeddable":true,"href":"https:\/\/rfiddepo.com\/en\/wp-json\/wp\/v2\/product_tag?post=10661"}],"curies":[{"name":"wp","href":"https:\/\/api.w.org\/{rel}","templated":true}]}}