{"id":10651,"date":"2020-05-04T00:31:40","date_gmt":"2020-05-04T00:31:40","guid":{"rendered":"http:\/\/www.test.rfiddepo.com\/?post_type=product&#038;p=10651"},"modified":"2025-10-14T17:27:38","modified_gmt":"2025-10-14T17:27:38","slug":"impinj-xspan-okuyucu","status":"publish","type":"product","link":"https:\/\/rfiddepo.com\/en\/urunlerimiz\/impinj-xspan-okuyucu\/","title":{"rendered":"IMPINJ xSpan Reader"},"content":{"rendered":"<p>&nbsp;<\/p>\n<table class=\"blueTable\">\n<tbody>\n<tr>\n<td><strong>Product Name<\/strong><\/td>\n<td>IMPINJ xSPAN Reader<\/td>\n<\/tr>\n<tr>\n<td><strong>Operating Frequency<\/strong><\/td>\n<td>FCC: 902-928 MHz \/ EU1: 865-868<br \/>\nMHz \/ EU2: 915-921 MHz \/ GX1: 902-<br \/>\n928 MHz \/ GX2: 902-925 MHz \/ GX3:<br \/>\n920-926 MHz \/ JP2: 916-921 MHz<\/td>\n<\/tr>\n<tr>\n<td><strong>Dimensions<\/strong><\/td>\n<td>48.0 x 22.0 x 9.0 cm<\/td>\n<\/tr>\n<tr>\n<td><strong>Weight<\/strong><\/td>\n<td>\u00a03.4 kg<\/td>\n<\/tr>\n<tr>\n<td><strong>Anten \u00d6zellikleri<\/strong><\/td>\n<td>Dual-Linear Phased Array antenna<\/td>\n<\/tr>\n<tr>\n<td><strong>RF Power<\/strong><\/td>\n<td>FCC: 4W EIRP AC\/PoE<br \/>\nEU1: 2W ERP AC\/PoE<br \/>\nEU2: 4W ERP AC\/PoE+<br \/>\nGX1: 4W EIRP AC\/PoE<br \/>\nGX2: 4W EIRP AC\/PoE<br \/>\nGX3: 4W EIRP AC\/PoE<br \/>\nJP2: 4W EIRP AC\/PoE<\/td>\n<\/tr>\n<tr>\n<td><strong>Tarama Alan\u0131<\/strong><\/td>\n<td>1,000 ft(93 m2):<br \/>\nall models except EU2 model<br \/>\n1,300 ft (121 m2): EU2 model<\/td>\n<\/tr>\n<tr>\n<td><strong>Reading Speed<\/strong><\/td>\n<td>Up to 1100 tags\/s<\/td>\n<\/tr>\n<tr>\n<td><strong>Power<\/strong><\/td>\n<td>AC-DC power supply: all models<br \/>\nIEEE 802.3af PoE: all models except EU2<br \/>\nIEEE 802.3at PoE+: EU2 model<\/td>\n<\/tr>\n<tr>\n<td><strong>Operating Roles<\/strong><\/td>\n<td>2 (inventory, direction)<\/td>\n<\/tr>\n<tr>\n<td><strong>Brand<br \/>\n<\/strong><\/td>\n<td><a href=\"\/marka\/impinj\/\"><img decoding=\"async\" src=\"http:\/\/www.test.rfiddepo.com\/wp-content\/uploads\/2025\/10\/Impinj-logo-300x158.png\" alt=\"\" width=\"300\" height=\"158\" class=\"alignnone size-medium wp-image-148163\" srcset=\"https:\/\/rfiddepo.com\/wp-content\/uploads\/2025\/10\/Impinj-logo-300x158.png 300w, https:\/\/rfiddepo.com\/wp-content\/uploads\/2025\/10\/Impinj-logo.png 600w\" sizes=\"(max-width: 300px) 100vw, 300px\" \/><\/a><\/td>\n<\/tr>\n<\/tbody>\n<\/table>\n<h2 style=\"font-size: 25px;\">Impinj xSpan Okuyucu<\/h2>\n<p>The Impinj xSpan fixed-area reader offers powerful and automatic UHF RFID performance with a wide coverage area. Thanks to its sophisticated antenna solution covering a 120 m\u00b2 base area, it delivers high read performance, particularly in gate applications. The Impinj xSpan is an ideal solution for efficiently monitoring a designated area.<\/p>\n<h3 style=\"font-size: 25px;\">Key Features<\/h3>\n<ul>\n<li>120 m\u00b2 floor area coverage<\/li>\n<li>Powerful and automatic UHF RFID performance<\/li>\n<li>Optimized reading for gate applications<\/li>\n<li>Efficient and reliable area monitoring<\/li>\n<\/ul>\n<h3 style=\"font-size: 25px;\">RFID Readers and Applications<\/h3>\n<p>The Impinj xSpan fixed-area reader delivers high performance and reliability in applications such as RFID Warehouse Management Systems, RFID Hotel and Security Solutions. It provides an effective tracking solution with its wide coverage area and powerful reading capacity.<\/p>","protected":false},"excerpt":{"rendered":"<p>The Impinj xSpan fixed-area reader delivers powerful, automatic UHF RFID performance with multiple connectivity options. This fixed-area reader incorporates a sophisticated antenna solution that covers a 120 m\u00b2 footprint. Its powerful reading capability makes it ideal for use in more gate applications. The Impinj xSpan is ideal for efficiently monitoring a designated area.<\/p>\n<div class=\"datasheet\"><a href=\"\/wp-content\/uploads\/2025\/09\/Impinj-xSpan-ProductBrief-040619.pdf\" target=\"_blank\" class=\"datasheet-btn\" rel=\"noopener\"><br \/>\n\ud83d\udcc4 Datasheet<br \/>\n<\/a><\/div>","protected":false},"featured_media":147632,"comment_status":"closed","ping_status":"closed","template":"","meta":{"_monsterinsights_skip_tracking":false,"_monsterinsights_sitenote_active":false,"_monsterinsights_sitenote_note":"","_monsterinsights_sitenote_category":0},"product_brand":[127],"product_cat":[69,71],"product_tag":[300,301,233,302,303,304,305,306,307,308],"class_list":{"0":"post-10651","1":"product","2":"type-product","3":"status-publish","4":"has-post-thumbnail","6":"product_brand-impinj","7":"product_cat-rfid-gateway","8":"product_cat-rfid-sabit-okuyucular","9":"product_tag-impinj","10":"product_tag-impinj-okuyucu","11":"product_tag-impinj-reader","12":"product_tag-impinj-xarray","13":"product_tag-impinj-xportal","14":"product_tag-impinj-xspan","15":"product_tag-rfiddepo-impinj","16":"product_tag-rtls","17":"product_tag-tekstil","18":"product_tag-xportal","20":"first","21":"instock","22":"shipping-taxable","23":"purchasable","24":"product-type-simple"},"yoast_head":"<!-- This site is optimized with the Yoast SEO plugin v26.6 - https:\/\/yoast.com\/wordpress\/plugins\/seo\/ -->\n<title>IMPINJ xSpan Okuyucu - RFID Depo<\/title>\n<meta name=\"description\" content=\"Impinj xSpan sabit alan okuyucu, 120 m\u00b2 taban alani kaplama ve g\u00fc\u00e7l\u00fc otomatik UHF RFID performansi sunar. \u00d6zellikle gate uygulamalarinda etkili, verimli bir izleme saglar. RFID Depo Y\u00f6netim Sistemi ve diger RFID \u00e7\u00f6z\u00fcmlerinde m\u00fckemmel bir tercih.\" \/>\n<meta name=\"robots\" content=\"index, follow, max-snippet:-1, max-image-preview:large, max-video-preview:-1\" \/>\n<link rel=\"canonical\" href=\"https:\/\/rfiddepo.com\/en\/urunlerimiz\/impinj-xspan-okuyucu\/\" \/>\n<meta property=\"og:locale\" content=\"en_US\" \/>\n<meta property=\"og:type\" content=\"article\" \/>\n<meta property=\"og:title\" content=\"IMPINJ xSpan Okuyucu - RFID Depo\" \/>\n<meta property=\"og:description\" content=\"Impinj xSpan sabit alan okuyucu, 120 m\u00b2 taban alani kaplama ve g\u00fc\u00e7l\u00fc otomatik UHF RFID performansi sunar. \u00d6zellikle gate uygulamalarinda etkili, verimli bir izleme saglar. RFID Depo Y\u00f6netim Sistemi ve diger RFID \u00e7\u00f6z\u00fcmlerinde m\u00fckemmel bir tercih.\" \/>\n<meta property=\"og:url\" content=\"https:\/\/rfiddepo.com\/en\/urunlerimiz\/impinj-xspan-okuyucu\/\" \/>\n<meta property=\"og:site_name\" content=\"RFID Depo\" \/>\n<meta property=\"article:modified_time\" content=\"2025-10-14T17:27:38+00:00\" \/>\n<meta property=\"og:image\" content=\"https:\/\/rfiddepo.com\/wp-content\/uploads\/2025\/09\/impinj-xspan-okuyucu.jpg\" \/>\n\t<meta property=\"og:image:width\" content=\"700\" \/>\n\t<meta property=\"og:image:height\" content=\"660\" \/>\n\t<meta property=\"og:image:type\" content=\"image\/jpeg\" \/>\n<meta name=\"twitter:card\" content=\"summary_large_image\" \/>\n<meta name=\"twitter:label1\" content=\"Est. reading time\" \/>\n\t<meta name=\"twitter:data1\" content=\"1 minute\" \/>\n<script type=\"application\/ld+json\" class=\"yoast-schema-graph\">{\"@context\":\"https:\/\/schema.org\",\"@graph\":[{\"@type\":\"WebPage\",\"@id\":\"https:\/\/rfiddepo.com\/en\/urunlerimiz\/impinj-xspan-okuyucu\/\",\"url\":\"https:\/\/rfiddepo.com\/en\/urunlerimiz\/impinj-xspan-okuyucu\/\",\"name\":\"IMPINJ xSpan Okuyucu - RFID Depo\",\"isPartOf\":{\"@id\":\"https:\/\/rfiddepo.com\/en\/#website\"},\"primaryImageOfPage\":{\"@id\":\"https:\/\/rfiddepo.com\/en\/urunlerimiz\/impinj-xspan-okuyucu\/#primaryimage\"},\"image\":{\"@id\":\"https:\/\/rfiddepo.com\/en\/urunlerimiz\/impinj-xspan-okuyucu\/#primaryimage\"},\"thumbnailUrl\":\"https:\/\/rfiddepo.com\/wp-content\/uploads\/2025\/09\/impinj-xspan-okuyucu.jpg\",\"datePublished\":\"2020-05-04T00:31:40+00:00\",\"dateModified\":\"2025-10-14T17:27:38+00:00\",\"description\":\"Impinj xSpan sabit alan okuyucu, 120 m\u00b2 taban alani kaplama ve g\u00fc\u00e7l\u00fc otomatik UHF RFID performansi sunar. \u00d6zellikle gate uygulamalarinda etkili, verimli bir izleme saglar. RFID Depo Y\u00f6netim Sistemi ve diger RFID \u00e7\u00f6z\u00fcmlerinde m\u00fckemmel bir tercih.\",\"breadcrumb\":{\"@id\":\"https:\/\/rfiddepo.com\/en\/urunlerimiz\/impinj-xspan-okuyucu\/#breadcrumb\"},\"inLanguage\":\"en-US\",\"potentialAction\":[{\"@type\":\"ReadAction\",\"target\":[\"https:\/\/rfiddepo.com\/en\/urunlerimiz\/impinj-xspan-okuyucu\/\"]}]},{\"@type\":\"ImageObject\",\"inLanguage\":\"en-US\",\"@id\":\"https:\/\/rfiddepo.com\/en\/urunlerimiz\/impinj-xspan-okuyucu\/#primaryimage\",\"url\":\"https:\/\/rfiddepo.com\/wp-content\/uploads\/2025\/09\/impinj-xspan-okuyucu.jpg\",\"contentUrl\":\"https:\/\/rfiddepo.com\/wp-content\/uploads\/2025\/09\/impinj-xspan-okuyucu.jpg\",\"width\":700,\"height\":660},{\"@type\":\"BreadcrumbList\",\"@id\":\"https:\/\/rfiddepo.com\/en\/urunlerimiz\/impinj-xspan-okuyucu\/#breadcrumb\",\"itemListElement\":[{\"@type\":\"ListItem\",\"position\":1,\"name\":\"Anasayfa\",\"item\":\"https:\/\/rfiddepo.com\/en\/\"},{\"@type\":\"ListItem\",\"position\":2,\"name\":\"Urunler\",\"item\":\"https:\/\/rfiddepo.com\/urunler\/\"},{\"@type\":\"ListItem\",\"position\":3,\"name\":\"IMPINJ xSpan Okuyucu\"}]},{\"@type\":\"WebSite\",\"@id\":\"https:\/\/rfiddepo.com\/en\/#website\",\"url\":\"https:\/\/rfiddepo.com\/en\/\",\"name\":\"RFID Depo\",\"description\":\"\",\"publisher\":{\"@id\":\"https:\/\/rfiddepo.com\/en\/#organization\"},\"potentialAction\":[{\"@type\":\"SearchAction\",\"target\":{\"@type\":\"EntryPoint\",\"urlTemplate\":\"https:\/\/rfiddepo.com\/en\/?s={search_term_string}\"},\"query-input\":{\"@type\":\"PropertyValueSpecification\",\"valueRequired\":true,\"valueName\":\"search_term_string\"}}],\"inLanguage\":\"en-US\"},{\"@type\":\"Organization\",\"@id\":\"https:\/\/rfiddepo.com\/en\/#organization\",\"name\":\"%%sitename%%\",\"url\":\"https:\/\/rfiddepo.com\/en\/\",\"logo\":{\"@type\":\"ImageObject\",\"inLanguage\":\"en-US\",\"@id\":\"https:\/\/rfiddepo.com\/en\/#\/schema\/logo\/image\/\",\"url\":\"https:\/\/rfiddepo.com\/wp-content\/uploads\/2025\/09\/rfiddepo-logo.png\",\"contentUrl\":\"https:\/\/rfiddepo.com\/wp-content\/uploads\/2025\/09\/rfiddepo-logo.png\",\"width\":500,\"height\":106,\"caption\":\"%%sitename%%\"},\"image\":{\"@id\":\"https:\/\/rfiddepo.com\/en\/#\/schema\/logo\/image\/\"}}]}<\/script>\n<!-- \/ Yoast SEO plugin. -->","yoast_head_json":{"title":"IMPINJ xSpan Okuyucu - RFID Depo","description":"Impinj xSpan sabit alan okuyucu, 120 m\u00b2 taban alani kaplama ve g\u00fc\u00e7l\u00fc otomatik UHF RFID performansi sunar. \u00d6zellikle gate uygulamalarinda etkili, verimli bir izleme saglar. RFID Depo Y\u00f6netim Sistemi ve diger RFID \u00e7\u00f6z\u00fcmlerinde m\u00fckemmel bir tercih.","robots":{"index":"index","follow":"follow","max-snippet":"max-snippet:-1","max-image-preview":"max-image-preview:large","max-video-preview":"max-video-preview:-1"},"canonical":"https:\/\/rfiddepo.com\/en\/urunlerimiz\/impinj-xspan-okuyucu\/","og_locale":"en_US","og_type":"article","og_title":"IMPINJ xSpan Okuyucu - RFID Depo","og_description":"Impinj xSpan sabit alan okuyucu, 120 m\u00b2 taban alani kaplama ve g\u00fc\u00e7l\u00fc otomatik UHF RFID performansi sunar. \u00d6zellikle gate uygulamalarinda etkili, verimli bir izleme saglar. RFID Depo Y\u00f6netim Sistemi ve diger RFID \u00e7\u00f6z\u00fcmlerinde m\u00fckemmel bir tercih.","og_url":"https:\/\/rfiddepo.com\/en\/urunlerimiz\/impinj-xspan-okuyucu\/","og_site_name":"RFID Depo","article_modified_time":"2025-10-14T17:27:38+00:00","og_image":[{"width":700,"height":660,"url":"https:\/\/rfiddepo.com\/wp-content\/uploads\/2025\/09\/impinj-xspan-okuyucu.jpg","type":"image\/jpeg"}],"twitter_card":"summary_large_image","twitter_misc":{"Est. reading time":"1 minute"},"schema":{"@context":"https:\/\/schema.org","@graph":[{"@type":"WebPage","@id":"https:\/\/rfiddepo.com\/en\/urunlerimiz\/impinj-xspan-okuyucu\/","url":"https:\/\/rfiddepo.com\/en\/urunlerimiz\/impinj-xspan-okuyucu\/","name":"IMPINJ xSpan Okuyucu - RFID Depo","isPartOf":{"@id":"https:\/\/rfiddepo.com\/en\/#website"},"primaryImageOfPage":{"@id":"https:\/\/rfiddepo.com\/en\/urunlerimiz\/impinj-xspan-okuyucu\/#primaryimage"},"image":{"@id":"https:\/\/rfiddepo.com\/en\/urunlerimiz\/impinj-xspan-okuyucu\/#primaryimage"},"thumbnailUrl":"https:\/\/rfiddepo.com\/wp-content\/uploads\/2025\/09\/impinj-xspan-okuyucu.jpg","datePublished":"2020-05-04T00:31:40+00:00","dateModified":"2025-10-14T17:27:38+00:00","description":"Impinj xSpan sabit alan okuyucu, 120 m\u00b2 taban alani kaplama ve g\u00fc\u00e7l\u00fc otomatik UHF RFID performansi sunar. \u00d6zellikle gate uygulamalarinda etkili, verimli bir izleme saglar. RFID Depo Y\u00f6netim Sistemi ve diger RFID \u00e7\u00f6z\u00fcmlerinde m\u00fckemmel bir tercih.","breadcrumb":{"@id":"https:\/\/rfiddepo.com\/en\/urunlerimiz\/impinj-xspan-okuyucu\/#breadcrumb"},"inLanguage":"en-US","potentialAction":[{"@type":"ReadAction","target":["https:\/\/rfiddepo.com\/en\/urunlerimiz\/impinj-xspan-okuyucu\/"]}]},{"@type":"ImageObject","inLanguage":"en-US","@id":"https:\/\/rfiddepo.com\/en\/urunlerimiz\/impinj-xspan-okuyucu\/#primaryimage","url":"https:\/\/rfiddepo.com\/wp-content\/uploads\/2025\/09\/impinj-xspan-okuyucu.jpg","contentUrl":"https:\/\/rfiddepo.com\/wp-content\/uploads\/2025\/09\/impinj-xspan-okuyucu.jpg","width":700,"height":660},{"@type":"BreadcrumbList","@id":"https:\/\/rfiddepo.com\/en\/urunlerimiz\/impinj-xspan-okuyucu\/#breadcrumb","itemListElement":[{"@type":"ListItem","position":1,"name":"Anasayfa","item":"https:\/\/rfiddepo.com\/en\/"},{"@type":"ListItem","position":2,"name":"Urunler","item":"https:\/\/rfiddepo.com\/urunler\/"},{"@type":"ListItem","position":3,"name":"IMPINJ xSpan Okuyucu"}]},{"@type":"WebSite","@id":"https:\/\/rfiddepo.com\/en\/#website","url":"https:\/\/rfiddepo.com\/en\/","name":"RFID Depo","description":"","publisher":{"@id":"https:\/\/rfiddepo.com\/en\/#organization"},"potentialAction":[{"@type":"SearchAction","target":{"@type":"EntryPoint","urlTemplate":"https:\/\/rfiddepo.com\/en\/?s={search_term_string}"},"query-input":{"@type":"PropertyValueSpecification","valueRequired":true,"valueName":"search_term_string"}}],"inLanguage":"en-US"},{"@type":"Organization","@id":"https:\/\/rfiddepo.com\/en\/#organization","name":"%%sitename%%","url":"https:\/\/rfiddepo.com\/en\/","logo":{"@type":"ImageObject","inLanguage":"en-US","@id":"https:\/\/rfiddepo.com\/en\/#\/schema\/logo\/image\/","url":"https:\/\/rfiddepo.com\/wp-content\/uploads\/2025\/09\/rfiddepo-logo.png","contentUrl":"https:\/\/rfiddepo.com\/wp-content\/uploads\/2025\/09\/rfiddepo-logo.png","width":500,"height":106,"caption":"%%sitename%%"},"image":{"@id":"https:\/\/rfiddepo.com\/en\/#\/schema\/logo\/image\/"}}]}},"_links":{"self":[{"href":"https:\/\/rfiddepo.com\/en\/wp-json\/wp\/v2\/product\/10651","targetHints":{"allow":["GET"]}}],"collection":[{"href":"https:\/\/rfiddepo.com\/en\/wp-json\/wp\/v2\/product"}],"about":[{"href":"https:\/\/rfiddepo.com\/en\/wp-json\/wp\/v2\/types\/product"}],"replies":[{"embeddable":true,"href":"https:\/\/rfiddepo.com\/en\/wp-json\/wp\/v2\/comments?post=10651"}],"wp:featuredmedia":[{"embeddable":true,"href":"https:\/\/rfiddepo.com\/en\/wp-json\/wp\/v2\/media\/147632"}],"wp:attachment":[{"href":"https:\/\/rfiddepo.com\/en\/wp-json\/wp\/v2\/media?parent=10651"}],"wp:term":[{"taxonomy":"product_brand","embeddable":true,"href":"https:\/\/rfiddepo.com\/en\/wp-json\/wp\/v2\/product_brand?post=10651"},{"taxonomy":"product_cat","embeddable":true,"href":"https:\/\/rfiddepo.com\/en\/wp-json\/wp\/v2\/product_cat?post=10651"},{"taxonomy":"product_tag","embeddable":true,"href":"https:\/\/rfiddepo.com\/en\/wp-json\/wp\/v2\/product_tag?post=10651"}],"curies":[{"name":"wp","href":"https:\/\/api.w.org\/{rel}","templated":true}]}}