{"id":10561,"date":"2020-05-03T22:07:33","date_gmt":"2020-05-03T22:07:33","guid":{"rendered":"http:\/\/www.test.rfiddepo.com\/?post_type=product&#038;p=10561"},"modified":"2025-10-14T17:12:01","modified_gmt":"2025-10-14T17:12:01","slug":"omni-id-iq-400-rfid-tag","status":"publish","type":"product","link":"https:\/\/rfiddepo.com\/en\/urunlerimiz\/omni-id-iq-400-rfid-tag\/","title":{"rendered":"Omni-ID IQ 400 RFID Tag"},"content":{"rendered":"<table class=\"blueTable\">\n<tbody>\n<tr>\n<td><strong>Product Name<\/strong><\/td>\n<td>Omni-ID\u00a0 IQ 400<\/td>\n<\/tr>\n<tr>\n<td><strong>Operating Frequency<\/strong><\/td>\n<td>ETSI 865.6\u2013867.6 MHz or FCC\/IC 902\u2013928 MHz-<\/td>\n<\/tr>\n<tr>\n<td><strong>Dimensions<\/strong><\/td>\n<td>96.0 x 12.5 x 1.1<\/td>\n<\/tr>\n<tr>\n<td><strong>Memory<\/strong><\/td>\n<td>EPC \u2013 128(96) bits<br \/>\nUser \u2013 32(64) bits<br \/>\nUnique TID \u2013 48 bits<\/td>\n<\/tr>\n<tr>\n<td><strong>Reading Distance<\/strong><\/td>\n<td>\n<div class=\"spec-content\">\n<p>0-4.2m<\/p>\n<\/div>\n<\/td>\n<\/tr>\n<tr>\n<td><b>Area of use<\/b><\/td>\n<td>Fixed Asset Tracking Projects, Logistics and Industrial Applications<\/td>\n<\/tr>\n<tr>\n<td><strong>IP Rating<\/strong><\/td>\n<td>IP68<\/td>\n<\/tr>\n<tr>\n<td><strong>Operating Temperature<\/strong><\/td>\n<td>+18 to +35\u00b0C<\/td>\n<\/tr>\n<tr>\n<td><strong>Chip<\/strong><\/td>\n<td>Impinj R6P<\/td>\n<\/tr>\n<tr>\n<td><strong>Brand<br \/>\n<\/strong><\/td>\n<td><a href=\"\/marka\/omni-id\/\"><img decoding=\"async\" src=\"http:\/\/www.test.rfiddepo.com\/wp-content\/uploads\/2025\/10\/Omni-ID-300x107.png\" alt=\"\" width=\"300\" height=\"107\" class=\"alignnone size-medium wp-image-148169\" srcset=\"https:\/\/rfiddepo.com\/wp-content\/uploads\/2025\/10\/Omni-ID-300x107.png 300w, https:\/\/rfiddepo.com\/wp-content\/uploads\/2025\/10\/Omni-ID-600x215.png 600w, https:\/\/rfiddepo.com\/wp-content\/uploads\/2025\/10\/Omni-ID.png 732w\" sizes=\"(max-width: 300px) 100vw, 300px\" \/><\/a><\/td>\n<\/tr>\n<\/tbody>\n<\/table>\n<h2>Omni-ID IQ 400 RFID Tag<\/h2>\n<p>The Omni-ID IQ 400 RFID Tag is an Impinj-chip product designed for use on metal surfaces. Known as an alternative to the IQ600 model due to its small size, it has an IP68 protection rating. This feature makes it resistant to water and dust. The IQ 400 offers high read performance and is particularly preferred for asset tracking, logistics, and industrial applications.<\/p>\n<h3>Key Features<\/h3>\n<ul>\n<li>High performance with Impinj chip technology<\/li>\n<li>Optimized design for metal floors<\/li>\n<li>Full protection against water and dust with IP68 rating<\/li>\n<li>An alternative to IQ600, more compact size<\/li>\n<li>Fixed asset tracking, use in logistics and industrial applications<\/li>\n<\/ul>\n<h3>RFID Tagging Solutions<\/h3>\n<p>RFID tags such as the Omni-ID IQ 400 offer solutions that deliver high performance, especially on metal surfaces. These tags enable you to track your products accurately and reliably in fixed asset tracking and other logistics applications.<\/p>","protected":false},"excerpt":{"rendered":"<p>The IQ400 is a product of Omni-ID, which is frequently used on metal surfaces and features an embedded Impinj chip. It has a smaller structure than the IQ 600 and is also known as an alternative to the IQ600 tag. It is preferred due to its IP68 rating and good reading performance. It is frequently used in fixed asset tracking projects, logistics, and industrial applications.<\/p>\n<div class=\"datasheet\"><a href=\"\/wp-content\/uploads\/2025\/09\/Omni-ID_IQ_400_datasheet.pdf\" target=\"_blank\" class=\"datasheet-btn\" rel=\"noopener\"><br \/>\n\ud83d\udcc4 Datasheet<br \/>\n<\/a><\/div>","protected":false},"featured_media":147335,"comment_status":"closed","ping_status":"closed","template":"","meta":{"_monsterinsights_skip_tracking":false,"_monsterinsights_sitenote_active":false,"_monsterinsights_sitenote_note":"","_monsterinsights_sitenote_category":0},"product_brand":[178],"product_cat":[73,75,72],"product_tag":[133,134,135],"class_list":{"0":"post-10561","1":"product","2":"type-product","3":"status-publish","4":"has-post-thumbnail","6":"product_brand-omni-id","7":"product_cat-demirbas-rfid-tagleri","8":"product_cat-metal-ustu-rfid-tagler-rfid-tagler","9":"product_cat-rfid-tagler","10":"product_tag-iq-400-rfid-tag","11":"product_tag-omni-id","12":"product_tag-omni-id-400","14":"first","15":"instock","16":"shipping-taxable","17":"purchasable","18":"product-type-simple"},"yoast_head":"<!-- This site is optimized with the Yoast SEO plugin v26.6 - https:\/\/yoast.com\/wordpress\/plugins\/seo\/ -->\n<title>Omni-ID IQ 400 RFID Tag - RFID Depo<\/title>\n<meta name=\"description\" content=\"Omni-ID IQ 400 RFID Tag, Impinj \u00e7ipli ve IP68 yapisiyla metal zeminlerde y\u00fcksek okuma performansi sunar. Demirbas takibi ve end\u00fcstriyel uygulamalarda ideal.\" \/>\n<meta name=\"robots\" content=\"index, follow, max-snippet:-1, max-image-preview:large, max-video-preview:-1\" \/>\n<link rel=\"canonical\" href=\"https:\/\/rfiddepo.com\/en\/urunlerimiz\/omni-id-iq-400-rfid-tag\/\" \/>\n<meta property=\"og:locale\" content=\"en_US\" \/>\n<meta property=\"og:type\" content=\"article\" \/>\n<meta property=\"og:title\" content=\"Omni-ID IQ 400 RFID Tag - RFID Depo\" \/>\n<meta property=\"og:description\" content=\"Omni-ID IQ 400 RFID Tag, Impinj \u00e7ipli ve IP68 yapisiyla metal zeminlerde y\u00fcksek okuma performansi sunar. Demirbas takibi ve end\u00fcstriyel uygulamalarda ideal.\" \/>\n<meta property=\"og:url\" content=\"https:\/\/rfiddepo.com\/en\/urunlerimiz\/omni-id-iq-400-rfid-tag\/\" \/>\n<meta property=\"og:site_name\" content=\"RFID Depo\" \/>\n<meta property=\"article:modified_time\" content=\"2025-10-14T17:12:01+00:00\" \/>\n<meta property=\"og:image\" content=\"https:\/\/rfiddepo.com\/wp-content\/uploads\/2020\/05\/omni-id-iq-400-rfid-etiket-48f4-.jpeg\" \/>\n\t<meta property=\"og:image:width\" content=\"2048\" \/>\n\t<meta property=\"og:image:height\" content=\"1536\" \/>\n\t<meta property=\"og:image:type\" content=\"image\/jpeg\" \/>\n<meta name=\"twitter:card\" content=\"summary_large_image\" \/>\n<meta name=\"twitter:label1\" content=\"Est. reading time\" \/>\n\t<meta name=\"twitter:data1\" content=\"1 minute\" \/>\n<script type=\"application\/ld+json\" class=\"yoast-schema-graph\">{\"@context\":\"https:\/\/schema.org\",\"@graph\":[{\"@type\":\"WebPage\",\"@id\":\"https:\/\/rfiddepo.com\/en\/urunlerimiz\/omni-id-iq-400-rfid-tag\/\",\"url\":\"https:\/\/rfiddepo.com\/en\/urunlerimiz\/omni-id-iq-400-rfid-tag\/\",\"name\":\"Omni-ID IQ 400 RFID Tag - RFID Depo\",\"isPartOf\":{\"@id\":\"https:\/\/rfiddepo.com\/en\/#website\"},\"primaryImageOfPage\":{\"@id\":\"https:\/\/rfiddepo.com\/en\/urunlerimiz\/omni-id-iq-400-rfid-tag\/#primaryimage\"},\"image\":{\"@id\":\"https:\/\/rfiddepo.com\/en\/urunlerimiz\/omni-id-iq-400-rfid-tag\/#primaryimage\"},\"thumbnailUrl\":\"https:\/\/rfiddepo.com\/wp-content\/uploads\/2020\/05\/omni-id-iq-400-rfid-etiket-48f4-.jpeg\",\"datePublished\":\"2020-05-03T22:07:33+00:00\",\"dateModified\":\"2025-10-14T17:12:01+00:00\",\"description\":\"Omni-ID IQ 400 RFID Tag, Impinj \u00e7ipli ve IP68 yapisiyla metal zeminlerde y\u00fcksek okuma performansi sunar. Demirbas takibi ve end\u00fcstriyel uygulamalarda ideal.\",\"breadcrumb\":{\"@id\":\"https:\/\/rfiddepo.com\/en\/urunlerimiz\/omni-id-iq-400-rfid-tag\/#breadcrumb\"},\"inLanguage\":\"en-US\",\"potentialAction\":[{\"@type\":\"ReadAction\",\"target\":[\"https:\/\/rfiddepo.com\/en\/urunlerimiz\/omni-id-iq-400-rfid-tag\/\"]}]},{\"@type\":\"ImageObject\",\"inLanguage\":\"en-US\",\"@id\":\"https:\/\/rfiddepo.com\/en\/urunlerimiz\/omni-id-iq-400-rfid-tag\/#primaryimage\",\"url\":\"https:\/\/rfiddepo.com\/wp-content\/uploads\/2020\/05\/omni-id-iq-400-rfid-etiket-48f4-.jpeg\",\"contentUrl\":\"https:\/\/rfiddepo.com\/wp-content\/uploads\/2020\/05\/omni-id-iq-400-rfid-etiket-48f4-.jpeg\",\"width\":2048,\"height\":1536},{\"@type\":\"BreadcrumbList\",\"@id\":\"https:\/\/rfiddepo.com\/en\/urunlerimiz\/omni-id-iq-400-rfid-tag\/#breadcrumb\",\"itemListElement\":[{\"@type\":\"ListItem\",\"position\":1,\"name\":\"Anasayfa\",\"item\":\"https:\/\/rfiddepo.com\/en\/\"},{\"@type\":\"ListItem\",\"position\":2,\"name\":\"Urunler\",\"item\":\"https:\/\/rfiddepo.com\/urunler\/\"},{\"@type\":\"ListItem\",\"position\":3,\"name\":\"Omni-ID IQ 400 RFID Tag\"}]},{\"@type\":\"WebSite\",\"@id\":\"https:\/\/rfiddepo.com\/en\/#website\",\"url\":\"https:\/\/rfiddepo.com\/en\/\",\"name\":\"RFID Depo\",\"description\":\"\",\"publisher\":{\"@id\":\"https:\/\/rfiddepo.com\/en\/#organization\"},\"potentialAction\":[{\"@type\":\"SearchAction\",\"target\":{\"@type\":\"EntryPoint\",\"urlTemplate\":\"https:\/\/rfiddepo.com\/en\/?s={search_term_string}\"},\"query-input\":{\"@type\":\"PropertyValueSpecification\",\"valueRequired\":true,\"valueName\":\"search_term_string\"}}],\"inLanguage\":\"en-US\"},{\"@type\":\"Organization\",\"@id\":\"https:\/\/rfiddepo.com\/en\/#organization\",\"name\":\"%%sitename%%\",\"url\":\"https:\/\/rfiddepo.com\/en\/\",\"logo\":{\"@type\":\"ImageObject\",\"inLanguage\":\"en-US\",\"@id\":\"https:\/\/rfiddepo.com\/en\/#\/schema\/logo\/image\/\",\"url\":\"https:\/\/rfiddepo.com\/wp-content\/uploads\/2025\/09\/rfiddepo-logo.png\",\"contentUrl\":\"https:\/\/rfiddepo.com\/wp-content\/uploads\/2025\/09\/rfiddepo-logo.png\",\"width\":500,\"height\":106,\"caption\":\"%%sitename%%\"},\"image\":{\"@id\":\"https:\/\/rfiddepo.com\/en\/#\/schema\/logo\/image\/\"}}]}<\/script>\n<!-- \/ Yoast SEO plugin. -->","yoast_head_json":{"title":"Omni-ID IQ 400 RFID Tag - RFID Depo","description":"Omni-ID IQ 400 RFID Tag, Impinj \u00e7ipli ve IP68 yapisiyla metal zeminlerde y\u00fcksek okuma performansi sunar. Demirbas takibi ve end\u00fcstriyel uygulamalarda ideal.","robots":{"index":"index","follow":"follow","max-snippet":"max-snippet:-1","max-image-preview":"max-image-preview:large","max-video-preview":"max-video-preview:-1"},"canonical":"https:\/\/rfiddepo.com\/en\/urunlerimiz\/omni-id-iq-400-rfid-tag\/","og_locale":"en_US","og_type":"article","og_title":"Omni-ID IQ 400 RFID Tag - RFID Depo","og_description":"Omni-ID IQ 400 RFID Tag, Impinj \u00e7ipli ve IP68 yapisiyla metal zeminlerde y\u00fcksek okuma performansi sunar. Demirbas takibi ve end\u00fcstriyel uygulamalarda ideal.","og_url":"https:\/\/rfiddepo.com\/en\/urunlerimiz\/omni-id-iq-400-rfid-tag\/","og_site_name":"RFID Depo","article_modified_time":"2025-10-14T17:12:01+00:00","og_image":[{"width":2048,"height":1536,"url":"https:\/\/rfiddepo.com\/wp-content\/uploads\/2020\/05\/omni-id-iq-400-rfid-etiket-48f4-.jpeg","type":"image\/jpeg"}],"twitter_card":"summary_large_image","twitter_misc":{"Est. reading time":"1 minute"},"schema":{"@context":"https:\/\/schema.org","@graph":[{"@type":"WebPage","@id":"https:\/\/rfiddepo.com\/en\/urunlerimiz\/omni-id-iq-400-rfid-tag\/","url":"https:\/\/rfiddepo.com\/en\/urunlerimiz\/omni-id-iq-400-rfid-tag\/","name":"Omni-ID IQ 400 RFID Tag - RFID Depo","isPartOf":{"@id":"https:\/\/rfiddepo.com\/en\/#website"},"primaryImageOfPage":{"@id":"https:\/\/rfiddepo.com\/en\/urunlerimiz\/omni-id-iq-400-rfid-tag\/#primaryimage"},"image":{"@id":"https:\/\/rfiddepo.com\/en\/urunlerimiz\/omni-id-iq-400-rfid-tag\/#primaryimage"},"thumbnailUrl":"https:\/\/rfiddepo.com\/wp-content\/uploads\/2020\/05\/omni-id-iq-400-rfid-etiket-48f4-.jpeg","datePublished":"2020-05-03T22:07:33+00:00","dateModified":"2025-10-14T17:12:01+00:00","description":"Omni-ID IQ 400 RFID Tag, Impinj \u00e7ipli ve IP68 yapisiyla metal zeminlerde y\u00fcksek okuma performansi sunar. Demirbas takibi ve end\u00fcstriyel uygulamalarda ideal.","breadcrumb":{"@id":"https:\/\/rfiddepo.com\/en\/urunlerimiz\/omni-id-iq-400-rfid-tag\/#breadcrumb"},"inLanguage":"en-US","potentialAction":[{"@type":"ReadAction","target":["https:\/\/rfiddepo.com\/en\/urunlerimiz\/omni-id-iq-400-rfid-tag\/"]}]},{"@type":"ImageObject","inLanguage":"en-US","@id":"https:\/\/rfiddepo.com\/en\/urunlerimiz\/omni-id-iq-400-rfid-tag\/#primaryimage","url":"https:\/\/rfiddepo.com\/wp-content\/uploads\/2020\/05\/omni-id-iq-400-rfid-etiket-48f4-.jpeg","contentUrl":"https:\/\/rfiddepo.com\/wp-content\/uploads\/2020\/05\/omni-id-iq-400-rfid-etiket-48f4-.jpeg","width":2048,"height":1536},{"@type":"BreadcrumbList","@id":"https:\/\/rfiddepo.com\/en\/urunlerimiz\/omni-id-iq-400-rfid-tag\/#breadcrumb","itemListElement":[{"@type":"ListItem","position":1,"name":"Anasayfa","item":"https:\/\/rfiddepo.com\/en\/"},{"@type":"ListItem","position":2,"name":"Urunler","item":"https:\/\/rfiddepo.com\/urunler\/"},{"@type":"ListItem","position":3,"name":"Omni-ID IQ 400 RFID Tag"}]},{"@type":"WebSite","@id":"https:\/\/rfiddepo.com\/en\/#website","url":"https:\/\/rfiddepo.com\/en\/","name":"RFID Depo","description":"","publisher":{"@id":"https:\/\/rfiddepo.com\/en\/#organization"},"potentialAction":[{"@type":"SearchAction","target":{"@type":"EntryPoint","urlTemplate":"https:\/\/rfiddepo.com\/en\/?s={search_term_string}"},"query-input":{"@type":"PropertyValueSpecification","valueRequired":true,"valueName":"search_term_string"}}],"inLanguage":"en-US"},{"@type":"Organization","@id":"https:\/\/rfiddepo.com\/en\/#organization","name":"%%sitename%%","url":"https:\/\/rfiddepo.com\/en\/","logo":{"@type":"ImageObject","inLanguage":"en-US","@id":"https:\/\/rfiddepo.com\/en\/#\/schema\/logo\/image\/","url":"https:\/\/rfiddepo.com\/wp-content\/uploads\/2025\/09\/rfiddepo-logo.png","contentUrl":"https:\/\/rfiddepo.com\/wp-content\/uploads\/2025\/09\/rfiddepo-logo.png","width":500,"height":106,"caption":"%%sitename%%"},"image":{"@id":"https:\/\/rfiddepo.com\/en\/#\/schema\/logo\/image\/"}}]}},"_links":{"self":[{"href":"https:\/\/rfiddepo.com\/en\/wp-json\/wp\/v2\/product\/10561","targetHints":{"allow":["GET"]}}],"collection":[{"href":"https:\/\/rfiddepo.com\/en\/wp-json\/wp\/v2\/product"}],"about":[{"href":"https:\/\/rfiddepo.com\/en\/wp-json\/wp\/v2\/types\/product"}],"replies":[{"embeddable":true,"href":"https:\/\/rfiddepo.com\/en\/wp-json\/wp\/v2\/comments?post=10561"}],"wp:featuredmedia":[{"embeddable":true,"href":"https:\/\/rfiddepo.com\/en\/wp-json\/wp\/v2\/media\/147335"}],"wp:attachment":[{"href":"https:\/\/rfiddepo.com\/en\/wp-json\/wp\/v2\/media?parent=10561"}],"wp:term":[{"taxonomy":"product_brand","embeddable":true,"href":"https:\/\/rfiddepo.com\/en\/wp-json\/wp\/v2\/product_brand?post=10561"},{"taxonomy":"product_cat","embeddable":true,"href":"https:\/\/rfiddepo.com\/en\/wp-json\/wp\/v2\/product_cat?post=10561"},{"taxonomy":"product_tag","embeddable":true,"href":"https:\/\/rfiddepo.com\/en\/wp-json\/wp\/v2\/product_tag?post=10561"}],"curies":[{"name":"wp","href":"https:\/\/api.w.org\/{rel}","templated":true}]}}