{"id":10549,"date":"2020-05-03T21:58:44","date_gmt":"2020-05-03T21:58:44","guid":{"rendered":"http:\/\/www.test.rfiddepo.com\/?post_type=product&#038;p=10549"},"modified":"2025-10-14T17:12:59","modified_gmt":"2025-10-14T17:12:59","slug":"omni-id-flex-1200-rfid-tag","status":"publish","type":"product","link":"https:\/\/rfiddepo.com\/en\/urunlerimiz\/omni-id-flex-1200-rfid-tag\/","title":{"rendered":"Omni-ID Flex 1200 RFID Tag"},"content":{"rendered":"<table class=\"blueTable\">\n<tbody>\n<tr>\n<td><strong>Product Name<\/strong><\/td>\n<td>Omni-ID Flex 1200<\/td>\n<\/tr>\n<tr>\n<td><strong>Operating Frequency<\/strong><\/td>\n<td>ETSI 865.6\u2013867.6 MHz or FCC\/IC 902\u2013928 MHz-<\/td>\n<\/tr>\n<tr>\n<td><strong>Dimensions<\/strong><\/td>\n<td>75.0 x 25.0 x 2.50<\/td>\n<\/tr>\n<tr>\n<td><strong>Memory<\/strong><\/td>\n<td>EPC \u2013 128(96) bits<br \/>\nUser \u2013 32(64) bits<br \/>\nUnique TID \u2013 48 bits<\/td>\n<\/tr>\n<tr>\n<td><strong>Reading Distance<\/strong><\/td>\n<td>\n<div class=\"spec-content\">\n<p>On metal:\u00a0Up to 12.0m<br \/>\nOff metal:Up to 8.0m<\/p>\n<\/div>\n<\/td>\n<\/tr>\n<tr>\n<td><b>Area of use<\/b><\/td>\n<td>Fixed Asset Tracking Projects, Logistics and Industrial Applications<\/td>\n<\/tr>\n<tr>\n<td><strong>IP Rating<\/strong><\/td>\n<td>IP68<\/td>\n<\/tr>\n<tr>\n<td><strong>Operating Temperature<\/strong><\/td>\n<td>\u201340 \u00b0 to +85 \u00b0C<\/td>\n<\/tr>\n<tr>\n<td><strong>Chip<\/strong><\/td>\n<td>Impinj R6P<\/td>\n<\/tr>\n<tr>\n<td><strong>Brand<br \/>\n<\/strong><\/td>\n<td><a href=\"\/marka\/omni-id\/\"><img decoding=\"async\" src=\"http:\/\/www.test.rfiddepo.com\/wp-content\/uploads\/2025\/10\/Omni-ID-300x107.png\" alt=\"\" width=\"300\" height=\"107\" class=\"alignnone size-medium wp-image-148169\" srcset=\"https:\/\/rfiddepo.com\/wp-content\/uploads\/2025\/10\/Omni-ID-300x107.png 300w, https:\/\/rfiddepo.com\/wp-content\/uploads\/2025\/10\/Omni-ID-600x215.png 600w, https:\/\/rfiddepo.com\/wp-content\/uploads\/2025\/10\/Omni-ID.png 732w\" sizes=\"(max-width: 300px) 100vw, 300px\" \/><\/a><\/td>\n<\/tr>\n<\/tbody>\n<\/table>\n<h2 style=\"font-size: 20px;\">Strong and Durable<\/h2>\n<p>With its IP68 certification, the Omni-ID Flex 1200 is dust and water resistant, ensuring reliable operation even in the most challenging environments.<\/p>\n<h2 style=\"font-size: 20px;\">High Reading Performance<\/h2>\n<p>It offers high reading performance thanks to the Impinj chip. It provides a superior reading experience, especially on metal surfaces.<\/p>\n<h2 style=\"font-size: 20px;\">Multi-Purpose Use<\/h2>\n<p>It can be used on both metal and non-metal surfaces, making it suitable for a wide range of applications.<\/p>\n<h2 style=\"font-size: 20px;\">Application Areas<\/h2>\n<ul>\n<li>Fixed Asset Tracking<\/li>\n<li>Logistics<\/li>\n<li>Industrial Applications<\/li>\n<\/ul>\n<h2 style=\"font-size: 20px;\">Technical Specifications<\/h2>\n<table>\n<tbody>\n<tr>\n<th>Feature<\/th>\n<th>Value<\/th>\n<\/tr>\n<tr>\n<td>Chip Type<\/td>\n<td>Impinj<\/td>\n<\/tr>\n<tr>\n<td>Temperature Range<\/td>\n<td>-25\u00b0C ila +85\u00b0C<\/td>\n<\/tr>\n<\/tbody>\n<\/table>\n<h4>Why Omni-ID Flex 1200?<\/h4>\n<ul>\n<li>IP68 Protection<\/li>\n<li>High Reading Performance<\/li>\n<li>Multi-Purpose Use<\/li>\n<li>Long-lasting<\/li>\n<\/ul>","protected":false},"excerpt":{"rendered":"<p>The Flex 1200 is an Omni-ID product featuring an embedded Impinj chip, designed for use on metal surfaces. It is known for its IP68 rating and its different reading capabilities on metal and non-metal surfaces. In other words, as a tag, it has better reading performance on metal surfaces. It is frequently used in fixed asset tracking projects, logistics, and industrial applications.<\/p>\n<div class=\"datasheet\"><a href=\"\/wp-content\/uploads\/2025\/09\/Omni-ID_Flex_1200_datasheet.pdf\" target=\"_blank\" class=\"datasheet-btn\" rel=\"noopener\"><br \/>\n\ud83d\udcc4 Datasheet<br \/>\n<\/a><\/div>","protected":false},"featured_media":147343,"comment_status":"closed","ping_status":"closed","template":"","meta":{"_monsterinsights_skip_tracking":false,"_monsterinsights_sitenote_active":false,"_monsterinsights_sitenote_note":"","_monsterinsights_sitenote_category":0},"product_brand":[127,178],"product_cat":[73,75,72],"product_tag":[142,181,134,143],"class_list":{"0":"post-10549","1":"product","2":"type-product","3":"status-publish","4":"has-post-thumbnail","6":"product_brand-impinj","7":"product_brand-omni-id","8":"product_cat-demirbas-rfid-tagleri","9":"product_cat-metal-ustu-rfid-tagler-rfid-tagler","10":"product_cat-rfid-tagler","11":"product_tag-flex-1200-rfid-tag","12":"product_tag-metal-calisan-rfid-taag","13":"product_tag-omni-id","14":"product_tag-omni-id-flex-1200","16":"first","17":"instock","18":"shipping-taxable","19":"purchasable","20":"product-type-simple"},"yoast_head":"<!-- This site is optimized with the Yoast SEO plugin v26.6 - https:\/\/yoast.com\/wordpress\/plugins\/seo\/ -->\n<title>Omni-ID Flex 1200 RFID Tag - RFID Depo<\/title>\n<meta name=\"description\" content=\"Omni-ID Flex 1200, IP68 sertifikali, metal ve metal olmayan y\u00fczeylerde kullanilabilen, y\u00fcksek performansli bir RFID etiketidir. Demirbas takip, lojistik ve end\u00fcstriyel uygulamalar i\u00e7in idealdir.\" \/>\n<meta name=\"robots\" content=\"index, follow, max-snippet:-1, max-image-preview:large, max-video-preview:-1\" \/>\n<link rel=\"canonical\" href=\"https:\/\/rfiddepo.com\/en\/urunlerimiz\/omni-id-flex-1200-rfid-tag\/\" \/>\n<meta property=\"og:locale\" content=\"en_US\" \/>\n<meta property=\"og:type\" content=\"article\" \/>\n<meta property=\"og:title\" content=\"Omni-ID Flex 1200 RFID Tag - RFID Depo\" \/>\n<meta property=\"og:description\" content=\"Omni-ID Flex 1200, IP68 sertifikali, metal ve metal olmayan y\u00fczeylerde kullanilabilen, y\u00fcksek performansli bir RFID etiketidir. Demirbas takip, lojistik ve end\u00fcstriyel uygulamalar i\u00e7in idealdir.\" \/>\n<meta property=\"og:url\" content=\"https:\/\/rfiddepo.com\/en\/urunlerimiz\/omni-id-flex-1200-rfid-tag\/\" \/>\n<meta property=\"og:site_name\" content=\"RFID Depo\" \/>\n<meta property=\"article:modified_time\" content=\"2025-10-14T17:12:59+00:00\" \/>\n<meta property=\"og:image\" content=\"https:\/\/rfiddepo.com\/wp-content\/uploads\/2020\/05\/Omni-ID_Flex_1200_datasheet.pdf-image-001.jpg\" \/>\n\t<meta property=\"og:image:width\" content=\"1022\" \/>\n\t<meta property=\"og:image:height\" content=\"748\" \/>\n\t<meta property=\"og:image:type\" content=\"image\/jpeg\" \/>\n<meta name=\"twitter:card\" content=\"summary_large_image\" \/>\n<meta name=\"twitter:label1\" content=\"Est. reading time\" \/>\n\t<meta name=\"twitter:data1\" content=\"1 minute\" \/>\n<script type=\"application\/ld+json\" class=\"yoast-schema-graph\">{\"@context\":\"https:\/\/schema.org\",\"@graph\":[{\"@type\":\"WebPage\",\"@id\":\"https:\/\/rfiddepo.com\/en\/urunlerimiz\/omni-id-flex-1200-rfid-tag\/\",\"url\":\"https:\/\/rfiddepo.com\/en\/urunlerimiz\/omni-id-flex-1200-rfid-tag\/\",\"name\":\"Omni-ID Flex 1200 RFID Tag - RFID Depo\",\"isPartOf\":{\"@id\":\"https:\/\/rfiddepo.com\/en\/#website\"},\"primaryImageOfPage\":{\"@id\":\"https:\/\/rfiddepo.com\/en\/urunlerimiz\/omni-id-flex-1200-rfid-tag\/#primaryimage\"},\"image\":{\"@id\":\"https:\/\/rfiddepo.com\/en\/urunlerimiz\/omni-id-flex-1200-rfid-tag\/#primaryimage\"},\"thumbnailUrl\":\"https:\/\/rfiddepo.com\/wp-content\/uploads\/2020\/05\/Omni-ID_Flex_1200_datasheet.pdf-image-001.jpg\",\"datePublished\":\"2020-05-03T21:58:44+00:00\",\"dateModified\":\"2025-10-14T17:12:59+00:00\",\"description\":\"Omni-ID Flex 1200, IP68 sertifikali, metal ve metal olmayan y\u00fczeylerde kullanilabilen, y\u00fcksek performansli bir RFID etiketidir. Demirbas takip, lojistik ve end\u00fcstriyel uygulamalar i\u00e7in idealdir.\",\"breadcrumb\":{\"@id\":\"https:\/\/rfiddepo.com\/en\/urunlerimiz\/omni-id-flex-1200-rfid-tag\/#breadcrumb\"},\"inLanguage\":\"en-US\",\"potentialAction\":[{\"@type\":\"ReadAction\",\"target\":[\"https:\/\/rfiddepo.com\/en\/urunlerimiz\/omni-id-flex-1200-rfid-tag\/\"]}]},{\"@type\":\"ImageObject\",\"inLanguage\":\"en-US\",\"@id\":\"https:\/\/rfiddepo.com\/en\/urunlerimiz\/omni-id-flex-1200-rfid-tag\/#primaryimage\",\"url\":\"https:\/\/rfiddepo.com\/wp-content\/uploads\/2020\/05\/Omni-ID_Flex_1200_datasheet.pdf-image-001.jpg\",\"contentUrl\":\"https:\/\/rfiddepo.com\/wp-content\/uploads\/2020\/05\/Omni-ID_Flex_1200_datasheet.pdf-image-001.jpg\",\"width\":1022,\"height\":748},{\"@type\":\"BreadcrumbList\",\"@id\":\"https:\/\/rfiddepo.com\/en\/urunlerimiz\/omni-id-flex-1200-rfid-tag\/#breadcrumb\",\"itemListElement\":[{\"@type\":\"ListItem\",\"position\":1,\"name\":\"Anasayfa\",\"item\":\"https:\/\/rfiddepo.com\/en\/\"},{\"@type\":\"ListItem\",\"position\":2,\"name\":\"Urunler\",\"item\":\"https:\/\/rfiddepo.com\/urunler\/\"},{\"@type\":\"ListItem\",\"position\":3,\"name\":\"Omni-ID Flex 1200 RFID Tag\"}]},{\"@type\":\"WebSite\",\"@id\":\"https:\/\/rfiddepo.com\/en\/#website\",\"url\":\"https:\/\/rfiddepo.com\/en\/\",\"name\":\"RFID Depo\",\"description\":\"\",\"publisher\":{\"@id\":\"https:\/\/rfiddepo.com\/en\/#organization\"},\"potentialAction\":[{\"@type\":\"SearchAction\",\"target\":{\"@type\":\"EntryPoint\",\"urlTemplate\":\"https:\/\/rfiddepo.com\/en\/?s={search_term_string}\"},\"query-input\":{\"@type\":\"PropertyValueSpecification\",\"valueRequired\":true,\"valueName\":\"search_term_string\"}}],\"inLanguage\":\"en-US\"},{\"@type\":\"Organization\",\"@id\":\"https:\/\/rfiddepo.com\/en\/#organization\",\"name\":\"%%sitename%%\",\"url\":\"https:\/\/rfiddepo.com\/en\/\",\"logo\":{\"@type\":\"ImageObject\",\"inLanguage\":\"en-US\",\"@id\":\"https:\/\/rfiddepo.com\/en\/#\/schema\/logo\/image\/\",\"url\":\"https:\/\/rfiddepo.com\/wp-content\/uploads\/2025\/09\/rfiddepo-logo.png\",\"contentUrl\":\"https:\/\/rfiddepo.com\/wp-content\/uploads\/2025\/09\/rfiddepo-logo.png\",\"width\":500,\"height\":106,\"caption\":\"%%sitename%%\"},\"image\":{\"@id\":\"https:\/\/rfiddepo.com\/en\/#\/schema\/logo\/image\/\"}}]}<\/script>\n<!-- \/ Yoast SEO plugin. -->","yoast_head_json":{"title":"Omni-ID Flex 1200 RFID Tag - RFID Depo","description":"Omni-ID Flex 1200, IP68 sertifikali, metal ve metal olmayan y\u00fczeylerde kullanilabilen, y\u00fcksek performansli bir RFID etiketidir. Demirbas takip, lojistik ve end\u00fcstriyel uygulamalar i\u00e7in idealdir.","robots":{"index":"index","follow":"follow","max-snippet":"max-snippet:-1","max-image-preview":"max-image-preview:large","max-video-preview":"max-video-preview:-1"},"canonical":"https:\/\/rfiddepo.com\/en\/urunlerimiz\/omni-id-flex-1200-rfid-tag\/","og_locale":"en_US","og_type":"article","og_title":"Omni-ID Flex 1200 RFID Tag - RFID Depo","og_description":"Omni-ID Flex 1200, IP68 sertifikali, metal ve metal olmayan y\u00fczeylerde kullanilabilen, y\u00fcksek performansli bir RFID etiketidir. Demirbas takip, lojistik ve end\u00fcstriyel uygulamalar i\u00e7in idealdir.","og_url":"https:\/\/rfiddepo.com\/en\/urunlerimiz\/omni-id-flex-1200-rfid-tag\/","og_site_name":"RFID Depo","article_modified_time":"2025-10-14T17:12:59+00:00","og_image":[{"width":1022,"height":748,"url":"https:\/\/rfiddepo.com\/wp-content\/uploads\/2020\/05\/Omni-ID_Flex_1200_datasheet.pdf-image-001.jpg","type":"image\/jpeg"}],"twitter_card":"summary_large_image","twitter_misc":{"Est. reading time":"1 minute"},"schema":{"@context":"https:\/\/schema.org","@graph":[{"@type":"WebPage","@id":"https:\/\/rfiddepo.com\/en\/urunlerimiz\/omni-id-flex-1200-rfid-tag\/","url":"https:\/\/rfiddepo.com\/en\/urunlerimiz\/omni-id-flex-1200-rfid-tag\/","name":"Omni-ID Flex 1200 RFID Tag - RFID Depo","isPartOf":{"@id":"https:\/\/rfiddepo.com\/en\/#website"},"primaryImageOfPage":{"@id":"https:\/\/rfiddepo.com\/en\/urunlerimiz\/omni-id-flex-1200-rfid-tag\/#primaryimage"},"image":{"@id":"https:\/\/rfiddepo.com\/en\/urunlerimiz\/omni-id-flex-1200-rfid-tag\/#primaryimage"},"thumbnailUrl":"https:\/\/rfiddepo.com\/wp-content\/uploads\/2020\/05\/Omni-ID_Flex_1200_datasheet.pdf-image-001.jpg","datePublished":"2020-05-03T21:58:44+00:00","dateModified":"2025-10-14T17:12:59+00:00","description":"Omni-ID Flex 1200, IP68 sertifikali, metal ve metal olmayan y\u00fczeylerde kullanilabilen, y\u00fcksek performansli bir RFID etiketidir. Demirbas takip, lojistik ve end\u00fcstriyel uygulamalar i\u00e7in idealdir.","breadcrumb":{"@id":"https:\/\/rfiddepo.com\/en\/urunlerimiz\/omni-id-flex-1200-rfid-tag\/#breadcrumb"},"inLanguage":"en-US","potentialAction":[{"@type":"ReadAction","target":["https:\/\/rfiddepo.com\/en\/urunlerimiz\/omni-id-flex-1200-rfid-tag\/"]}]},{"@type":"ImageObject","inLanguage":"en-US","@id":"https:\/\/rfiddepo.com\/en\/urunlerimiz\/omni-id-flex-1200-rfid-tag\/#primaryimage","url":"https:\/\/rfiddepo.com\/wp-content\/uploads\/2020\/05\/Omni-ID_Flex_1200_datasheet.pdf-image-001.jpg","contentUrl":"https:\/\/rfiddepo.com\/wp-content\/uploads\/2020\/05\/Omni-ID_Flex_1200_datasheet.pdf-image-001.jpg","width":1022,"height":748},{"@type":"BreadcrumbList","@id":"https:\/\/rfiddepo.com\/en\/urunlerimiz\/omni-id-flex-1200-rfid-tag\/#breadcrumb","itemListElement":[{"@type":"ListItem","position":1,"name":"Anasayfa","item":"https:\/\/rfiddepo.com\/en\/"},{"@type":"ListItem","position":2,"name":"Urunler","item":"https:\/\/rfiddepo.com\/urunler\/"},{"@type":"ListItem","position":3,"name":"Omni-ID Flex 1200 RFID Tag"}]},{"@type":"WebSite","@id":"https:\/\/rfiddepo.com\/en\/#website","url":"https:\/\/rfiddepo.com\/en\/","name":"RFID Depo","description":"","publisher":{"@id":"https:\/\/rfiddepo.com\/en\/#organization"},"potentialAction":[{"@type":"SearchAction","target":{"@type":"EntryPoint","urlTemplate":"https:\/\/rfiddepo.com\/en\/?s={search_term_string}"},"query-input":{"@type":"PropertyValueSpecification","valueRequired":true,"valueName":"search_term_string"}}],"inLanguage":"en-US"},{"@type":"Organization","@id":"https:\/\/rfiddepo.com\/en\/#organization","name":"%%sitename%%","url":"https:\/\/rfiddepo.com\/en\/","logo":{"@type":"ImageObject","inLanguage":"en-US","@id":"https:\/\/rfiddepo.com\/en\/#\/schema\/logo\/image\/","url":"https:\/\/rfiddepo.com\/wp-content\/uploads\/2025\/09\/rfiddepo-logo.png","contentUrl":"https:\/\/rfiddepo.com\/wp-content\/uploads\/2025\/09\/rfiddepo-logo.png","width":500,"height":106,"caption":"%%sitename%%"},"image":{"@id":"https:\/\/rfiddepo.com\/en\/#\/schema\/logo\/image\/"}}]}},"_links":{"self":[{"href":"https:\/\/rfiddepo.com\/en\/wp-json\/wp\/v2\/product\/10549","targetHints":{"allow":["GET"]}}],"collection":[{"href":"https:\/\/rfiddepo.com\/en\/wp-json\/wp\/v2\/product"}],"about":[{"href":"https:\/\/rfiddepo.com\/en\/wp-json\/wp\/v2\/types\/product"}],"replies":[{"embeddable":true,"href":"https:\/\/rfiddepo.com\/en\/wp-json\/wp\/v2\/comments?post=10549"}],"wp:featuredmedia":[{"embeddable":true,"href":"https:\/\/rfiddepo.com\/en\/wp-json\/wp\/v2\/media\/147343"}],"wp:attachment":[{"href":"https:\/\/rfiddepo.com\/en\/wp-json\/wp\/v2\/media?parent=10549"}],"wp:term":[{"taxonomy":"product_brand","embeddable":true,"href":"https:\/\/rfiddepo.com\/en\/wp-json\/wp\/v2\/product_brand?post=10549"},{"taxonomy":"product_cat","embeddable":true,"href":"https:\/\/rfiddepo.com\/en\/wp-json\/wp\/v2\/product_cat?post=10549"},{"taxonomy":"product_tag","embeddable":true,"href":"https:\/\/rfiddepo.com\/en\/wp-json\/wp\/v2\/product_tag?post=10549"}],"curies":[{"name":"wp","href":"https:\/\/api.w.org\/{rel}","templated":true}]}}