{"id":10546,"date":"2020-05-03T21:55:06","date_gmt":"2020-05-03T21:55:06","guid":{"rendered":"http:\/\/www.test.rfiddepo.com\/?post_type=product&#038;p=10546"},"modified":"2025-10-14T17:10:09","modified_gmt":"2025-10-14T17:10:09","slug":"omni-id-prox-450-200-rfid-tag","status":"publish","type":"product","link":"https:\/\/rfiddepo.com\/en\/urunlerimiz\/omni-id-prox-450-200-rfid-tag\/","title":{"rendered":"Omni-ID Prox 450 &#038; 200 RFID Tag"},"content":{"rendered":"<p>&nbsp;<\/p>\n<p>&nbsp;<\/p>\n<table class=\"blueTable\">\n<tbody>\n<tr>\n<td><strong>Product Name<\/strong><\/td>\n<td>Omni-ID Prox 450 &amp; 200 RFID Tag<\/td>\n<\/tr>\n<tr>\n<td><strong>Operating Frequency<\/strong><\/td>\n<td>ETSI 865.6\u2013867.6 MHz or FCC\/IC 902\u2013928 MHz-<\/td>\n<\/tr>\n<tr>\n<td><strong>Dimensions<\/strong><\/td>\n<td>35.0 x 10.0 x 5.0<\/td>\n<\/tr>\n<tr>\n<td><strong>Memory<\/strong><\/td>\n<td>EPC \u2013 128bits<br \/>\nUser \u2013 512bits<br \/>\nUTID \u2013 48bits<\/td>\n<\/tr>\n<tr>\n<td><strong>Reading Distance<\/strong><\/td>\n<td>\n<div class=\"spec-content\">\n<p><strong>Prox 450<\/strong><\/p>\n<p>On metal:\u00a0Up to 4.4<br \/>\nOff metal:NA<\/p>\n<p><strong>Prox 200<\/strong><\/p>\n<p>On metal:\u00a0Up to 2.4<br \/>\nOff metal:Up to 2.3<\/p>\n<\/div>\n<\/td>\n<\/tr>\n<tr>\n<td><b>Area of use<\/b><\/td>\n<td>Fixed Asset Tracking Projects, IT Equipment Tracking<\/td>\n<\/tr>\n<tr>\n<td><strong>IP Rating<\/strong><\/td>\n<td>IP54<\/td>\n<\/tr>\n<tr>\n<td><strong>Operating Temperature<\/strong><\/td>\n<td>\u201340 \u00b0 to +85 \u00b0C<\/td>\n<\/tr>\n<tr>\n<td><strong>Chip<\/strong><\/td>\n<td>Impinj M4QT<\/td>\n<\/tr>\n<tr>\n<td><strong>Brand<br \/>\n<\/strong><\/td>\n<td><a href=\"\/marka\/omni-id\/\"><img decoding=\"async\" src=\"http:\/\/www.test.rfiddepo.com\/wp-content\/uploads\/2025\/10\/Omni-ID-300x107.png\" alt=\"\" width=\"300\" height=\"107\" class=\"alignnone size-medium wp-image-148169\" srcset=\"https:\/\/rfiddepo.com\/wp-content\/uploads\/2025\/10\/Omni-ID-300x107.png 300w, https:\/\/rfiddepo.com\/wp-content\/uploads\/2025\/10\/Omni-ID-600x215.png 600w, https:\/\/rfiddepo.com\/wp-content\/uploads\/2025\/10\/Omni-ID.png 732w\" sizes=\"(max-width: 300px) 100vw, 300px\" \/><\/a><\/td>\n<\/tr>\n<\/tbody>\n<\/table>\n<h3 class=\"\" data-sourcepos=\"5:1-5:25\"><strong>Omni-ID Prox 450:<\/strong><\/h3>\n<ul data-sourcepos=\"7:1-7:25\">\n<li data-sourcepos=\"7:1-7:25\"><strong>Metal Surface Specialist:<\/strong> Prox 450 is specifically designed for labeling on metal surfaces. It is ideal for tracking IT equipment on metal cabinets, shelves, and other metal surfaces.<\/li>\n<li data-sourcepos=\"8:1-8:193\"><strong>Best Reading Performance:<\/strong> It delivers the highest reading performance on metal surfaces. This minimizes signal attenuation caused by metal obstacles and ensures reliable data collection.<\/li>\n<li data-sourcepos=\"9:1-10:0\"><strong>Impinj Chip Power:<\/strong> It enables fast and accurate data transfer thanks to the Impinj chip.<\/li>\n<\/ul>\n<h3 class=\"\" data-sourcepos=\"11:1-11:25\"><strong>Omni-ID Prox 200:<\/strong><\/h3>\n<ul data-sourcepos=\"13:1-16:0\">\n<li data-sourcepos=\"13:1-13:203\"><strong>Multipurpose:<\/strong> Prox 200 can be used on both metal and non-metal surfaces. This allows you to track different types of assets, such as IT equipment and office supplies.<\/li>\n<li data-sourcepos=\"14:1-14:105\"><strong>Wide Range of Applications:<\/strong> It can be used in office environments, storage areas, and many other places.<\/li>\n<li data-sourcepos=\"15:1-16:0\"><strong>Impinj Chip Power:<\/strong> It delivers high performance and reliability thanks to the Impinj chip.<\/li>\n<\/ul>\n<p data-sourcepos=\"17:1-17:60\"><strong>Why Choose Omni-ID Prox RFID Tags?<\/strong><\/p>\n<ul data-sourcepos=\"19:1-24:0\">\n<li data-sourcepos=\"19:1-19:76\"><strong>Y\u00fcksek Performans:<\/strong> Fast and accurate data transfer thanks to the Impinj chip.<\/li>\n<li data-sourcepos=\"20:1-20:84\"><strong>Durability:<\/strong> Long-lasting use thanks to its durable construction for harsh environments.<\/li>\n<li data-sourcepos=\"21:1-21:79\"><strong>Multipurpose:<\/strong> Suitable options for different surfaces and applications.<\/li>\n<li data-sourcepos=\"22:1-22:69\"><strong>Reliability:<\/strong> A reliable tracking system that prevents data loss.<\/li>\n<li data-sourcepos=\"23:1-24:0\"><strong>Easy Integration:<\/strong> It can be easily integrated into your existing systems.<\/li>\n<\/ul>\n<p data-sourcepos=\"25:1-25:48\"><strong>RFID Solutions with Rfiddepo.com<\/strong><\/p>\n<p data-sourcepos=\"27:1-27:24\"><strong>Rfiddepo.com<\/strong>, In addition to Omni-ID Prox 450 and 200 RFID tags, we offer customized RFID solutions with a wide range of products and an expert team.<\/p>\n<ul data-sourcepos=\"29:1-32:0\">\n<li data-sourcepos=\"29:1-29:117\"><strong>Free Technical Support:<\/strong> You can get support from our expert team for any questions you may have about your RFID systems.<\/li>\n<li data-sourcepos=\"30:1-30:92\"><strong>Custom Labeling Solutions:<\/strong> We can develop customized labeling solutions for your needs.<\/li>\n<li data-sourcepos=\"31:1-32:0\"><strong>Fast Delivery:<\/strong> Don't waste time\u2014get your orders delivered quickly.<\/li>\n<\/ul>\n<p data-sourcepos=\"33:1-33:120\"><strong>Optimize your RFID systems, increase your efficiency, and reduce your costs with Rfiddepo.com.<\/strong><\/p>","protected":false},"excerpt":{"rendered":"<div class=\"user-query-container ng-star-inserted\">\n<div id=\"user-query-content-15\" class=\"query-content\">\n<div class=\"query-text collapsed ng-star-inserted\" dir=\"ltr\">\n<p class=\"query-text-line ng-star-inserted\">Prox 450 &amp; 200 are Omni-ID products with embedded Impinj chips, designed for use on metal surfaces. Due to its design, the Prox 450 only reads on metal surfaces. As a result, it offers better read performance than the Prox200. The Prox200, on the other hand, can operate on both metal and non-metal surfaces. However, its reading performance is shorter than that of the Prox400. Both tags are primarily used for tracking IT equipment and office supplies.<\/p>\n<\/div>\n<\/div>\n<\/div>\n<div class=\"datasheet\"><a href=\"\/wp-content\/uploads\/2025\/09\/Omni-ID_Prox_450_EN.pdf\" target=\"_blank\" class=\"datasheet-btn\" rel=\"noopener\">\ud83d\udcc4 Datasheet<br \/>\n<\/a><\/div>","protected":false},"featured_media":147357,"comment_status":"closed","ping_status":"closed","template":"","meta":{"_monsterinsights_skip_tracking":false,"_monsterinsights_sitenote_active":false,"_monsterinsights_sitenote_note":"","_monsterinsights_sitenote_category":0},"product_brand":[127,178],"product_cat":[73,75,72],"product_tag":[182,134,144,145,146],"class_list":{"0":"post-10546","1":"product","2":"type-product","3":"status-publish","4":"has-post-thumbnail","6":"product_brand-impinj","7":"product_brand-omni-id","8":"product_cat-demirbas-rfid-tagleri","9":"product_cat-metal-ustu-rfid-tagler-rfid-tagler","10":"product_cat-rfid-tagler","11":"product_tag-metal-calisan-rfid-tag","12":"product_tag-omni-id","13":"product_tag-omni-id-prox-200","14":"product_tag-omni-id-prox-450","15":"product_tag-rfid-tag","17":"first","18":"instock","19":"shipping-taxable","20":"purchasable","21":"product-type-simple"},"yoast_head":"<!-- This site is optimized with the Yoast SEO plugin v26.6 - https:\/\/yoast.com\/wordpress\/plugins\/seo\/ -->\n<title>Omni-ID Prox 450 &amp; 200 RFID Tag - RFID Depo<\/title>\n<meta name=\"description\" content=\"Omni-ID Prox 450 ve 200 RFID etiketleri, \u00f6zellikle IT ekipmanlari ve ofis malzemeleri gibi varliklarin takibinde kullanilan, y\u00fcksek performansli \u00fcr\u00fcnlerdir. Her iki etiket de Impinj \u00e7ipi ile donatilmis olup, farkli y\u00fczeyler ve kullanim senaryolari i\u00e7in optimize edilmistir.\" \/>\n<meta name=\"robots\" content=\"index, follow, max-snippet:-1, max-image-preview:large, max-video-preview:-1\" \/>\n<link rel=\"canonical\" href=\"https:\/\/rfiddepo.com\/en\/urunlerimiz\/omni-id-prox-450-200-rfid-tag\/\" \/>\n<meta property=\"og:locale\" content=\"en_US\" \/>\n<meta property=\"og:type\" content=\"article\" \/>\n<meta property=\"og:title\" content=\"Omni-ID Prox 450 &amp; 200 RFID Tag - RFID Depo\" \/>\n<meta property=\"og:description\" content=\"Omni-ID Prox 450 ve 200 RFID etiketleri, \u00f6zellikle IT ekipmanlari ve ofis malzemeleri gibi varliklarin takibinde kullanilan, y\u00fcksek performansli \u00fcr\u00fcnlerdir. Her iki etiket de Impinj \u00e7ipi ile donatilmis olup, farkli y\u00fczeyler ve kullanim senaryolari i\u00e7in optimize edilmistir.\" \/>\n<meta property=\"og:url\" content=\"https:\/\/rfiddepo.com\/en\/urunlerimiz\/omni-id-prox-450-200-rfid-tag\/\" \/>\n<meta property=\"og:site_name\" content=\"RFID Depo\" \/>\n<meta property=\"article:modified_time\" content=\"2025-10-14T17:10:09+00:00\" \/>\n<meta property=\"og:image\" content=\"https:\/\/rfiddepo.com\/wp-content\/uploads\/2020\/05\/Omni-ID_Prox_450_EN.pdf-image-007.jpg\" \/>\n\t<meta property=\"og:image:width\" content=\"600\" \/>\n\t<meta property=\"og:image:height\" content=\"653\" \/>\n\t<meta property=\"og:image:type\" content=\"image\/jpeg\" \/>\n<meta name=\"twitter:card\" content=\"summary_large_image\" \/>\n<meta name=\"twitter:label1\" content=\"Est. reading time\" \/>\n\t<meta name=\"twitter:data1\" content=\"2 minutes\" \/>\n<script type=\"application\/ld+json\" class=\"yoast-schema-graph\">{\"@context\":\"https:\/\/schema.org\",\"@graph\":[{\"@type\":\"WebPage\",\"@id\":\"https:\/\/rfiddepo.com\/en\/urunlerimiz\/omni-id-prox-450-200-rfid-tag\/\",\"url\":\"https:\/\/rfiddepo.com\/en\/urunlerimiz\/omni-id-prox-450-200-rfid-tag\/\",\"name\":\"Omni-ID Prox 450 & 200 RFID Tag - RFID Depo\",\"isPartOf\":{\"@id\":\"https:\/\/rfiddepo.com\/en\/#website\"},\"primaryImageOfPage\":{\"@id\":\"https:\/\/rfiddepo.com\/en\/urunlerimiz\/omni-id-prox-450-200-rfid-tag\/#primaryimage\"},\"image\":{\"@id\":\"https:\/\/rfiddepo.com\/en\/urunlerimiz\/omni-id-prox-450-200-rfid-tag\/#primaryimage\"},\"thumbnailUrl\":\"https:\/\/rfiddepo.com\/wp-content\/uploads\/2020\/05\/Omni-ID_Prox_450_EN.pdf-image-007.jpg\",\"datePublished\":\"2020-05-03T21:55:06+00:00\",\"dateModified\":\"2025-10-14T17:10:09+00:00\",\"description\":\"Omni-ID Prox 450 ve 200 RFID etiketleri, \u00f6zellikle IT ekipmanlari ve ofis malzemeleri gibi varliklarin takibinde kullanilan, y\u00fcksek performansli \u00fcr\u00fcnlerdir. Her iki etiket de Impinj \u00e7ipi ile donatilmis olup, farkli y\u00fczeyler ve kullanim senaryolari i\u00e7in optimize edilmistir.\",\"breadcrumb\":{\"@id\":\"https:\/\/rfiddepo.com\/en\/urunlerimiz\/omni-id-prox-450-200-rfid-tag\/#breadcrumb\"},\"inLanguage\":\"en-US\",\"potentialAction\":[{\"@type\":\"ReadAction\",\"target\":[\"https:\/\/rfiddepo.com\/en\/urunlerimiz\/omni-id-prox-450-200-rfid-tag\/\"]}]},{\"@type\":\"ImageObject\",\"inLanguage\":\"en-US\",\"@id\":\"https:\/\/rfiddepo.com\/en\/urunlerimiz\/omni-id-prox-450-200-rfid-tag\/#primaryimage\",\"url\":\"https:\/\/rfiddepo.com\/wp-content\/uploads\/2020\/05\/Omni-ID_Prox_450_EN.pdf-image-007.jpg\",\"contentUrl\":\"https:\/\/rfiddepo.com\/wp-content\/uploads\/2020\/05\/Omni-ID_Prox_450_EN.pdf-image-007.jpg\",\"width\":600,\"height\":653},{\"@type\":\"BreadcrumbList\",\"@id\":\"https:\/\/rfiddepo.com\/en\/urunlerimiz\/omni-id-prox-450-200-rfid-tag\/#breadcrumb\",\"itemListElement\":[{\"@type\":\"ListItem\",\"position\":1,\"name\":\"Anasayfa\",\"item\":\"https:\/\/rfiddepo.com\/en\/\"},{\"@type\":\"ListItem\",\"position\":2,\"name\":\"Urunler\",\"item\":\"https:\/\/rfiddepo.com\/urunler\/\"},{\"@type\":\"ListItem\",\"position\":3,\"name\":\"Omni-ID Prox 450 &#038; 200 RFID Tag\"}]},{\"@type\":\"WebSite\",\"@id\":\"https:\/\/rfiddepo.com\/en\/#website\",\"url\":\"https:\/\/rfiddepo.com\/en\/\",\"name\":\"RFID Depo\",\"description\":\"\",\"publisher\":{\"@id\":\"https:\/\/rfiddepo.com\/en\/#organization\"},\"potentialAction\":[{\"@type\":\"SearchAction\",\"target\":{\"@type\":\"EntryPoint\",\"urlTemplate\":\"https:\/\/rfiddepo.com\/en\/?s={search_term_string}\"},\"query-input\":{\"@type\":\"PropertyValueSpecification\",\"valueRequired\":true,\"valueName\":\"search_term_string\"}}],\"inLanguage\":\"en-US\"},{\"@type\":\"Organization\",\"@id\":\"https:\/\/rfiddepo.com\/en\/#organization\",\"name\":\"%%sitename%%\",\"url\":\"https:\/\/rfiddepo.com\/en\/\",\"logo\":{\"@type\":\"ImageObject\",\"inLanguage\":\"en-US\",\"@id\":\"https:\/\/rfiddepo.com\/en\/#\/schema\/logo\/image\/\",\"url\":\"https:\/\/rfiddepo.com\/wp-content\/uploads\/2025\/09\/rfiddepo-logo.png\",\"contentUrl\":\"https:\/\/rfiddepo.com\/wp-content\/uploads\/2025\/09\/rfiddepo-logo.png\",\"width\":500,\"height\":106,\"caption\":\"%%sitename%%\"},\"image\":{\"@id\":\"https:\/\/rfiddepo.com\/en\/#\/schema\/logo\/image\/\"}}]}<\/script>\n<!-- \/ Yoast SEO plugin. -->","yoast_head_json":{"title":"Omni-ID Prox 450 & 200 RFID Tag - RFID Depo","description":"Omni-ID Prox 450 ve 200 RFID etiketleri, \u00f6zellikle IT ekipmanlari ve ofis malzemeleri gibi varliklarin takibinde kullanilan, y\u00fcksek performansli \u00fcr\u00fcnlerdir. Her iki etiket de Impinj \u00e7ipi ile donatilmis olup, farkli y\u00fczeyler ve kullanim senaryolari i\u00e7in optimize edilmistir.","robots":{"index":"index","follow":"follow","max-snippet":"max-snippet:-1","max-image-preview":"max-image-preview:large","max-video-preview":"max-video-preview:-1"},"canonical":"https:\/\/rfiddepo.com\/en\/urunlerimiz\/omni-id-prox-450-200-rfid-tag\/","og_locale":"en_US","og_type":"article","og_title":"Omni-ID Prox 450 & 200 RFID Tag - RFID Depo","og_description":"Omni-ID Prox 450 ve 200 RFID etiketleri, \u00f6zellikle IT ekipmanlari ve ofis malzemeleri gibi varliklarin takibinde kullanilan, y\u00fcksek performansli \u00fcr\u00fcnlerdir. Her iki etiket de Impinj \u00e7ipi ile donatilmis olup, farkli y\u00fczeyler ve kullanim senaryolari i\u00e7in optimize edilmistir.","og_url":"https:\/\/rfiddepo.com\/en\/urunlerimiz\/omni-id-prox-450-200-rfid-tag\/","og_site_name":"RFID Depo","article_modified_time":"2025-10-14T17:10:09+00:00","og_image":[{"width":600,"height":653,"url":"https:\/\/rfiddepo.com\/wp-content\/uploads\/2020\/05\/Omni-ID_Prox_450_EN.pdf-image-007.jpg","type":"image\/jpeg"}],"twitter_card":"summary_large_image","twitter_misc":{"Est. reading time":"2 minutes"},"schema":{"@context":"https:\/\/schema.org","@graph":[{"@type":"WebPage","@id":"https:\/\/rfiddepo.com\/en\/urunlerimiz\/omni-id-prox-450-200-rfid-tag\/","url":"https:\/\/rfiddepo.com\/en\/urunlerimiz\/omni-id-prox-450-200-rfid-tag\/","name":"Omni-ID Prox 450 & 200 RFID Tag - RFID Depo","isPartOf":{"@id":"https:\/\/rfiddepo.com\/en\/#website"},"primaryImageOfPage":{"@id":"https:\/\/rfiddepo.com\/en\/urunlerimiz\/omni-id-prox-450-200-rfid-tag\/#primaryimage"},"image":{"@id":"https:\/\/rfiddepo.com\/en\/urunlerimiz\/omni-id-prox-450-200-rfid-tag\/#primaryimage"},"thumbnailUrl":"https:\/\/rfiddepo.com\/wp-content\/uploads\/2020\/05\/Omni-ID_Prox_450_EN.pdf-image-007.jpg","datePublished":"2020-05-03T21:55:06+00:00","dateModified":"2025-10-14T17:10:09+00:00","description":"Omni-ID Prox 450 ve 200 RFID etiketleri, \u00f6zellikle IT ekipmanlari ve ofis malzemeleri gibi varliklarin takibinde kullanilan, y\u00fcksek performansli \u00fcr\u00fcnlerdir. Her iki etiket de Impinj \u00e7ipi ile donatilmis olup, farkli y\u00fczeyler ve kullanim senaryolari i\u00e7in optimize edilmistir.","breadcrumb":{"@id":"https:\/\/rfiddepo.com\/en\/urunlerimiz\/omni-id-prox-450-200-rfid-tag\/#breadcrumb"},"inLanguage":"en-US","potentialAction":[{"@type":"ReadAction","target":["https:\/\/rfiddepo.com\/en\/urunlerimiz\/omni-id-prox-450-200-rfid-tag\/"]}]},{"@type":"ImageObject","inLanguage":"en-US","@id":"https:\/\/rfiddepo.com\/en\/urunlerimiz\/omni-id-prox-450-200-rfid-tag\/#primaryimage","url":"https:\/\/rfiddepo.com\/wp-content\/uploads\/2020\/05\/Omni-ID_Prox_450_EN.pdf-image-007.jpg","contentUrl":"https:\/\/rfiddepo.com\/wp-content\/uploads\/2020\/05\/Omni-ID_Prox_450_EN.pdf-image-007.jpg","width":600,"height":653},{"@type":"BreadcrumbList","@id":"https:\/\/rfiddepo.com\/en\/urunlerimiz\/omni-id-prox-450-200-rfid-tag\/#breadcrumb","itemListElement":[{"@type":"ListItem","position":1,"name":"Anasayfa","item":"https:\/\/rfiddepo.com\/en\/"},{"@type":"ListItem","position":2,"name":"Urunler","item":"https:\/\/rfiddepo.com\/urunler\/"},{"@type":"ListItem","position":3,"name":"Omni-ID Prox 450 &#038; 200 RFID Tag"}]},{"@type":"WebSite","@id":"https:\/\/rfiddepo.com\/en\/#website","url":"https:\/\/rfiddepo.com\/en\/","name":"RFID Depo","description":"","publisher":{"@id":"https:\/\/rfiddepo.com\/en\/#organization"},"potentialAction":[{"@type":"SearchAction","target":{"@type":"EntryPoint","urlTemplate":"https:\/\/rfiddepo.com\/en\/?s={search_term_string}"},"query-input":{"@type":"PropertyValueSpecification","valueRequired":true,"valueName":"search_term_string"}}],"inLanguage":"en-US"},{"@type":"Organization","@id":"https:\/\/rfiddepo.com\/en\/#organization","name":"%%sitename%%","url":"https:\/\/rfiddepo.com\/en\/","logo":{"@type":"ImageObject","inLanguage":"en-US","@id":"https:\/\/rfiddepo.com\/en\/#\/schema\/logo\/image\/","url":"https:\/\/rfiddepo.com\/wp-content\/uploads\/2025\/09\/rfiddepo-logo.png","contentUrl":"https:\/\/rfiddepo.com\/wp-content\/uploads\/2025\/09\/rfiddepo-logo.png","width":500,"height":106,"caption":"%%sitename%%"},"image":{"@id":"https:\/\/rfiddepo.com\/en\/#\/schema\/logo\/image\/"}}]}},"_links":{"self":[{"href":"https:\/\/rfiddepo.com\/en\/wp-json\/wp\/v2\/product\/10546","targetHints":{"allow":["GET"]}}],"collection":[{"href":"https:\/\/rfiddepo.com\/en\/wp-json\/wp\/v2\/product"}],"about":[{"href":"https:\/\/rfiddepo.com\/en\/wp-json\/wp\/v2\/types\/product"}],"replies":[{"embeddable":true,"href":"https:\/\/rfiddepo.com\/en\/wp-json\/wp\/v2\/comments?post=10546"}],"wp:featuredmedia":[{"embeddable":true,"href":"https:\/\/rfiddepo.com\/en\/wp-json\/wp\/v2\/media\/147357"}],"wp:attachment":[{"href":"https:\/\/rfiddepo.com\/en\/wp-json\/wp\/v2\/media?parent=10546"}],"wp:term":[{"taxonomy":"product_brand","embeddable":true,"href":"https:\/\/rfiddepo.com\/en\/wp-json\/wp\/v2\/product_brand?post=10546"},{"taxonomy":"product_cat","embeddable":true,"href":"https:\/\/rfiddepo.com\/en\/wp-json\/wp\/v2\/product_cat?post=10546"},{"taxonomy":"product_tag","embeddable":true,"href":"https:\/\/rfiddepo.com\/en\/wp-json\/wp\/v2\/product_tag?post=10546"}],"curies":[{"name":"wp","href":"https:\/\/api.w.org\/{rel}","templated":true}]}}