{"id":10537,"date":"2020-05-03T21:17:24","date_gmt":"2020-05-03T21:17:24","guid":{"rendered":"http:\/\/www.test.rfiddepo.com\/?post_type=product&#038;p=10537"},"modified":"2025-10-14T17:13:15","modified_gmt":"2025-10-14T17:13:15","slug":"omni-id-fit-200-rfid-tag","status":"publish","type":"product","link":"https:\/\/rfiddepo.com\/en\/urunlerimiz\/omni-id-fit-200-rfid-tag\/","title":{"rendered":"Omni-ID Fit 200 RFID Tag"},"content":{"rendered":"<p>&nbsp;<\/p>\n<table class=\"blueTable\">\n<tbody>\n<tr>\n<td><strong>Product Name<\/strong><\/td>\n<td>Omni-ID Fit 200<\/td>\n<\/tr>\n<tr>\n<td><strong>Operating Frequency<\/strong><\/td>\n<td>ETSI 865.6\u2013867.6 MHz or FCC\/IC 902\u2013928 MHz-<\/td>\n<\/tr>\n<tr>\n<td><strong>Dimensions<\/strong><\/td>\n<td>7.8 x 6.8 x 2.7<\/td>\n<\/tr>\n<tr>\n<td><strong>Memory<\/strong><\/td>\n<td>EPC: 96bits<br \/>\nUser: 512bits<br \/>\nUnique TID: 64bits<\/td>\n<\/tr>\n<tr>\n<td><strong>Reading Distance<\/strong><\/td>\n<td>\n<div class=\"spec-content\">\n<p>Fixed reader Read Range (m) :Up to 2.0<br \/>\nHandheld reader Read Range (m):Up to 1.0<\/p>\n<\/div>\n<\/td>\n<\/tr>\n<tr>\n<td><b>Area of use<\/b><\/td>\n<td>Surgical Instrument Tracking, Hand Tool Tracking, IT Equipment<\/td>\n<\/tr>\n<tr>\n<td><strong>IP Rating<\/strong><\/td>\n<td>IP68<\/td>\n<\/tr>\n<tr>\n<td><strong>Operating Temperature<\/strong><\/td>\n<td>-40\u00b0 to +225\u00b0C<\/td>\n<\/tr>\n<tr>\n<td><strong>Chip<\/strong><\/td>\n<td>Alien Higgs3<\/td>\n<\/tr>\n<tr>\n<td><strong>Brand<br \/>\n<\/strong><\/td>\n<td><a href=\"\/marka\/omni-id\/\"><img decoding=\"async\" src=\"http:\/\/www.test.rfiddepo.com\/wp-content\/uploads\/2025\/10\/Omni-ID-300x107.png\" alt=\"\" width=\"300\" height=\"107\" class=\"alignnone size-medium wp-image-148169\" srcset=\"https:\/\/rfiddepo.com\/wp-content\/uploads\/2025\/10\/Omni-ID-300x107.png 300w, https:\/\/rfiddepo.com\/wp-content\/uploads\/2025\/10\/Omni-ID-600x215.png 600w, https:\/\/rfiddepo.com\/wp-content\/uploads\/2025\/10\/Omni-ID.png 732w\" sizes=\"(max-width: 300px) 100vw, 300px\" \/><\/a><\/td>\n<\/tr>\n<\/tbody>\n<\/table>\n<p>&nbsp;<\/p>","protected":false},"excerpt":{"rendered":"<p>Fit 200 Alien chip embedded, Omni-ID products used on metal surfaces. Due to its small size, it is particularly used in surgical instrument tracking. It can withstand temperatures up to +225\u00b0C. Its small size has proportionally affected the reading distance. Therefore, it can be read at a maximum distance of 2m.<\/p>\n<div class=\"datasheet\"><a href=\"\/wp-content\/uploads\/2025\/09\/Omni-ID_Fit_200_datasheet.pdf\" target=\"_blank\" class=\"datasheet-btn\" rel=\"noopener\"><br \/>\n\ud83d\udcc4 Datasheet<br \/>\n<\/a><\/div>","protected":false},"featured_media":147324,"comment_status":"closed","ping_status":"closed","template":"","meta":{"_monsterinsights_skip_tracking":false,"_monsterinsights_sitenote_active":false,"_monsterinsights_sitenote_note":"","_monsterinsights_sitenote_category":0},"product_brand":[178],"product_cat":[73,75,76,72],"product_tag":[183,134,150,149,146],"class_list":{"0":"post-10537","1":"product","2":"type-product","3":"status-publish","4":"has-post-thumbnail","6":"product_brand-omni-id","7":"product_cat-demirbas-rfid-tagleri","8":"product_cat-metal-ustu-rfid-tagler-rfid-tagler","9":"product_cat-micro-rfid-tagler-rfid-tagler","10":"product_cat-rfid-tagler","11":"product_tag-metal-ustu-calisan-rfid-tag","12":"product_tag-omni-id","13":"product_tag-omni-id-fit-200","14":"product_tag-rfid-cerrahi-alet-takibi","15":"product_tag-rfid-tag","17":"first","18":"instock","19":"shipping-taxable","20":"purchasable","21":"product-type-simple"},"yoast_head":"<!-- This site is optimized with the Yoast SEO plugin v26.6 - https:\/\/yoast.com\/wordpress\/plugins\/seo\/ -->\n<title>Omni-ID Fit 200 RFID Tag - RFID Depo<\/title>\n<meta name=\"description\" content=\"K\u00fc\u00e7\u00fck ve dayanikli Omni-ID Fit 200, cerrahi alet takibi i\u00e7in \u00f6zel olarak tasarlanmistir. Metal y\u00fczeylerde sorunsuz \u00e7alisir ve +225\u00b0C&#039;ye kadar sicakliklara dayaniklidir.\" \/>\n<meta name=\"robots\" content=\"index, follow, max-snippet:-1, max-image-preview:large, max-video-preview:-1\" \/>\n<link rel=\"canonical\" href=\"https:\/\/rfiddepo.com\/en\/urunlerimiz\/omni-id-fit-200-rfid-tag\/\" \/>\n<meta property=\"og:locale\" content=\"en_US\" \/>\n<meta property=\"og:type\" content=\"article\" \/>\n<meta property=\"og:title\" content=\"Omni-ID Fit 200 RFID Tag - RFID Depo\" \/>\n<meta property=\"og:description\" content=\"K\u00fc\u00e7\u00fck ve dayanikli Omni-ID Fit 200, cerrahi alet takibi i\u00e7in \u00f6zel olarak tasarlanmistir. Metal y\u00fczeylerde sorunsuz \u00e7alisir ve +225\u00b0C&#039;ye kadar sicakliklara dayaniklidir.\" \/>\n<meta property=\"og:url\" content=\"https:\/\/rfiddepo.com\/en\/urunlerimiz\/omni-id-fit-200-rfid-tag\/\" \/>\n<meta property=\"og:site_name\" content=\"RFID Depo\" \/>\n<meta property=\"article:modified_time\" content=\"2025-10-14T17:13:15+00:00\" \/>\n<meta property=\"og:image\" content=\"https:\/\/rfiddepo.com\/wp-content\/uploads\/2025\/09\/omni-id-fit-200-rfid-tag.jpg\" \/>\n\t<meta property=\"og:image:width\" content=\"700\" \/>\n\t<meta property=\"og:image:height\" content=\"660\" \/>\n\t<meta property=\"og:image:type\" content=\"image\/jpeg\" \/>\n<meta name=\"twitter:card\" content=\"summary_large_image\" \/>\n<script type=\"application\/ld+json\" class=\"yoast-schema-graph\">{\"@context\":\"https:\/\/schema.org\",\"@graph\":[{\"@type\":\"WebPage\",\"@id\":\"https:\/\/rfiddepo.com\/en\/urunlerimiz\/omni-id-fit-200-rfid-tag\/\",\"url\":\"https:\/\/rfiddepo.com\/en\/urunlerimiz\/omni-id-fit-200-rfid-tag\/\",\"name\":\"Omni-ID Fit 200 RFID Tag - RFID Depo\",\"isPartOf\":{\"@id\":\"https:\/\/rfiddepo.com\/en\/#website\"},\"primaryImageOfPage\":{\"@id\":\"https:\/\/rfiddepo.com\/en\/urunlerimiz\/omni-id-fit-200-rfid-tag\/#primaryimage\"},\"image\":{\"@id\":\"https:\/\/rfiddepo.com\/en\/urunlerimiz\/omni-id-fit-200-rfid-tag\/#primaryimage\"},\"thumbnailUrl\":\"https:\/\/rfiddepo.com\/wp-content\/uploads\/2025\/09\/omni-id-fit-200-rfid-tag.jpg\",\"datePublished\":\"2020-05-03T21:17:24+00:00\",\"dateModified\":\"2025-10-14T17:13:15+00:00\",\"description\":\"K\u00fc\u00e7\u00fck ve dayanikli Omni-ID Fit 200, cerrahi alet takibi i\u00e7in \u00f6zel olarak tasarlanmistir. Metal y\u00fczeylerde sorunsuz \u00e7alisir ve +225\u00b0C'ye kadar sicakliklara dayaniklidir.\",\"breadcrumb\":{\"@id\":\"https:\/\/rfiddepo.com\/en\/urunlerimiz\/omni-id-fit-200-rfid-tag\/#breadcrumb\"},\"inLanguage\":\"en-US\",\"potentialAction\":[{\"@type\":\"ReadAction\",\"target\":[\"https:\/\/rfiddepo.com\/en\/urunlerimiz\/omni-id-fit-200-rfid-tag\/\"]}]},{\"@type\":\"ImageObject\",\"inLanguage\":\"en-US\",\"@id\":\"https:\/\/rfiddepo.com\/en\/urunlerimiz\/omni-id-fit-200-rfid-tag\/#primaryimage\",\"url\":\"https:\/\/rfiddepo.com\/wp-content\/uploads\/2025\/09\/omni-id-fit-200-rfid-tag.jpg\",\"contentUrl\":\"https:\/\/rfiddepo.com\/wp-content\/uploads\/2025\/09\/omni-id-fit-200-rfid-tag.jpg\",\"width\":700,\"height\":660},{\"@type\":\"BreadcrumbList\",\"@id\":\"https:\/\/rfiddepo.com\/en\/urunlerimiz\/omni-id-fit-200-rfid-tag\/#breadcrumb\",\"itemListElement\":[{\"@type\":\"ListItem\",\"position\":1,\"name\":\"Anasayfa\",\"item\":\"https:\/\/rfiddepo.com\/en\/\"},{\"@type\":\"ListItem\",\"position\":2,\"name\":\"Urunler\",\"item\":\"https:\/\/rfiddepo.com\/urunler\/\"},{\"@type\":\"ListItem\",\"position\":3,\"name\":\"Omni-ID Fit 200 RFID Tag\"}]},{\"@type\":\"WebSite\",\"@id\":\"https:\/\/rfiddepo.com\/en\/#website\",\"url\":\"https:\/\/rfiddepo.com\/en\/\",\"name\":\"RFID Depo\",\"description\":\"\",\"publisher\":{\"@id\":\"https:\/\/rfiddepo.com\/en\/#organization\"},\"potentialAction\":[{\"@type\":\"SearchAction\",\"target\":{\"@type\":\"EntryPoint\",\"urlTemplate\":\"https:\/\/rfiddepo.com\/en\/?s={search_term_string}\"},\"query-input\":{\"@type\":\"PropertyValueSpecification\",\"valueRequired\":true,\"valueName\":\"search_term_string\"}}],\"inLanguage\":\"en-US\"},{\"@type\":\"Organization\",\"@id\":\"https:\/\/rfiddepo.com\/en\/#organization\",\"name\":\"%%sitename%%\",\"url\":\"https:\/\/rfiddepo.com\/en\/\",\"logo\":{\"@type\":\"ImageObject\",\"inLanguage\":\"en-US\",\"@id\":\"https:\/\/rfiddepo.com\/en\/#\/schema\/logo\/image\/\",\"url\":\"https:\/\/rfiddepo.com\/wp-content\/uploads\/2025\/09\/rfiddepo-logo.png\",\"contentUrl\":\"https:\/\/rfiddepo.com\/wp-content\/uploads\/2025\/09\/rfiddepo-logo.png\",\"width\":500,\"height\":106,\"caption\":\"%%sitename%%\"},\"image\":{\"@id\":\"https:\/\/rfiddepo.com\/en\/#\/schema\/logo\/image\/\"}}]}<\/script>\n<!-- \/ Yoast SEO plugin. -->","yoast_head_json":{"title":"Omni-ID Fit 200 RFID Tag - RFID Depo","description":"K\u00fc\u00e7\u00fck ve dayanikli Omni-ID Fit 200, cerrahi alet takibi i\u00e7in \u00f6zel olarak tasarlanmistir. Metal y\u00fczeylerde sorunsuz \u00e7alisir ve +225\u00b0C'ye kadar sicakliklara dayaniklidir.","robots":{"index":"index","follow":"follow","max-snippet":"max-snippet:-1","max-image-preview":"max-image-preview:large","max-video-preview":"max-video-preview:-1"},"canonical":"https:\/\/rfiddepo.com\/en\/urunlerimiz\/omni-id-fit-200-rfid-tag\/","og_locale":"en_US","og_type":"article","og_title":"Omni-ID Fit 200 RFID Tag - RFID Depo","og_description":"K\u00fc\u00e7\u00fck ve dayanikli Omni-ID Fit 200, cerrahi alet takibi i\u00e7in \u00f6zel olarak tasarlanmistir. Metal y\u00fczeylerde sorunsuz \u00e7alisir ve +225\u00b0C'ye kadar sicakliklara dayaniklidir.","og_url":"https:\/\/rfiddepo.com\/en\/urunlerimiz\/omni-id-fit-200-rfid-tag\/","og_site_name":"RFID Depo","article_modified_time":"2025-10-14T17:13:15+00:00","og_image":[{"width":700,"height":660,"url":"https:\/\/rfiddepo.com\/wp-content\/uploads\/2025\/09\/omni-id-fit-200-rfid-tag.jpg","type":"image\/jpeg"}],"twitter_card":"summary_large_image","schema":{"@context":"https:\/\/schema.org","@graph":[{"@type":"WebPage","@id":"https:\/\/rfiddepo.com\/en\/urunlerimiz\/omni-id-fit-200-rfid-tag\/","url":"https:\/\/rfiddepo.com\/en\/urunlerimiz\/omni-id-fit-200-rfid-tag\/","name":"Omni-ID Fit 200 RFID Tag - RFID Depo","isPartOf":{"@id":"https:\/\/rfiddepo.com\/en\/#website"},"primaryImageOfPage":{"@id":"https:\/\/rfiddepo.com\/en\/urunlerimiz\/omni-id-fit-200-rfid-tag\/#primaryimage"},"image":{"@id":"https:\/\/rfiddepo.com\/en\/urunlerimiz\/omni-id-fit-200-rfid-tag\/#primaryimage"},"thumbnailUrl":"https:\/\/rfiddepo.com\/wp-content\/uploads\/2025\/09\/omni-id-fit-200-rfid-tag.jpg","datePublished":"2020-05-03T21:17:24+00:00","dateModified":"2025-10-14T17:13:15+00:00","description":"K\u00fc\u00e7\u00fck ve dayanikli Omni-ID Fit 200, cerrahi alet takibi i\u00e7in \u00f6zel olarak tasarlanmistir. Metal y\u00fczeylerde sorunsuz \u00e7alisir ve +225\u00b0C'ye kadar sicakliklara dayaniklidir.","breadcrumb":{"@id":"https:\/\/rfiddepo.com\/en\/urunlerimiz\/omni-id-fit-200-rfid-tag\/#breadcrumb"},"inLanguage":"en-US","potentialAction":[{"@type":"ReadAction","target":["https:\/\/rfiddepo.com\/en\/urunlerimiz\/omni-id-fit-200-rfid-tag\/"]}]},{"@type":"ImageObject","inLanguage":"en-US","@id":"https:\/\/rfiddepo.com\/en\/urunlerimiz\/omni-id-fit-200-rfid-tag\/#primaryimage","url":"https:\/\/rfiddepo.com\/wp-content\/uploads\/2025\/09\/omni-id-fit-200-rfid-tag.jpg","contentUrl":"https:\/\/rfiddepo.com\/wp-content\/uploads\/2025\/09\/omni-id-fit-200-rfid-tag.jpg","width":700,"height":660},{"@type":"BreadcrumbList","@id":"https:\/\/rfiddepo.com\/en\/urunlerimiz\/omni-id-fit-200-rfid-tag\/#breadcrumb","itemListElement":[{"@type":"ListItem","position":1,"name":"Anasayfa","item":"https:\/\/rfiddepo.com\/en\/"},{"@type":"ListItem","position":2,"name":"Urunler","item":"https:\/\/rfiddepo.com\/urunler\/"},{"@type":"ListItem","position":3,"name":"Omni-ID Fit 200 RFID Tag"}]},{"@type":"WebSite","@id":"https:\/\/rfiddepo.com\/en\/#website","url":"https:\/\/rfiddepo.com\/en\/","name":"RFID Depo","description":"","publisher":{"@id":"https:\/\/rfiddepo.com\/en\/#organization"},"potentialAction":[{"@type":"SearchAction","target":{"@type":"EntryPoint","urlTemplate":"https:\/\/rfiddepo.com\/en\/?s={search_term_string}"},"query-input":{"@type":"PropertyValueSpecification","valueRequired":true,"valueName":"search_term_string"}}],"inLanguage":"en-US"},{"@type":"Organization","@id":"https:\/\/rfiddepo.com\/en\/#organization","name":"%%sitename%%","url":"https:\/\/rfiddepo.com\/en\/","logo":{"@type":"ImageObject","inLanguage":"en-US","@id":"https:\/\/rfiddepo.com\/en\/#\/schema\/logo\/image\/","url":"https:\/\/rfiddepo.com\/wp-content\/uploads\/2025\/09\/rfiddepo-logo.png","contentUrl":"https:\/\/rfiddepo.com\/wp-content\/uploads\/2025\/09\/rfiddepo-logo.png","width":500,"height":106,"caption":"%%sitename%%"},"image":{"@id":"https:\/\/rfiddepo.com\/en\/#\/schema\/logo\/image\/"}}]}},"_links":{"self":[{"href":"https:\/\/rfiddepo.com\/en\/wp-json\/wp\/v2\/product\/10537","targetHints":{"allow":["GET"]}}],"collection":[{"href":"https:\/\/rfiddepo.com\/en\/wp-json\/wp\/v2\/product"}],"about":[{"href":"https:\/\/rfiddepo.com\/en\/wp-json\/wp\/v2\/types\/product"}],"replies":[{"embeddable":true,"href":"https:\/\/rfiddepo.com\/en\/wp-json\/wp\/v2\/comments?post=10537"}],"wp:featuredmedia":[{"embeddable":true,"href":"https:\/\/rfiddepo.com\/en\/wp-json\/wp\/v2\/media\/147324"}],"wp:attachment":[{"href":"https:\/\/rfiddepo.com\/en\/wp-json\/wp\/v2\/media?parent=10537"}],"wp:term":[{"taxonomy":"product_brand","embeddable":true,"href":"https:\/\/rfiddepo.com\/en\/wp-json\/wp\/v2\/product_brand?post=10537"},{"taxonomy":"product_cat","embeddable":true,"href":"https:\/\/rfiddepo.com\/en\/wp-json\/wp\/v2\/product_cat?post=10537"},{"taxonomy":"product_tag","embeddable":true,"href":"https:\/\/rfiddepo.com\/en\/wp-json\/wp\/v2\/product_tag?post=10537"}],"curies":[{"name":"wp","href":"https:\/\/api.w.org\/{rel}","templated":true}]}}