{"id":10523,"date":"2020-05-03T20:49:51","date_gmt":"2020-05-03T20:49:51","guid":{"rendered":"http:\/\/www.test.rfiddepo.com\/?post_type=product&#038;p=10523"},"modified":"2025-10-14T17:24:12","modified_gmt":"2025-10-14T17:24:12","slug":"keonn-p11-uhf-rfid-anten","status":"publish","type":"product","link":"https:\/\/rfiddepo.com\/en\/urunlerimiz\/keonn-p11-uhf-rfid-anten\/","title":{"rendered":"Keonn P11 - UHF RFID Antenna"},"content":{"rendered":"<p>&nbsp;<\/p>\n<p>&nbsp;<\/p>\n<table class=\"blueTable\">\n<tbody>\n<tr>\n<td><strong>Product Name<\/strong><\/td>\n<td>Keonn P11 RFID Antenna<\/td>\n<\/tr>\n<tr>\n<td><strong>\u00c7al\u0131\u015fma Frekans\u0131(EU)<\/strong><\/td>\n<td>865 \u2013 868 MHz (ETSI EN 302 208)<\/td>\n<\/tr>\n<tr>\n<td><strong>Anten G\u00fcc\u00fc<\/strong><\/td>\n<td>3.2 dBi (EU version)<\/td>\n<\/tr>\n<tr>\n<td><strong>Polarization<\/strong><\/td>\n<td>Circular \u2013 RHCP (Right Hand Circular Polarization)<\/td>\n<\/tr>\n<tr>\n<td><strong>Reading Distance<\/strong><\/td>\n<td>\n<div class=\"spec-content\">\n<p>0-3m<\/p>\n<\/div>\n<\/td>\n<\/tr>\n<tr>\n<td><strong>Operating Temperature<\/strong><\/td>\n<td>-20\u00b0C to +80\u00b0C<\/td>\n<\/tr>\n<tr>\n<td><strong>Size<\/strong><\/td>\n<td>137 mm x 137 mm x 3 mm<\/td>\n<\/tr>\n<tr>\n<td><strong>Weight<\/strong><\/td>\n<td>115 g<\/td>\n<\/tr>\n<tr>\n<td><strong>Connector<\/strong><\/td>\n<td>SMA or MCX<\/td>\n<\/tr>\n<tr>\n<td><strong>IP Rating<\/strong><\/td>\n<td>IP65-IP68<\/td>\n<\/tr>\n<tr>\n<td><strong>Brand<br \/>\n<\/strong><\/td>\n<td><a href=\"\/marka\/keonn\/\"><img fetchpriority=\"high\" decoding=\"async\" src=\"http:\/\/www.test.rfiddepo.com\/wp-content\/uploads\/2025\/10\/Adsiz-tasarim-29-300x214.png\" alt=\"\" width=\"300\" height=\"214\" class=\"alignnone size-medium wp-image-148173\" srcset=\"https:\/\/rfiddepo.com\/wp-content\/uploads\/2025\/10\/Adsiz-tasarim-29-300x214.png 300w, https:\/\/rfiddepo.com\/wp-content\/uploads\/2025\/10\/Adsiz-tasarim-29.png 350w\" sizes=\"(max-width: 300px) 100vw, 300px\" \/><\/a><\/td>\n<\/tr>\n<\/tbody>\n<\/table>\n<p>&nbsp;<\/p>","protected":false},"excerpt":{"rendered":"<p>The Keonn Advantenna-p11 is a compact RFID UHF antenna characterized by a very slim form factor, circular polarization, and a radiation pattern featuring a wide beam in all directions within a single hemisphere. This radiation pattern and slim form factor make this antenna ideal for many RFID applications, such as smart shelves, smart screens, smart panels, and smart tables or other surfaces.<\/p>\n<div class=\"datasheet\"><a href=\"\/wp-content\/uploads\/2025\/09\/Keonn-Advantenna-p11-Data_sheet_rfiddepo-1.pdf\" target=\"_blank\" class=\"datasheet-btn\" rel=\"noopener\"><br \/>\n\ud83d\udcc4 Datasheet<br \/>\n<\/a><\/div>","protected":false},"featured_media":147370,"comment_status":"closed","ping_status":"closed","template":"","meta":{"_monsterinsights_skip_tracking":false,"_monsterinsights_sitenote_active":false,"_monsterinsights_sitenote_note":"","_monsterinsights_sitenote_category":0},"product_brand":[186],"product_cat":[34],"product_tag":[157,158,112,113,114,115,159,86],"class_list":{"0":"post-10523","1":"product","2":"type-product","3":"status-publish","4":"has-post-thumbnail","6":"product_brand-keonn","7":"product_cat-rfid-antenler","8":"product_tag-keonn-p11","9":"product_tag-keonn-rfid-anten","10":"product_tag-rfid-anten","11":"product_tag-rfid-depo","12":"product_tag-rfid-okuyucu","13":"product_tag-rfid-reader","14":"product_tag-uhf-rfid-anten","15":"product_tag-uhf-rfid-etiket","17":"first","18":"instock","19":"shipping-taxable","20":"purchasable","21":"product-type-simple"},"yoast_head":"<!-- This site is optimized with the Yoast SEO plugin v26.6 - https:\/\/yoast.com\/wordpress\/plugins\/seo\/ -->\n<title>Keonn P11- UHF RFID Anten - RFID Depo<\/title>\n<meta name=\"description\" content=\"Ince ve kompakt tasarimiyla her y\u00fczeye kolayca entegre edilen Keonn P11 UHF RFID Anten, genis okuma alani ve dairesel polarizasyon sayesinde akilli raf, ekran ve panellerde \u00fcst\u00fcn performans sunar. Envanter y\u00f6netimi, \u00fcr\u00fcn takibi ve \u00f6deme sistemlerinde devrim yaratan \u00e7\u00f6z\u00fcmler i\u00e7in idealdir.\" \/>\n<meta name=\"robots\" content=\"index, follow, max-snippet:-1, max-image-preview:large, max-video-preview:-1\" \/>\n<link rel=\"canonical\" href=\"https:\/\/rfiddepo.com\/en\/urunlerimiz\/keonn-p11-uhf-rfid-anten\/\" \/>\n<meta property=\"og:locale\" content=\"en_US\" \/>\n<meta property=\"og:type\" content=\"article\" \/>\n<meta property=\"og:title\" content=\"Keonn P11- UHF RFID Anten - RFID Depo\" \/>\n<meta property=\"og:description\" content=\"Ince ve kompakt tasarimiyla her y\u00fczeye kolayca entegre edilen Keonn P11 UHF RFID Anten, genis okuma alani ve dairesel polarizasyon sayesinde akilli raf, ekran ve panellerde \u00fcst\u00fcn performans sunar. Envanter y\u00f6netimi, \u00fcr\u00fcn takibi ve \u00f6deme sistemlerinde devrim yaratan \u00e7\u00f6z\u00fcmler i\u00e7in idealdir.\" \/>\n<meta property=\"og:url\" content=\"https:\/\/rfiddepo.com\/en\/urunlerimiz\/keonn-p11-uhf-rfid-anten\/\" \/>\n<meta property=\"og:site_name\" content=\"RFID Depo\" \/>\n<meta property=\"article:modified_time\" content=\"2025-10-14T17:24:12+00:00\" \/>\n<meta property=\"og:image\" content=\"https:\/\/rfiddepo.com\/wp-content\/uploads\/2020\/05\/keonn-advantenna-p11-3-d62-95.jpg\" \/>\n\t<meta property=\"og:image:width\" content=\"1000\" \/>\n\t<meta property=\"og:image:height\" content=\"1000\" \/>\n\t<meta property=\"og:image:type\" content=\"image\/jpeg\" \/>\n<meta name=\"twitter:card\" content=\"summary_large_image\" \/>\n<script type=\"application\/ld+json\" class=\"yoast-schema-graph\">{\"@context\":\"https:\/\/schema.org\",\"@graph\":[{\"@type\":\"WebPage\",\"@id\":\"https:\/\/rfiddepo.com\/en\/urunlerimiz\/keonn-p11-uhf-rfid-anten\/\",\"url\":\"https:\/\/rfiddepo.com\/en\/urunlerimiz\/keonn-p11-uhf-rfid-anten\/\",\"name\":\"Keonn P11- UHF RFID Anten - RFID Depo\",\"isPartOf\":{\"@id\":\"https:\/\/rfiddepo.com\/en\/#website\"},\"primaryImageOfPage\":{\"@id\":\"https:\/\/rfiddepo.com\/en\/urunlerimiz\/keonn-p11-uhf-rfid-anten\/#primaryimage\"},\"image\":{\"@id\":\"https:\/\/rfiddepo.com\/en\/urunlerimiz\/keonn-p11-uhf-rfid-anten\/#primaryimage\"},\"thumbnailUrl\":\"https:\/\/rfiddepo.com\/wp-content\/uploads\/2020\/05\/keonn-advantenna-p11-3-d62-95.jpg\",\"datePublished\":\"2020-05-03T20:49:51+00:00\",\"dateModified\":\"2025-10-14T17:24:12+00:00\",\"description\":\"Ince ve kompakt tasarimiyla her y\u00fczeye kolayca entegre edilen Keonn P11 UHF RFID Anten, genis okuma alani ve dairesel polarizasyon sayesinde akilli raf, ekran ve panellerde \u00fcst\u00fcn performans sunar. Envanter y\u00f6netimi, \u00fcr\u00fcn takibi ve \u00f6deme sistemlerinde devrim yaratan \u00e7\u00f6z\u00fcmler i\u00e7in idealdir.\",\"breadcrumb\":{\"@id\":\"https:\/\/rfiddepo.com\/en\/urunlerimiz\/keonn-p11-uhf-rfid-anten\/#breadcrumb\"},\"inLanguage\":\"en-US\",\"potentialAction\":[{\"@type\":\"ReadAction\",\"target\":[\"https:\/\/rfiddepo.com\/en\/urunlerimiz\/keonn-p11-uhf-rfid-anten\/\"]}]},{\"@type\":\"ImageObject\",\"inLanguage\":\"en-US\",\"@id\":\"https:\/\/rfiddepo.com\/en\/urunlerimiz\/keonn-p11-uhf-rfid-anten\/#primaryimage\",\"url\":\"https:\/\/rfiddepo.com\/wp-content\/uploads\/2020\/05\/keonn-advantenna-p11-3-d62-95.jpg\",\"contentUrl\":\"https:\/\/rfiddepo.com\/wp-content\/uploads\/2020\/05\/keonn-advantenna-p11-3-d62-95.jpg\",\"width\":1000,\"height\":1000},{\"@type\":\"BreadcrumbList\",\"@id\":\"https:\/\/rfiddepo.com\/en\/urunlerimiz\/keonn-p11-uhf-rfid-anten\/#breadcrumb\",\"itemListElement\":[{\"@type\":\"ListItem\",\"position\":1,\"name\":\"Anasayfa\",\"item\":\"https:\/\/rfiddepo.com\/en\/\"},{\"@type\":\"ListItem\",\"position\":2,\"name\":\"Urunler\",\"item\":\"https:\/\/rfiddepo.com\/urunler\/\"},{\"@type\":\"ListItem\",\"position\":3,\"name\":\"Keonn P11- UHF RFID Anten\"}]},{\"@type\":\"WebSite\",\"@id\":\"https:\/\/rfiddepo.com\/en\/#website\",\"url\":\"https:\/\/rfiddepo.com\/en\/\",\"name\":\"RFID Depo\",\"description\":\"\",\"publisher\":{\"@id\":\"https:\/\/rfiddepo.com\/en\/#organization\"},\"potentialAction\":[{\"@type\":\"SearchAction\",\"target\":{\"@type\":\"EntryPoint\",\"urlTemplate\":\"https:\/\/rfiddepo.com\/en\/?s={search_term_string}\"},\"query-input\":{\"@type\":\"PropertyValueSpecification\",\"valueRequired\":true,\"valueName\":\"search_term_string\"}}],\"inLanguage\":\"en-US\"},{\"@type\":\"Organization\",\"@id\":\"https:\/\/rfiddepo.com\/en\/#organization\",\"name\":\"%%sitename%%\",\"url\":\"https:\/\/rfiddepo.com\/en\/\",\"logo\":{\"@type\":\"ImageObject\",\"inLanguage\":\"en-US\",\"@id\":\"https:\/\/rfiddepo.com\/en\/#\/schema\/logo\/image\/\",\"url\":\"https:\/\/rfiddepo.com\/wp-content\/uploads\/2025\/09\/rfiddepo-logo.png\",\"contentUrl\":\"https:\/\/rfiddepo.com\/wp-content\/uploads\/2025\/09\/rfiddepo-logo.png\",\"width\":500,\"height\":106,\"caption\":\"%%sitename%%\"},\"image\":{\"@id\":\"https:\/\/rfiddepo.com\/en\/#\/schema\/logo\/image\/\"}}]}<\/script>\n<!-- \/ Yoast SEO plugin. -->","yoast_head_json":{"title":"Keonn P11- UHF RFID Anten - RFID Depo","description":"Ince ve kompakt tasarimiyla her y\u00fczeye kolayca entegre edilen Keonn P11 UHF RFID Anten, genis okuma alani ve dairesel polarizasyon sayesinde akilli raf, ekran ve panellerde \u00fcst\u00fcn performans sunar. Envanter y\u00f6netimi, \u00fcr\u00fcn takibi ve \u00f6deme sistemlerinde devrim yaratan \u00e7\u00f6z\u00fcmler i\u00e7in idealdir.","robots":{"index":"index","follow":"follow","max-snippet":"max-snippet:-1","max-image-preview":"max-image-preview:large","max-video-preview":"max-video-preview:-1"},"canonical":"https:\/\/rfiddepo.com\/en\/urunlerimiz\/keonn-p11-uhf-rfid-anten\/","og_locale":"en_US","og_type":"article","og_title":"Keonn P11- UHF RFID Anten - RFID Depo","og_description":"Ince ve kompakt tasarimiyla her y\u00fczeye kolayca entegre edilen Keonn P11 UHF RFID Anten, genis okuma alani ve dairesel polarizasyon sayesinde akilli raf, ekran ve panellerde \u00fcst\u00fcn performans sunar. Envanter y\u00f6netimi, \u00fcr\u00fcn takibi ve \u00f6deme sistemlerinde devrim yaratan \u00e7\u00f6z\u00fcmler i\u00e7in idealdir.","og_url":"https:\/\/rfiddepo.com\/en\/urunlerimiz\/keonn-p11-uhf-rfid-anten\/","og_site_name":"RFID Depo","article_modified_time":"2025-10-14T17:24:12+00:00","og_image":[{"width":1000,"height":1000,"url":"https:\/\/rfiddepo.com\/wp-content\/uploads\/2020\/05\/keonn-advantenna-p11-3-d62-95.jpg","type":"image\/jpeg"}],"twitter_card":"summary_large_image","schema":{"@context":"https:\/\/schema.org","@graph":[{"@type":"WebPage","@id":"https:\/\/rfiddepo.com\/en\/urunlerimiz\/keonn-p11-uhf-rfid-anten\/","url":"https:\/\/rfiddepo.com\/en\/urunlerimiz\/keonn-p11-uhf-rfid-anten\/","name":"Keonn P11- UHF RFID Anten - RFID Depo","isPartOf":{"@id":"https:\/\/rfiddepo.com\/en\/#website"},"primaryImageOfPage":{"@id":"https:\/\/rfiddepo.com\/en\/urunlerimiz\/keonn-p11-uhf-rfid-anten\/#primaryimage"},"image":{"@id":"https:\/\/rfiddepo.com\/en\/urunlerimiz\/keonn-p11-uhf-rfid-anten\/#primaryimage"},"thumbnailUrl":"https:\/\/rfiddepo.com\/wp-content\/uploads\/2020\/05\/keonn-advantenna-p11-3-d62-95.jpg","datePublished":"2020-05-03T20:49:51+00:00","dateModified":"2025-10-14T17:24:12+00:00","description":"Ince ve kompakt tasarimiyla her y\u00fczeye kolayca entegre edilen Keonn P11 UHF RFID Anten, genis okuma alani ve dairesel polarizasyon sayesinde akilli raf, ekran ve panellerde \u00fcst\u00fcn performans sunar. Envanter y\u00f6netimi, \u00fcr\u00fcn takibi ve \u00f6deme sistemlerinde devrim yaratan \u00e7\u00f6z\u00fcmler i\u00e7in idealdir.","breadcrumb":{"@id":"https:\/\/rfiddepo.com\/en\/urunlerimiz\/keonn-p11-uhf-rfid-anten\/#breadcrumb"},"inLanguage":"en-US","potentialAction":[{"@type":"ReadAction","target":["https:\/\/rfiddepo.com\/en\/urunlerimiz\/keonn-p11-uhf-rfid-anten\/"]}]},{"@type":"ImageObject","inLanguage":"en-US","@id":"https:\/\/rfiddepo.com\/en\/urunlerimiz\/keonn-p11-uhf-rfid-anten\/#primaryimage","url":"https:\/\/rfiddepo.com\/wp-content\/uploads\/2020\/05\/keonn-advantenna-p11-3-d62-95.jpg","contentUrl":"https:\/\/rfiddepo.com\/wp-content\/uploads\/2020\/05\/keonn-advantenna-p11-3-d62-95.jpg","width":1000,"height":1000},{"@type":"BreadcrumbList","@id":"https:\/\/rfiddepo.com\/en\/urunlerimiz\/keonn-p11-uhf-rfid-anten\/#breadcrumb","itemListElement":[{"@type":"ListItem","position":1,"name":"Anasayfa","item":"https:\/\/rfiddepo.com\/en\/"},{"@type":"ListItem","position":2,"name":"Urunler","item":"https:\/\/rfiddepo.com\/urunler\/"},{"@type":"ListItem","position":3,"name":"Keonn P11- UHF RFID Anten"}]},{"@type":"WebSite","@id":"https:\/\/rfiddepo.com\/en\/#website","url":"https:\/\/rfiddepo.com\/en\/","name":"RFID Depo","description":"","publisher":{"@id":"https:\/\/rfiddepo.com\/en\/#organization"},"potentialAction":[{"@type":"SearchAction","target":{"@type":"EntryPoint","urlTemplate":"https:\/\/rfiddepo.com\/en\/?s={search_term_string}"},"query-input":{"@type":"PropertyValueSpecification","valueRequired":true,"valueName":"search_term_string"}}],"inLanguage":"en-US"},{"@type":"Organization","@id":"https:\/\/rfiddepo.com\/en\/#organization","name":"%%sitename%%","url":"https:\/\/rfiddepo.com\/en\/","logo":{"@type":"ImageObject","inLanguage":"en-US","@id":"https:\/\/rfiddepo.com\/en\/#\/schema\/logo\/image\/","url":"https:\/\/rfiddepo.com\/wp-content\/uploads\/2025\/09\/rfiddepo-logo.png","contentUrl":"https:\/\/rfiddepo.com\/wp-content\/uploads\/2025\/09\/rfiddepo-logo.png","width":500,"height":106,"caption":"%%sitename%%"},"image":{"@id":"https:\/\/rfiddepo.com\/en\/#\/schema\/logo\/image\/"}}]}},"_links":{"self":[{"href":"https:\/\/rfiddepo.com\/en\/wp-json\/wp\/v2\/product\/10523","targetHints":{"allow":["GET"]}}],"collection":[{"href":"https:\/\/rfiddepo.com\/en\/wp-json\/wp\/v2\/product"}],"about":[{"href":"https:\/\/rfiddepo.com\/en\/wp-json\/wp\/v2\/types\/product"}],"replies":[{"embeddable":true,"href":"https:\/\/rfiddepo.com\/en\/wp-json\/wp\/v2\/comments?post=10523"}],"wp:featuredmedia":[{"embeddable":true,"href":"https:\/\/rfiddepo.com\/en\/wp-json\/wp\/v2\/media\/147370"}],"wp:attachment":[{"href":"https:\/\/rfiddepo.com\/en\/wp-json\/wp\/v2\/media?parent=10523"}],"wp:term":[{"taxonomy":"product_brand","embeddable":true,"href":"https:\/\/rfiddepo.com\/en\/wp-json\/wp\/v2\/product_brand?post=10523"},{"taxonomy":"product_cat","embeddable":true,"href":"https:\/\/rfiddepo.com\/en\/wp-json\/wp\/v2\/product_cat?post=10523"},{"taxonomy":"product_tag","embeddable":true,"href":"https:\/\/rfiddepo.com\/en\/wp-json\/wp\/v2\/product_tag?post=10523"}],"curies":[{"name":"wp","href":"https:\/\/api.w.org\/{rel}","templated":true}]}}