{"id":10511,"date":"2020-05-03T19:52:25","date_gmt":"2020-05-03T19:52:25","guid":{"rendered":"http:\/\/www.test.rfiddepo.com\/?post_type=product&#038;p=10511"},"modified":"2025-10-14T17:20:30","modified_gmt":"2025-10-14T17:20:30","slug":"keonn-p14-uhf-rfid-anten","status":"publish","type":"product","link":"https:\/\/rfiddepo.com\/en\/urunlerimiz\/keonn-p14-uhf-rfid-anten\/","title":{"rendered":"Keonn P14 UHF RFID Antenna"},"content":{"rendered":"<table class=\"blueTable\">\n<tbody>\n<tr>\n<td><strong>Product Name<\/strong><\/td>\n<td>Keonn P14 RFID Antenna<\/td>\n<\/tr>\n<tr>\n<td><strong>\u00c7al\u0131\u015fma Frekans\u0131(EU)<\/strong><\/td>\n<td>865 \u2013 868 MHz (ETSI EN 302 208)<\/td>\n<\/tr>\n<tr>\n<td><strong>Anten G\u00fcc\u00fc<\/strong><\/td>\n<td>8.0 dBi (EU version)<\/td>\n<\/tr>\n<tr>\n<td><strong>Polarization<\/strong><\/td>\n<td>Circular \u2013 RHCP (Right Hand Circular Polarization)<\/td>\n<\/tr>\n<tr>\n<td><strong>Reading Distance<\/strong><\/td>\n<td>\n<div class=\"spec-content\">\n<p>0-4,5m<\/p>\n<\/div>\n<\/td>\n<\/tr>\n<tr>\n<td><strong>Operating Temperature<\/strong><\/td>\n<td>-20\u00b0C to +80\u00b0C<\/td>\n<\/tr>\n<tr>\n<td><strong>Size<\/strong><\/td>\n<td>557 mm x 137 mm x 3 mm<\/td>\n<\/tr>\n<tr>\n<td><strong>Weight<\/strong><\/td>\n<td>460 g<\/td>\n<\/tr>\n<tr>\n<td><strong>Connector<\/strong><\/td>\n<td>SMA or MCX<\/td>\n<\/tr>\n<tr>\n<td><strong>IP Rating<\/strong><\/td>\n<td>IP65-IP68<\/td>\n<\/tr>\n<tr>\n<td><strong>Brand<br \/>\n<\/strong><\/td>\n<td><a href=\"\/marka\/keonn\/\"><img fetchpriority=\"high\" decoding=\"async\" src=\"http:\/\/www.test.rfiddepo.com\/wp-content\/uploads\/2025\/10\/Adsiz-tasarim-29-300x214.png\" alt=\"\" width=\"300\" height=\"214\" class=\"alignnone size-medium wp-image-148173\" srcset=\"https:\/\/rfiddepo.com\/wp-content\/uploads\/2025\/10\/Adsiz-tasarim-29-300x214.png 300w, https:\/\/rfiddepo.com\/wp-content\/uploads\/2025\/10\/Adsiz-tasarim-29.png 350w\" sizes=\"(max-width: 300px) 100vw, 300px\" \/><\/a><\/td>\n<\/tr>\n<\/tbody>\n<\/table>","protected":false},"excerpt":{"rendered":"<p>The Keonn Advantenna-p14 is an RFID UHF antenna with circular polarization and a radiation pattern characterized by a beam width of 30\u00b0 in the direction of the antenna's long axis and a beam width of 90\u00b0 in the direction of the antenna's short axis. This radiation pattern makes this antenna ideal for many RFID applications, such as security applications, portal and tunnel applications, and corridor and door passages.<\/p>\n<div class=\"datasheet\"><a href=\"\/wp-content\/uploads\/2025\/09\/Keonn-Advantenna-p14-Data_sheet.pdf\" target=\"_blank\" class=\"datasheet-btn\" rel=\"noopener\"><br \/>\n\ud83d\udcc4 Datasheet<br \/>\n<\/a><\/div>","protected":false},"featured_media":147384,"comment_status":"closed","ping_status":"closed","template":"","meta":{"_monsterinsights_skip_tracking":false,"_monsterinsights_sitenote_active":false,"_monsterinsights_sitenote_note":"","_monsterinsights_sitenote_category":0},"product_brand":[186],"product_cat":[34],"product_tag":[161,157,163,158,112,114,115,159,86],"class_list":{"0":"post-10511","1":"product","2":"type-product","3":"status-publish","4":"has-post-thumbnail","6":"product_brand-keonn","7":"product_cat-rfid-antenler","8":"product_tag-keonn-anten","9":"product_tag-keonn-p11","10":"product_tag-keonn-p14","11":"product_tag-keonn-rfid-anten","12":"product_tag-rfid-anten","13":"product_tag-rfid-okuyucu","14":"product_tag-rfid-reader","15":"product_tag-uhf-rfid-anten","16":"product_tag-uhf-rfid-etiket","18":"first","19":"instock","20":"shipping-taxable","21":"purchasable","22":"product-type-simple"},"yoast_head":"<!-- This site is optimized with the Yoast SEO plugin v26.6 - https:\/\/yoast.com\/wordpress\/plugins\/seo\/ -->\n<title>Keonn P14 UHF RFID Anten - RFID Depo<\/title>\n<meta name=\"description\" content=\"Keonn P14 UHF RFID Anten ile orta \u00f6l\u00e7ekli alanlarda g\u00fcvenli ve etkili okuma saglayin. Y\u00f6nl\u00fc tasarimi sayesinde ge\u00e7is kontrol uygulamalari i\u00e7in idealdir.\" \/>\n<meta name=\"robots\" content=\"index, follow, max-snippet:-1, max-image-preview:large, max-video-preview:-1\" \/>\n<link rel=\"canonical\" href=\"https:\/\/rfiddepo.com\/en\/urunlerimiz\/keonn-p14-uhf-rfid-anten\/\" \/>\n<meta property=\"og:locale\" content=\"en_US\" \/>\n<meta property=\"og:type\" content=\"article\" \/>\n<meta property=\"og:title\" content=\"Keonn P14 UHF RFID Anten - RFID Depo\" \/>\n<meta property=\"og:description\" content=\"Keonn P14 UHF RFID Anten ile orta \u00f6l\u00e7ekli alanlarda g\u00fcvenli ve etkili okuma saglayin. Y\u00f6nl\u00fc tasarimi sayesinde ge\u00e7is kontrol uygulamalari i\u00e7in idealdir.\" \/>\n<meta property=\"og:url\" content=\"https:\/\/rfiddepo.com\/en\/urunlerimiz\/keonn-p14-uhf-rfid-anten\/\" \/>\n<meta property=\"og:site_name\" content=\"RFID Depo\" \/>\n<meta property=\"article:modified_time\" content=\"2025-10-14T17:20:30+00:00\" \/>\n<meta property=\"og:image\" content=\"https:\/\/rfiddepo.com\/wp-content\/uploads\/2020\/05\/keonn-advantenna-p14-rfid-uhf-antenna-fan-beam-shape-fcc-flange-right-angle-sma-female-rotated-90-degrees-counterclockwi.png\" \/>\n\t<meta property=\"og:image:width\" content=\"900\" \/>\n\t<meta property=\"og:image:height\" content=\"900\" \/>\n\t<meta property=\"og:image:type\" content=\"image\/png\" \/>\n<meta name=\"twitter:card\" content=\"summary_large_image\" \/>\n<script type=\"application\/ld+json\" class=\"yoast-schema-graph\">{\"@context\":\"https:\/\/schema.org\",\"@graph\":[{\"@type\":\"WebPage\",\"@id\":\"https:\/\/rfiddepo.com\/en\/urunlerimiz\/keonn-p14-uhf-rfid-anten\/\",\"url\":\"https:\/\/rfiddepo.com\/en\/urunlerimiz\/keonn-p14-uhf-rfid-anten\/\",\"name\":\"Keonn P14 UHF RFID Anten - RFID Depo\",\"isPartOf\":{\"@id\":\"https:\/\/rfiddepo.com\/en\/#website\"},\"primaryImageOfPage\":{\"@id\":\"https:\/\/rfiddepo.com\/en\/urunlerimiz\/keonn-p14-uhf-rfid-anten\/#primaryimage\"},\"image\":{\"@id\":\"https:\/\/rfiddepo.com\/en\/urunlerimiz\/keonn-p14-uhf-rfid-anten\/#primaryimage\"},\"thumbnailUrl\":\"https:\/\/rfiddepo.com\/wp-content\/uploads\/2020\/05\/keonn-advantenna-p14-rfid-uhf-antenna-fan-beam-shape-fcc-flange-right-angle-sma-female-rotated-90-degrees-counterclockwi.png\",\"datePublished\":\"2020-05-03T19:52:25+00:00\",\"dateModified\":\"2025-10-14T17:20:30+00:00\",\"description\":\"Keonn P14 UHF RFID Anten ile orta \u00f6l\u00e7ekli alanlarda g\u00fcvenli ve etkili okuma saglayin. Y\u00f6nl\u00fc tasarimi sayesinde ge\u00e7is kontrol uygulamalari i\u00e7in idealdir.\",\"breadcrumb\":{\"@id\":\"https:\/\/rfiddepo.com\/en\/urunlerimiz\/keonn-p14-uhf-rfid-anten\/#breadcrumb\"},\"inLanguage\":\"en-US\",\"potentialAction\":[{\"@type\":\"ReadAction\",\"target\":[\"https:\/\/rfiddepo.com\/en\/urunlerimiz\/keonn-p14-uhf-rfid-anten\/\"]}]},{\"@type\":\"ImageObject\",\"inLanguage\":\"en-US\",\"@id\":\"https:\/\/rfiddepo.com\/en\/urunlerimiz\/keonn-p14-uhf-rfid-anten\/#primaryimage\",\"url\":\"https:\/\/rfiddepo.com\/wp-content\/uploads\/2020\/05\/keonn-advantenna-p14-rfid-uhf-antenna-fan-beam-shape-fcc-flange-right-angle-sma-female-rotated-90-degrees-counterclockwi.png\",\"contentUrl\":\"https:\/\/rfiddepo.com\/wp-content\/uploads\/2020\/05\/keonn-advantenna-p14-rfid-uhf-antenna-fan-beam-shape-fcc-flange-right-angle-sma-female-rotated-90-degrees-counterclockwi.png\",\"width\":900,\"height\":900},{\"@type\":\"BreadcrumbList\",\"@id\":\"https:\/\/rfiddepo.com\/en\/urunlerimiz\/keonn-p14-uhf-rfid-anten\/#breadcrumb\",\"itemListElement\":[{\"@type\":\"ListItem\",\"position\":1,\"name\":\"Anasayfa\",\"item\":\"https:\/\/rfiddepo.com\/en\/\"},{\"@type\":\"ListItem\",\"position\":2,\"name\":\"Urunler\",\"item\":\"https:\/\/rfiddepo.com\/urunler\/\"},{\"@type\":\"ListItem\",\"position\":3,\"name\":\"Keonn P14 UHF RFID Anten\"}]},{\"@type\":\"WebSite\",\"@id\":\"https:\/\/rfiddepo.com\/en\/#website\",\"url\":\"https:\/\/rfiddepo.com\/en\/\",\"name\":\"RFID Depo\",\"description\":\"\",\"publisher\":{\"@id\":\"https:\/\/rfiddepo.com\/en\/#organization\"},\"potentialAction\":[{\"@type\":\"SearchAction\",\"target\":{\"@type\":\"EntryPoint\",\"urlTemplate\":\"https:\/\/rfiddepo.com\/en\/?s={search_term_string}\"},\"query-input\":{\"@type\":\"PropertyValueSpecification\",\"valueRequired\":true,\"valueName\":\"search_term_string\"}}],\"inLanguage\":\"en-US\"},{\"@type\":\"Organization\",\"@id\":\"https:\/\/rfiddepo.com\/en\/#organization\",\"name\":\"%%sitename%%\",\"url\":\"https:\/\/rfiddepo.com\/en\/\",\"logo\":{\"@type\":\"ImageObject\",\"inLanguage\":\"en-US\",\"@id\":\"https:\/\/rfiddepo.com\/en\/#\/schema\/logo\/image\/\",\"url\":\"https:\/\/rfiddepo.com\/wp-content\/uploads\/2025\/09\/rfiddepo-logo.png\",\"contentUrl\":\"https:\/\/rfiddepo.com\/wp-content\/uploads\/2025\/09\/rfiddepo-logo.png\",\"width\":500,\"height\":106,\"caption\":\"%%sitename%%\"},\"image\":{\"@id\":\"https:\/\/rfiddepo.com\/en\/#\/schema\/logo\/image\/\"}}]}<\/script>\n<!-- \/ Yoast SEO plugin. -->","yoast_head_json":{"title":"Keonn P14 UHF RFID Anten - RFID Depo","description":"Keonn P14 UHF RFID Anten ile orta \u00f6l\u00e7ekli alanlarda g\u00fcvenli ve etkili okuma saglayin. Y\u00f6nl\u00fc tasarimi sayesinde ge\u00e7is kontrol uygulamalari i\u00e7in idealdir.","robots":{"index":"index","follow":"follow","max-snippet":"max-snippet:-1","max-image-preview":"max-image-preview:large","max-video-preview":"max-video-preview:-1"},"canonical":"https:\/\/rfiddepo.com\/en\/urunlerimiz\/keonn-p14-uhf-rfid-anten\/","og_locale":"en_US","og_type":"article","og_title":"Keonn P14 UHF RFID Anten - RFID Depo","og_description":"Keonn P14 UHF RFID Anten ile orta \u00f6l\u00e7ekli alanlarda g\u00fcvenli ve etkili okuma saglayin. Y\u00f6nl\u00fc tasarimi sayesinde ge\u00e7is kontrol uygulamalari i\u00e7in idealdir.","og_url":"https:\/\/rfiddepo.com\/en\/urunlerimiz\/keonn-p14-uhf-rfid-anten\/","og_site_name":"RFID Depo","article_modified_time":"2025-10-14T17:20:30+00:00","og_image":[{"width":900,"height":900,"url":"https:\/\/rfiddepo.com\/wp-content\/uploads\/2020\/05\/keonn-advantenna-p14-rfid-uhf-antenna-fan-beam-shape-fcc-flange-right-angle-sma-female-rotated-90-degrees-counterclockwi.png","type":"image\/png"}],"twitter_card":"summary_large_image","schema":{"@context":"https:\/\/schema.org","@graph":[{"@type":"WebPage","@id":"https:\/\/rfiddepo.com\/en\/urunlerimiz\/keonn-p14-uhf-rfid-anten\/","url":"https:\/\/rfiddepo.com\/en\/urunlerimiz\/keonn-p14-uhf-rfid-anten\/","name":"Keonn P14 UHF RFID Anten - RFID Depo","isPartOf":{"@id":"https:\/\/rfiddepo.com\/en\/#website"},"primaryImageOfPage":{"@id":"https:\/\/rfiddepo.com\/en\/urunlerimiz\/keonn-p14-uhf-rfid-anten\/#primaryimage"},"image":{"@id":"https:\/\/rfiddepo.com\/en\/urunlerimiz\/keonn-p14-uhf-rfid-anten\/#primaryimage"},"thumbnailUrl":"https:\/\/rfiddepo.com\/wp-content\/uploads\/2020\/05\/keonn-advantenna-p14-rfid-uhf-antenna-fan-beam-shape-fcc-flange-right-angle-sma-female-rotated-90-degrees-counterclockwi.png","datePublished":"2020-05-03T19:52:25+00:00","dateModified":"2025-10-14T17:20:30+00:00","description":"Keonn P14 UHF RFID Anten ile orta \u00f6l\u00e7ekli alanlarda g\u00fcvenli ve etkili okuma saglayin. Y\u00f6nl\u00fc tasarimi sayesinde ge\u00e7is kontrol uygulamalari i\u00e7in idealdir.","breadcrumb":{"@id":"https:\/\/rfiddepo.com\/en\/urunlerimiz\/keonn-p14-uhf-rfid-anten\/#breadcrumb"},"inLanguage":"en-US","potentialAction":[{"@type":"ReadAction","target":["https:\/\/rfiddepo.com\/en\/urunlerimiz\/keonn-p14-uhf-rfid-anten\/"]}]},{"@type":"ImageObject","inLanguage":"en-US","@id":"https:\/\/rfiddepo.com\/en\/urunlerimiz\/keonn-p14-uhf-rfid-anten\/#primaryimage","url":"https:\/\/rfiddepo.com\/wp-content\/uploads\/2020\/05\/keonn-advantenna-p14-rfid-uhf-antenna-fan-beam-shape-fcc-flange-right-angle-sma-female-rotated-90-degrees-counterclockwi.png","contentUrl":"https:\/\/rfiddepo.com\/wp-content\/uploads\/2020\/05\/keonn-advantenna-p14-rfid-uhf-antenna-fan-beam-shape-fcc-flange-right-angle-sma-female-rotated-90-degrees-counterclockwi.png","width":900,"height":900},{"@type":"BreadcrumbList","@id":"https:\/\/rfiddepo.com\/en\/urunlerimiz\/keonn-p14-uhf-rfid-anten\/#breadcrumb","itemListElement":[{"@type":"ListItem","position":1,"name":"Anasayfa","item":"https:\/\/rfiddepo.com\/en\/"},{"@type":"ListItem","position":2,"name":"Urunler","item":"https:\/\/rfiddepo.com\/urunler\/"},{"@type":"ListItem","position":3,"name":"Keonn P14 UHF RFID Anten"}]},{"@type":"WebSite","@id":"https:\/\/rfiddepo.com\/en\/#website","url":"https:\/\/rfiddepo.com\/en\/","name":"RFID Depo","description":"","publisher":{"@id":"https:\/\/rfiddepo.com\/en\/#organization"},"potentialAction":[{"@type":"SearchAction","target":{"@type":"EntryPoint","urlTemplate":"https:\/\/rfiddepo.com\/en\/?s={search_term_string}"},"query-input":{"@type":"PropertyValueSpecification","valueRequired":true,"valueName":"search_term_string"}}],"inLanguage":"en-US"},{"@type":"Organization","@id":"https:\/\/rfiddepo.com\/en\/#organization","name":"%%sitename%%","url":"https:\/\/rfiddepo.com\/en\/","logo":{"@type":"ImageObject","inLanguage":"en-US","@id":"https:\/\/rfiddepo.com\/en\/#\/schema\/logo\/image\/","url":"https:\/\/rfiddepo.com\/wp-content\/uploads\/2025\/09\/rfiddepo-logo.png","contentUrl":"https:\/\/rfiddepo.com\/wp-content\/uploads\/2025\/09\/rfiddepo-logo.png","width":500,"height":106,"caption":"%%sitename%%"},"image":{"@id":"https:\/\/rfiddepo.com\/en\/#\/schema\/logo\/image\/"}}]}},"_links":{"self":[{"href":"https:\/\/rfiddepo.com\/en\/wp-json\/wp\/v2\/product\/10511","targetHints":{"allow":["GET"]}}],"collection":[{"href":"https:\/\/rfiddepo.com\/en\/wp-json\/wp\/v2\/product"}],"about":[{"href":"https:\/\/rfiddepo.com\/en\/wp-json\/wp\/v2\/types\/product"}],"replies":[{"embeddable":true,"href":"https:\/\/rfiddepo.com\/en\/wp-json\/wp\/v2\/comments?post=10511"}],"wp:featuredmedia":[{"embeddable":true,"href":"https:\/\/rfiddepo.com\/en\/wp-json\/wp\/v2\/media\/147384"}],"wp:attachment":[{"href":"https:\/\/rfiddepo.com\/en\/wp-json\/wp\/v2\/media?parent=10511"}],"wp:term":[{"taxonomy":"product_brand","embeddable":true,"href":"https:\/\/rfiddepo.com\/en\/wp-json\/wp\/v2\/product_brand?post=10511"},{"taxonomy":"product_cat","embeddable":true,"href":"https:\/\/rfiddepo.com\/en\/wp-json\/wp\/v2\/product_cat?post=10511"},{"taxonomy":"product_tag","embeddable":true,"href":"https:\/\/rfiddepo.com\/en\/wp-json\/wp\/v2\/product_tag?post=10511"}],"curies":[{"name":"wp","href":"https:\/\/api.w.org\/{rel}","templated":true}]}}