{"id":10481,"date":"2020-05-03T05:54:10","date_gmt":"2020-05-03T05:54:10","guid":{"rendered":"http:\/\/www.test.rfiddepo.com\/?post_type=product&#038;p=10481"},"modified":"2025-10-14T18:53:53","modified_gmt":"2025-10-14T18:53:53","slug":"95x3-uhf-rfid-kutuphane-etiketi","status":"publish","type":"product","link":"https:\/\/rfiddepo.com\/en\/urunlerimiz\/95x3-uhf-rfid-kutuphane-etiketi\/","title":{"rendered":"95x3mm UHF RFID Library Tag"},"content":{"rendered":"<p>&nbsp;<\/p>\n<p>&nbsp;<\/p>\n<table class=\"blueTable\">\n<tbody>\n<tr>\n<td><strong>Product Name<\/strong><\/td>\n<td>UHF RFID Library Tag<\/td>\n<\/tr>\n<tr>\n<td><strong>Operating Frequency<\/strong><\/td>\n<td>ETSI 865.6\u2013867.6 MHz or FCC\/IC 902\u2013928 MHz-<\/td>\n<\/tr>\n<tr>\n<td><strong>Dimensions<\/strong><\/td>\n<td>95\u00d73 mm<\/td>\n<\/tr>\n<tr>\n<td><strong>Memory<\/strong><\/td>\n<td>\u00a0128 Bits EPC, 48 Bits TID, 512 Bits User Memory<\/td>\n<\/tr>\n<tr>\n<td><strong>Reading Distance<\/strong><\/td>\n<td>\n<div class=\"spec-content\">\n<p>0-3m<\/p>\n<\/div>\n<\/td>\n<\/tr>\n<tr>\n<td><strong>Area of Use<\/strong><\/td>\n<td>Library Applications<\/td>\n<\/tr>\n<tr>\n<td><strong>Chip<\/strong><\/td>\n<td>IMPINJ M4QT<\/td>\n<\/tr>\n<tr>\n<td>Brand<\/td>\n<td><a href=\"\/marka\/rfiddepo\/\"><img decoding=\"async\" src=\"https:\/\/rfiddepo.com\/wp-content\/uploads\/2024\/01\/cropped-PNG-Copy.png\" \/><\/a><\/td>\n<\/tr>\n<\/tbody>\n<\/table>\n<p>&nbsp;<\/p>","protected":false},"excerpt":{"rendered":"<p>95\u00d73 is an embedded impinj chip UHF RFID tag. It is commonly used in library applications.<\/p>","protected":false},"featured_media":147204,"comment_status":"closed","ping_status":"closed","template":"","meta":{"_monsterinsights_skip_tracking":false,"_monsterinsights_sitenote_active":false,"_monsterinsights_sitenote_note":"","_monsterinsights_sitenote_category":0},"product_brand":[127,129],"product_cat":[66,37,28],"product_tag":[100,78,130,131,80,81,82,132,86,87],"class_list":{"0":"post-10481","1":"product","2":"type-product","3":"status-publish","4":"has-post-thumbnail","6":"product_brand-impinj","7":"product_brand-rfiddepo","8":"product_cat-kutuphane-rfid-etiketleri","9":"product_cat-rfid-etiketler","10":"product_cat-uhf-rfid-etiketler","11":"product_tag-95x3mm-uhf-etiket","12":"product_tag-etiket-uretimi","13":"product_tag-kutuphane-etiketi","14":"product_tag-kutuphane-guvenlik-etiketi","15":"product_tag-rfid-etiket","16":"product_tag-rfid-etiket-fiyati","17":"product_tag-rfid-etiket-tedarikcisi","18":"product_tag-rfid-kutuphane-etiketi","19":"product_tag-uhf-rfid-etiket","20":"product_tag-uygun-fiyatli-etiket","22":"first","23":"instock","24":"shipping-taxable","25":"purchasable","26":"product-type-simple"},"yoast_head":"<!-- This site is optimized with the Yoast SEO plugin v26.6 - https:\/\/yoast.com\/wordpress\/plugins\/seo\/ -->\n<title>95x3mm UHF RFID K\u00fct\u00fcphane Etiketi - RFID Depo<\/title>\n<meta name=\"description\" content=\"95x3mm UHF RFID K\u00fct\u00fcphane Etiketi ile kitaplarinizi kolayca takip edin. Impinj \u00e7ip ile donatilmis, uzun \u00f6m\u00fcrl\u00fc ve dayaniklidir. K\u00fct\u00fcphaneler i\u00e7in ideal \u00e7\u00f6z\u00fcm.\" \/>\n<meta name=\"robots\" content=\"index, follow, max-snippet:-1, max-image-preview:large, max-video-preview:-1\" \/>\n<link rel=\"canonical\" href=\"https:\/\/rfiddepo.com\/en\/urunlerimiz\/95x3-uhf-rfid-kutuphane-etiketi\/\" \/>\n<meta property=\"og:locale\" content=\"en_US\" \/>\n<meta property=\"og:type\" content=\"article\" \/>\n<meta property=\"og:title\" content=\"95x3mm UHF RFID K\u00fct\u00fcphane Etiketi - RFID Depo\" \/>\n<meta property=\"og:description\" content=\"95x3mm UHF RFID K\u00fct\u00fcphane Etiketi ile kitaplarinizi kolayca takip edin. Impinj \u00e7ip ile donatilmis, uzun \u00f6m\u00fcrl\u00fc ve dayaniklidir. K\u00fct\u00fcphaneler i\u00e7in ideal \u00e7\u00f6z\u00fcm.\" \/>\n<meta property=\"og:url\" content=\"https:\/\/rfiddepo.com\/en\/urunlerimiz\/95x3-uhf-rfid-kutuphane-etiketi\/\" \/>\n<meta property=\"og:site_name\" content=\"RFID Depo\" \/>\n<meta property=\"article:modified_time\" content=\"2025-10-14T18:53:53+00:00\" \/>\n<meta property=\"og:image\" content=\"https:\/\/rfiddepo.com\/wp-content\/uploads\/2025\/09\/uhf-rfid-kutuphane-etiketi.jpg\" \/>\n\t<meta property=\"og:image:width\" content=\"700\" \/>\n\t<meta property=\"og:image:height\" content=\"660\" \/>\n\t<meta property=\"og:image:type\" content=\"image\/jpeg\" \/>\n<meta name=\"twitter:card\" content=\"summary_large_image\" \/>\n<script type=\"application\/ld+json\" class=\"yoast-schema-graph\">{\"@context\":\"https:\/\/schema.org\",\"@graph\":[{\"@type\":\"WebPage\",\"@id\":\"https:\/\/rfiddepo.com\/en\/urunlerimiz\/95x3-uhf-rfid-kutuphane-etiketi\/\",\"url\":\"https:\/\/rfiddepo.com\/en\/urunlerimiz\/95x3-uhf-rfid-kutuphane-etiketi\/\",\"name\":\"95x3mm UHF RFID K\u00fct\u00fcphane Etiketi - RFID Depo\",\"isPartOf\":{\"@id\":\"https:\/\/rfiddepo.com\/en\/#website\"},\"primaryImageOfPage\":{\"@id\":\"https:\/\/rfiddepo.com\/en\/urunlerimiz\/95x3-uhf-rfid-kutuphane-etiketi\/#primaryimage\"},\"image\":{\"@id\":\"https:\/\/rfiddepo.com\/en\/urunlerimiz\/95x3-uhf-rfid-kutuphane-etiketi\/#primaryimage\"},\"thumbnailUrl\":\"https:\/\/rfiddepo.com\/wp-content\/uploads\/2025\/09\/uhf-rfid-kutuphane-etiketi.jpg\",\"datePublished\":\"2020-05-03T05:54:10+00:00\",\"dateModified\":\"2025-10-14T18:53:53+00:00\",\"description\":\"95x3mm UHF RFID K\u00fct\u00fcphane Etiketi ile kitaplarinizi kolayca takip edin. Impinj \u00e7ip ile donatilmis, uzun \u00f6m\u00fcrl\u00fc ve dayaniklidir. K\u00fct\u00fcphaneler i\u00e7in ideal \u00e7\u00f6z\u00fcm.\",\"breadcrumb\":{\"@id\":\"https:\/\/rfiddepo.com\/en\/urunlerimiz\/95x3-uhf-rfid-kutuphane-etiketi\/#breadcrumb\"},\"inLanguage\":\"en-US\",\"potentialAction\":[{\"@type\":\"ReadAction\",\"target\":[\"https:\/\/rfiddepo.com\/en\/urunlerimiz\/95x3-uhf-rfid-kutuphane-etiketi\/\"]}]},{\"@type\":\"ImageObject\",\"inLanguage\":\"en-US\",\"@id\":\"https:\/\/rfiddepo.com\/en\/urunlerimiz\/95x3-uhf-rfid-kutuphane-etiketi\/#primaryimage\",\"url\":\"https:\/\/rfiddepo.com\/wp-content\/uploads\/2025\/09\/uhf-rfid-kutuphane-etiketi.jpg\",\"contentUrl\":\"https:\/\/rfiddepo.com\/wp-content\/uploads\/2025\/09\/uhf-rfid-kutuphane-etiketi.jpg\",\"width\":700,\"height\":660},{\"@type\":\"BreadcrumbList\",\"@id\":\"https:\/\/rfiddepo.com\/en\/urunlerimiz\/95x3-uhf-rfid-kutuphane-etiketi\/#breadcrumb\",\"itemListElement\":[{\"@type\":\"ListItem\",\"position\":1,\"name\":\"Anasayfa\",\"item\":\"https:\/\/rfiddepo.com\/en\/\"},{\"@type\":\"ListItem\",\"position\":2,\"name\":\"Urunler\",\"item\":\"https:\/\/rfiddepo.com\/urunler\/\"},{\"@type\":\"ListItem\",\"position\":3,\"name\":\"95x3mm UHF RFID K\u00fct\u00fcphane Etiketi\"}]},{\"@type\":\"WebSite\",\"@id\":\"https:\/\/rfiddepo.com\/en\/#website\",\"url\":\"https:\/\/rfiddepo.com\/en\/\",\"name\":\"RFID Depo\",\"description\":\"\",\"publisher\":{\"@id\":\"https:\/\/rfiddepo.com\/en\/#organization\"},\"potentialAction\":[{\"@type\":\"SearchAction\",\"target\":{\"@type\":\"EntryPoint\",\"urlTemplate\":\"https:\/\/rfiddepo.com\/en\/?s={search_term_string}\"},\"query-input\":{\"@type\":\"PropertyValueSpecification\",\"valueRequired\":true,\"valueName\":\"search_term_string\"}}],\"inLanguage\":\"en-US\"},{\"@type\":\"Organization\",\"@id\":\"https:\/\/rfiddepo.com\/en\/#organization\",\"name\":\"%%sitename%%\",\"url\":\"https:\/\/rfiddepo.com\/en\/\",\"logo\":{\"@type\":\"ImageObject\",\"inLanguage\":\"en-US\",\"@id\":\"https:\/\/rfiddepo.com\/en\/#\/schema\/logo\/image\/\",\"url\":\"https:\/\/rfiddepo.com\/wp-content\/uploads\/2025\/09\/rfiddepo-logo.png\",\"contentUrl\":\"https:\/\/rfiddepo.com\/wp-content\/uploads\/2025\/09\/rfiddepo-logo.png\",\"width\":500,\"height\":106,\"caption\":\"%%sitename%%\"},\"image\":{\"@id\":\"https:\/\/rfiddepo.com\/en\/#\/schema\/logo\/image\/\"}}]}<\/script>\n<!-- \/ Yoast SEO plugin. -->","yoast_head_json":{"title":"95x3mm UHF RFID K\u00fct\u00fcphane Etiketi - RFID Depo","description":"95x3mm UHF RFID K\u00fct\u00fcphane Etiketi ile kitaplarinizi kolayca takip edin. Impinj \u00e7ip ile donatilmis, uzun \u00f6m\u00fcrl\u00fc ve dayaniklidir. K\u00fct\u00fcphaneler i\u00e7in ideal \u00e7\u00f6z\u00fcm.","robots":{"index":"index","follow":"follow","max-snippet":"max-snippet:-1","max-image-preview":"max-image-preview:large","max-video-preview":"max-video-preview:-1"},"canonical":"https:\/\/rfiddepo.com\/en\/urunlerimiz\/95x3-uhf-rfid-kutuphane-etiketi\/","og_locale":"en_US","og_type":"article","og_title":"95x3mm UHF RFID K\u00fct\u00fcphane Etiketi - RFID Depo","og_description":"95x3mm UHF RFID K\u00fct\u00fcphane Etiketi ile kitaplarinizi kolayca takip edin. Impinj \u00e7ip ile donatilmis, uzun \u00f6m\u00fcrl\u00fc ve dayaniklidir. K\u00fct\u00fcphaneler i\u00e7in ideal \u00e7\u00f6z\u00fcm.","og_url":"https:\/\/rfiddepo.com\/en\/urunlerimiz\/95x3-uhf-rfid-kutuphane-etiketi\/","og_site_name":"RFID Depo","article_modified_time":"2025-10-14T18:53:53+00:00","og_image":[{"width":700,"height":660,"url":"https:\/\/rfiddepo.com\/wp-content\/uploads\/2025\/09\/uhf-rfid-kutuphane-etiketi.jpg","type":"image\/jpeg"}],"twitter_card":"summary_large_image","schema":{"@context":"https:\/\/schema.org","@graph":[{"@type":"WebPage","@id":"https:\/\/rfiddepo.com\/en\/urunlerimiz\/95x3-uhf-rfid-kutuphane-etiketi\/","url":"https:\/\/rfiddepo.com\/en\/urunlerimiz\/95x3-uhf-rfid-kutuphane-etiketi\/","name":"95x3mm UHF RFID K\u00fct\u00fcphane Etiketi - RFID Depo","isPartOf":{"@id":"https:\/\/rfiddepo.com\/en\/#website"},"primaryImageOfPage":{"@id":"https:\/\/rfiddepo.com\/en\/urunlerimiz\/95x3-uhf-rfid-kutuphane-etiketi\/#primaryimage"},"image":{"@id":"https:\/\/rfiddepo.com\/en\/urunlerimiz\/95x3-uhf-rfid-kutuphane-etiketi\/#primaryimage"},"thumbnailUrl":"https:\/\/rfiddepo.com\/wp-content\/uploads\/2025\/09\/uhf-rfid-kutuphane-etiketi.jpg","datePublished":"2020-05-03T05:54:10+00:00","dateModified":"2025-10-14T18:53:53+00:00","description":"95x3mm UHF RFID K\u00fct\u00fcphane Etiketi ile kitaplarinizi kolayca takip edin. Impinj \u00e7ip ile donatilmis, uzun \u00f6m\u00fcrl\u00fc ve dayaniklidir. K\u00fct\u00fcphaneler i\u00e7in ideal \u00e7\u00f6z\u00fcm.","breadcrumb":{"@id":"https:\/\/rfiddepo.com\/en\/urunlerimiz\/95x3-uhf-rfid-kutuphane-etiketi\/#breadcrumb"},"inLanguage":"en-US","potentialAction":[{"@type":"ReadAction","target":["https:\/\/rfiddepo.com\/en\/urunlerimiz\/95x3-uhf-rfid-kutuphane-etiketi\/"]}]},{"@type":"ImageObject","inLanguage":"en-US","@id":"https:\/\/rfiddepo.com\/en\/urunlerimiz\/95x3-uhf-rfid-kutuphane-etiketi\/#primaryimage","url":"https:\/\/rfiddepo.com\/wp-content\/uploads\/2025\/09\/uhf-rfid-kutuphane-etiketi.jpg","contentUrl":"https:\/\/rfiddepo.com\/wp-content\/uploads\/2025\/09\/uhf-rfid-kutuphane-etiketi.jpg","width":700,"height":660},{"@type":"BreadcrumbList","@id":"https:\/\/rfiddepo.com\/en\/urunlerimiz\/95x3-uhf-rfid-kutuphane-etiketi\/#breadcrumb","itemListElement":[{"@type":"ListItem","position":1,"name":"Anasayfa","item":"https:\/\/rfiddepo.com\/en\/"},{"@type":"ListItem","position":2,"name":"Urunler","item":"https:\/\/rfiddepo.com\/urunler\/"},{"@type":"ListItem","position":3,"name":"95x3mm UHF RFID K\u00fct\u00fcphane Etiketi"}]},{"@type":"WebSite","@id":"https:\/\/rfiddepo.com\/en\/#website","url":"https:\/\/rfiddepo.com\/en\/","name":"RFID Depo","description":"","publisher":{"@id":"https:\/\/rfiddepo.com\/en\/#organization"},"potentialAction":[{"@type":"SearchAction","target":{"@type":"EntryPoint","urlTemplate":"https:\/\/rfiddepo.com\/en\/?s={search_term_string}"},"query-input":{"@type":"PropertyValueSpecification","valueRequired":true,"valueName":"search_term_string"}}],"inLanguage":"en-US"},{"@type":"Organization","@id":"https:\/\/rfiddepo.com\/en\/#organization","name":"%%sitename%%","url":"https:\/\/rfiddepo.com\/en\/","logo":{"@type":"ImageObject","inLanguage":"en-US","@id":"https:\/\/rfiddepo.com\/en\/#\/schema\/logo\/image\/","url":"https:\/\/rfiddepo.com\/wp-content\/uploads\/2025\/09\/rfiddepo-logo.png","contentUrl":"https:\/\/rfiddepo.com\/wp-content\/uploads\/2025\/09\/rfiddepo-logo.png","width":500,"height":106,"caption":"%%sitename%%"},"image":{"@id":"https:\/\/rfiddepo.com\/en\/#\/schema\/logo\/image\/"}}]}},"_links":{"self":[{"href":"https:\/\/rfiddepo.com\/en\/wp-json\/wp\/v2\/product\/10481","targetHints":{"allow":["GET"]}}],"collection":[{"href":"https:\/\/rfiddepo.com\/en\/wp-json\/wp\/v2\/product"}],"about":[{"href":"https:\/\/rfiddepo.com\/en\/wp-json\/wp\/v2\/types\/product"}],"replies":[{"embeddable":true,"href":"https:\/\/rfiddepo.com\/en\/wp-json\/wp\/v2\/comments?post=10481"}],"wp:featuredmedia":[{"embeddable":true,"href":"https:\/\/rfiddepo.com\/en\/wp-json\/wp\/v2\/media\/147204"}],"wp:attachment":[{"href":"https:\/\/rfiddepo.com\/en\/wp-json\/wp\/v2\/media?parent=10481"}],"wp:term":[{"taxonomy":"product_brand","embeddable":true,"href":"https:\/\/rfiddepo.com\/en\/wp-json\/wp\/v2\/product_brand?post=10481"},{"taxonomy":"product_cat","embeddable":true,"href":"https:\/\/rfiddepo.com\/en\/wp-json\/wp\/v2\/product_cat?post=10481"},{"taxonomy":"product_tag","embeddable":true,"href":"https:\/\/rfiddepo.com\/en\/wp-json\/wp\/v2\/product_tag?post=10481"}],"curies":[{"name":"wp","href":"https:\/\/api.w.org\/{rel}","templated":true}]}}