{"id":10471,"date":"2020-05-03T05:45:23","date_gmt":"2020-05-03T05:45:23","guid":{"rendered":"http:\/\/www.test.rfiddepo.com\/?post_type=product&#038;p=10471"},"modified":"2025-10-22T08:37:50","modified_gmt":"2025-10-22T08:37:50","slug":"68x14-uhf-rfid-etiket-e52","status":"publish","type":"product","link":"https:\/\/rfiddepo.com\/en\/urunlerimiz\/68x14-uhf-rfid-etiket-e52\/","title":{"rendered":"68\u00d714 UHF RFID Tags (E52)"},"content":{"rendered":"<table class=\"blueTable\">\n<tbody>\n<tr>\n<td><strong>Product Name<\/strong><\/td>\n<td>RD 68\u00d714 UHF RFID Tag (E52)<\/td>\n<\/tr>\n<tr>\n<td><strong>Operating Frequency<\/strong><\/td>\n<td>ETSI 865.6\u2013867.6 MHz or FCC\/IC 902\u2013928 MHz-<\/td>\n<\/tr>\n<tr>\n<td><strong>Dimensions<\/strong><\/td>\n<td>68\u00d714 mm<\/td>\n<\/tr>\n<tr>\n<td><strong>Memory<\/strong><\/td>\n<td>128 Bits EPC,48 Bits TID<\/td>\n<\/tr>\n<tr>\n<td><strong>Reading Distance<\/strong><\/td>\n<td>\n<div class=\"spec-content\">\n<p>0-5m<\/p>\n<\/div>\n<\/td>\n<\/tr>\n<tr>\n<td><strong>Area of Use<\/strong><\/td>\n<td>Logistics and Warehouse applications, Fixed Assets, Transportation, etc.<\/td>\n<\/tr>\n<tr>\n<td><strong>Chip<\/strong><\/td>\n<td>Impinj M5<\/td>\n<\/tr>\n<tr>\n<td>Brand<\/td>\n<td><a href=\"\/marka\/rfiddepo\/\"><img decoding=\"async\" src=\"https:\/\/rfiddepo.com\/wp-content\/uploads\/2024\/01\/cropped-PNG-Copy.png\" \/><\/a><\/td>\n<\/tr>\n<\/tbody>\n<\/table>\n<p>&nbsp;<\/p>","protected":false},"excerpt":{"rendered":"<p>E52 is an UHF RFID tag with an embedded Inpij chip. As an RFID tag that can be read from long distances, it can be easily read from a distance of 4-5 meters, making it frequently used in projects such as logistics, transportation, and asset tracking.<\/p>\n<div class=\"datasheet\"><a href=\"\/wp-content\/uploads\/2025\/10\/68\u00d714-UHF-RFID-Etiket-E52.pdf\" target=\"_blank\" class=\"datasheet-btn\" rel=\"noopener\"><br \/>\n\ud83d\udcc4 Datasheet<br \/>\n<\/a><\/div>","protected":false},"featured_media":147255,"comment_status":"closed","ping_status":"closed","template":"","meta":{"_monsterinsights_skip_tracking":false,"_monsterinsights_sitenote_active":false,"_monsterinsights_sitenote_note":"","_monsterinsights_sitenote_category":0},"product_brand":[127,129],"product_cat":[64,37,28],"product_tag":[109,80,81,86],"class_list":{"0":"post-10471","1":"product","2":"type-product","3":"status-publish","4":"has-post-thumbnail","6":"product_brand-impinj","7":"product_brand-rfiddepo","8":"product_cat-depo-rfid-etiketleri","9":"product_cat-rfid-etiketler","10":"product_cat-uhf-rfid-etiketler","11":"product_tag-68x14mm-uhf-etiket","12":"product_tag-rfid-etiket","13":"product_tag-rfid-etiket-fiyati","14":"product_tag-uhf-rfid-etiket","16":"first","17":"instock","18":"shipping-taxable","19":"purchasable","20":"product-type-simple"},"yoast_head":"<!-- This site is optimized with the Yoast SEO plugin v26.6 - https:\/\/yoast.com\/wordpress\/plugins\/seo\/ -->\n<title>68x14 UHF RFID Etiket (E52) - RFID Depo<\/title>\n<meta name=\"description\" content=\"68x14 UHF RFID Etiket (E52) ile b\u00fcy\u00fck ve hacimli \u00fcr\u00fcnlerinizi 4-5 metre mesafeden kolayca takip edin. Impinj \u00e7ip ile y\u00fcksek okuma performansi sunar. Lojistik ve \u00fcretim s\u00fcre\u00e7lerinizi optimize edin.\" \/>\n<meta name=\"robots\" content=\"index, follow, max-snippet:-1, max-image-preview:large, max-video-preview:-1\" \/>\n<link rel=\"canonical\" href=\"https:\/\/rfiddepo.com\/en\/urunlerimiz\/68x14-uhf-rfid-etiket-e52\/\" \/>\n<meta property=\"og:locale\" content=\"en_US\" \/>\n<meta property=\"og:type\" content=\"article\" \/>\n<meta property=\"og:title\" content=\"68x14 UHF RFID Etiket (E52) - RFID Depo\" \/>\n<meta property=\"og:description\" content=\"68x14 UHF RFID Etiket (E52) ile b\u00fcy\u00fck ve hacimli \u00fcr\u00fcnlerinizi 4-5 metre mesafeden kolayca takip edin. Impinj \u00e7ip ile y\u00fcksek okuma performansi sunar. Lojistik ve \u00fcretim s\u00fcre\u00e7lerinizi optimize edin.\" \/>\n<meta property=\"og:url\" content=\"https:\/\/rfiddepo.com\/en\/urunlerimiz\/68x14-uhf-rfid-etiket-e52\/\" \/>\n<meta property=\"og:site_name\" content=\"RFID Depo\" \/>\n<meta property=\"article:modified_time\" content=\"2025-10-22T08:37:50+00:00\" \/>\n<meta property=\"og:image\" content=\"https:\/\/rfiddepo.com\/wp-content\/uploads\/2020\/05\/Gemini_Generated_Image_7r10ch7r10ch7r10.png\" \/>\n\t<meta property=\"og:image:width\" content=\"1056\" \/>\n\t<meta property=\"og:image:height\" content=\"992\" \/>\n\t<meta property=\"og:image:type\" content=\"image\/png\" \/>\n<meta name=\"twitter:card\" content=\"summary_large_image\" \/>\n<meta name=\"twitter:label1\" content=\"Est. reading time\" \/>\n\t<meta name=\"twitter:data1\" content=\"1 minute\" \/>\n<script type=\"application\/ld+json\" class=\"yoast-schema-graph\">{\"@context\":\"https:\/\/schema.org\",\"@graph\":[{\"@type\":\"WebPage\",\"@id\":\"https:\/\/rfiddepo.com\/en\/urunlerimiz\/68x14-uhf-rfid-etiket-e52\/\",\"url\":\"https:\/\/rfiddepo.com\/en\/urunlerimiz\/68x14-uhf-rfid-etiket-e52\/\",\"name\":\"68x14 UHF RFID Etiket (E52) - RFID Depo\",\"isPartOf\":{\"@id\":\"https:\/\/rfiddepo.com\/en\/#website\"},\"primaryImageOfPage\":{\"@id\":\"https:\/\/rfiddepo.com\/en\/urunlerimiz\/68x14-uhf-rfid-etiket-e52\/#primaryimage\"},\"image\":{\"@id\":\"https:\/\/rfiddepo.com\/en\/urunlerimiz\/68x14-uhf-rfid-etiket-e52\/#primaryimage\"},\"thumbnailUrl\":\"https:\/\/rfiddepo.com\/wp-content\/uploads\/2020\/05\/Gemini_Generated_Image_7r10ch7r10ch7r10.png\",\"datePublished\":\"2020-05-03T05:45:23+00:00\",\"dateModified\":\"2025-10-22T08:37:50+00:00\",\"description\":\"68x14 UHF RFID Etiket (E52) ile b\u00fcy\u00fck ve hacimli \u00fcr\u00fcnlerinizi 4-5 metre mesafeden kolayca takip edin. Impinj \u00e7ip ile y\u00fcksek okuma performansi sunar. Lojistik ve \u00fcretim s\u00fcre\u00e7lerinizi optimize edin.\",\"breadcrumb\":{\"@id\":\"https:\/\/rfiddepo.com\/en\/urunlerimiz\/68x14-uhf-rfid-etiket-e52\/#breadcrumb\"},\"inLanguage\":\"en-US\",\"potentialAction\":[{\"@type\":\"ReadAction\",\"target\":[\"https:\/\/rfiddepo.com\/en\/urunlerimiz\/68x14-uhf-rfid-etiket-e52\/\"]}]},{\"@type\":\"ImageObject\",\"inLanguage\":\"en-US\",\"@id\":\"https:\/\/rfiddepo.com\/en\/urunlerimiz\/68x14-uhf-rfid-etiket-e52\/#primaryimage\",\"url\":\"https:\/\/rfiddepo.com\/wp-content\/uploads\/2020\/05\/Gemini_Generated_Image_7r10ch7r10ch7r10.png\",\"contentUrl\":\"https:\/\/rfiddepo.com\/wp-content\/uploads\/2020\/05\/Gemini_Generated_Image_7r10ch7r10ch7r10.png\",\"width\":1056,\"height\":992},{\"@type\":\"BreadcrumbList\",\"@id\":\"https:\/\/rfiddepo.com\/en\/urunlerimiz\/68x14-uhf-rfid-etiket-e52\/#breadcrumb\",\"itemListElement\":[{\"@type\":\"ListItem\",\"position\":1,\"name\":\"Anasayfa\",\"item\":\"https:\/\/rfiddepo.com\/en\/\"},{\"@type\":\"ListItem\",\"position\":2,\"name\":\"Urunler\",\"item\":\"https:\/\/rfiddepo.com\/urunler\/\"},{\"@type\":\"ListItem\",\"position\":3,\"name\":\"68&#215;14 UHF RFID Etiket (E52)\"}]},{\"@type\":\"WebSite\",\"@id\":\"https:\/\/rfiddepo.com\/en\/#website\",\"url\":\"https:\/\/rfiddepo.com\/en\/\",\"name\":\"RFID Depo\",\"description\":\"\",\"publisher\":{\"@id\":\"https:\/\/rfiddepo.com\/en\/#organization\"},\"potentialAction\":[{\"@type\":\"SearchAction\",\"target\":{\"@type\":\"EntryPoint\",\"urlTemplate\":\"https:\/\/rfiddepo.com\/en\/?s={search_term_string}\"},\"query-input\":{\"@type\":\"PropertyValueSpecification\",\"valueRequired\":true,\"valueName\":\"search_term_string\"}}],\"inLanguage\":\"en-US\"},{\"@type\":\"Organization\",\"@id\":\"https:\/\/rfiddepo.com\/en\/#organization\",\"name\":\"%%sitename%%\",\"url\":\"https:\/\/rfiddepo.com\/en\/\",\"logo\":{\"@type\":\"ImageObject\",\"inLanguage\":\"en-US\",\"@id\":\"https:\/\/rfiddepo.com\/en\/#\/schema\/logo\/image\/\",\"url\":\"https:\/\/rfiddepo.com\/wp-content\/uploads\/2025\/09\/rfiddepo-logo.png\",\"contentUrl\":\"https:\/\/rfiddepo.com\/wp-content\/uploads\/2025\/09\/rfiddepo-logo.png\",\"width\":500,\"height\":106,\"caption\":\"%%sitename%%\"},\"image\":{\"@id\":\"https:\/\/rfiddepo.com\/en\/#\/schema\/logo\/image\/\"}}]}<\/script>\n<!-- \/ Yoast SEO plugin. -->","yoast_head_json":{"title":"68x14 UHF RFID Etiket (E52) - RFID Depo","description":"68x14 UHF RFID Etiket (E52) ile b\u00fcy\u00fck ve hacimli \u00fcr\u00fcnlerinizi 4-5 metre mesafeden kolayca takip edin. Impinj \u00e7ip ile y\u00fcksek okuma performansi sunar. Lojistik ve \u00fcretim s\u00fcre\u00e7lerinizi optimize edin.","robots":{"index":"index","follow":"follow","max-snippet":"max-snippet:-1","max-image-preview":"max-image-preview:large","max-video-preview":"max-video-preview:-1"},"canonical":"https:\/\/rfiddepo.com\/en\/urunlerimiz\/68x14-uhf-rfid-etiket-e52\/","og_locale":"en_US","og_type":"article","og_title":"68x14 UHF RFID Etiket (E52) - RFID Depo","og_description":"68x14 UHF RFID Etiket (E52) ile b\u00fcy\u00fck ve hacimli \u00fcr\u00fcnlerinizi 4-5 metre mesafeden kolayca takip edin. Impinj \u00e7ip ile y\u00fcksek okuma performansi sunar. Lojistik ve \u00fcretim s\u00fcre\u00e7lerinizi optimize edin.","og_url":"https:\/\/rfiddepo.com\/en\/urunlerimiz\/68x14-uhf-rfid-etiket-e52\/","og_site_name":"RFID Depo","article_modified_time":"2025-10-22T08:37:50+00:00","og_image":[{"width":1056,"height":992,"url":"https:\/\/rfiddepo.com\/wp-content\/uploads\/2020\/05\/Gemini_Generated_Image_7r10ch7r10ch7r10.png","type":"image\/png"}],"twitter_card":"summary_large_image","twitter_misc":{"Est. reading time":"1 minute"},"schema":{"@context":"https:\/\/schema.org","@graph":[{"@type":"WebPage","@id":"https:\/\/rfiddepo.com\/en\/urunlerimiz\/68x14-uhf-rfid-etiket-e52\/","url":"https:\/\/rfiddepo.com\/en\/urunlerimiz\/68x14-uhf-rfid-etiket-e52\/","name":"68x14 UHF RFID Etiket (E52) - RFID Depo","isPartOf":{"@id":"https:\/\/rfiddepo.com\/en\/#website"},"primaryImageOfPage":{"@id":"https:\/\/rfiddepo.com\/en\/urunlerimiz\/68x14-uhf-rfid-etiket-e52\/#primaryimage"},"image":{"@id":"https:\/\/rfiddepo.com\/en\/urunlerimiz\/68x14-uhf-rfid-etiket-e52\/#primaryimage"},"thumbnailUrl":"https:\/\/rfiddepo.com\/wp-content\/uploads\/2020\/05\/Gemini_Generated_Image_7r10ch7r10ch7r10.png","datePublished":"2020-05-03T05:45:23+00:00","dateModified":"2025-10-22T08:37:50+00:00","description":"68x14 UHF RFID Etiket (E52) ile b\u00fcy\u00fck ve hacimli \u00fcr\u00fcnlerinizi 4-5 metre mesafeden kolayca takip edin. Impinj \u00e7ip ile y\u00fcksek okuma performansi sunar. Lojistik ve \u00fcretim s\u00fcre\u00e7lerinizi optimize edin.","breadcrumb":{"@id":"https:\/\/rfiddepo.com\/en\/urunlerimiz\/68x14-uhf-rfid-etiket-e52\/#breadcrumb"},"inLanguage":"en-US","potentialAction":[{"@type":"ReadAction","target":["https:\/\/rfiddepo.com\/en\/urunlerimiz\/68x14-uhf-rfid-etiket-e52\/"]}]},{"@type":"ImageObject","inLanguage":"en-US","@id":"https:\/\/rfiddepo.com\/en\/urunlerimiz\/68x14-uhf-rfid-etiket-e52\/#primaryimage","url":"https:\/\/rfiddepo.com\/wp-content\/uploads\/2020\/05\/Gemini_Generated_Image_7r10ch7r10ch7r10.png","contentUrl":"https:\/\/rfiddepo.com\/wp-content\/uploads\/2020\/05\/Gemini_Generated_Image_7r10ch7r10ch7r10.png","width":1056,"height":992},{"@type":"BreadcrumbList","@id":"https:\/\/rfiddepo.com\/en\/urunlerimiz\/68x14-uhf-rfid-etiket-e52\/#breadcrumb","itemListElement":[{"@type":"ListItem","position":1,"name":"Anasayfa","item":"https:\/\/rfiddepo.com\/en\/"},{"@type":"ListItem","position":2,"name":"Urunler","item":"https:\/\/rfiddepo.com\/urunler\/"},{"@type":"ListItem","position":3,"name":"68&#215;14 UHF RFID Etiket (E52)"}]},{"@type":"WebSite","@id":"https:\/\/rfiddepo.com\/en\/#website","url":"https:\/\/rfiddepo.com\/en\/","name":"RFID Depo","description":"","publisher":{"@id":"https:\/\/rfiddepo.com\/en\/#organization"},"potentialAction":[{"@type":"SearchAction","target":{"@type":"EntryPoint","urlTemplate":"https:\/\/rfiddepo.com\/en\/?s={search_term_string}"},"query-input":{"@type":"PropertyValueSpecification","valueRequired":true,"valueName":"search_term_string"}}],"inLanguage":"en-US"},{"@type":"Organization","@id":"https:\/\/rfiddepo.com\/en\/#organization","name":"%%sitename%%","url":"https:\/\/rfiddepo.com\/en\/","logo":{"@type":"ImageObject","inLanguage":"en-US","@id":"https:\/\/rfiddepo.com\/en\/#\/schema\/logo\/image\/","url":"https:\/\/rfiddepo.com\/wp-content\/uploads\/2025\/09\/rfiddepo-logo.png","contentUrl":"https:\/\/rfiddepo.com\/wp-content\/uploads\/2025\/09\/rfiddepo-logo.png","width":500,"height":106,"caption":"%%sitename%%"},"image":{"@id":"https:\/\/rfiddepo.com\/en\/#\/schema\/logo\/image\/"}}]}},"_links":{"self":[{"href":"https:\/\/rfiddepo.com\/en\/wp-json\/wp\/v2\/product\/10471","targetHints":{"allow":["GET"]}}],"collection":[{"href":"https:\/\/rfiddepo.com\/en\/wp-json\/wp\/v2\/product"}],"about":[{"href":"https:\/\/rfiddepo.com\/en\/wp-json\/wp\/v2\/types\/product"}],"replies":[{"embeddable":true,"href":"https:\/\/rfiddepo.com\/en\/wp-json\/wp\/v2\/comments?post=10471"}],"wp:featuredmedia":[{"embeddable":true,"href":"https:\/\/rfiddepo.com\/en\/wp-json\/wp\/v2\/media\/147255"}],"wp:attachment":[{"href":"https:\/\/rfiddepo.com\/en\/wp-json\/wp\/v2\/media?parent=10471"}],"wp:term":[{"taxonomy":"product_brand","embeddable":true,"href":"https:\/\/rfiddepo.com\/en\/wp-json\/wp\/v2\/product_brand?post=10471"},{"taxonomy":"product_cat","embeddable":true,"href":"https:\/\/rfiddepo.com\/en\/wp-json\/wp\/v2\/product_cat?post=10471"},{"taxonomy":"product_tag","embeddable":true,"href":"https:\/\/rfiddepo.com\/en\/wp-json\/wp\/v2\/product_tag?post=10471"}],"curies":[{"name":"wp","href":"https:\/\/api.w.org\/{rel}","templated":true}]}}