{"id":10469,"date":"2020-05-03T05:43:20","date_gmt":"2020-05-03T05:43:20","guid":{"rendered":"http:\/\/www.test.rfiddepo.com\/?post_type=product&#038;p=10469"},"modified":"2025-10-15T07:40:57","modified_gmt":"2025-10-15T07:40:57","slug":"22x8-uhf-rfid-etiket","status":"publish","type":"product","link":"https:\/\/rfiddepo.com\/en\/urunlerimiz\/22x8-uhf-rfid-etiket\/","title":{"rendered":"22\u00d78 mm UHF RFID Tag"},"content":{"rendered":"<table class=\"blueTable\">\n<tbody>\n<tr>\n<td><strong>Product Name<\/strong><\/td>\n<td>RD 22\u00d78 UHF RFID Tags<\/td>\n<\/tr>\n<tr>\n<td><strong>Operating Frequency<\/strong><\/td>\n<td>ETSI 865.6\u2013867.6 MHz or FCC\/IC 902\u2013928 MHz-<\/td>\n<\/tr>\n<tr>\n<td><strong>Dimensions<\/strong><\/td>\n<td>22\u00d78 mm<\/td>\n<\/tr>\n<tr>\n<td><strong>Memory<\/strong><\/td>\n<td>128 Bits EPC,48 Bits TID<\/td>\n<\/tr>\n<tr>\n<td><strong>Reading Distance<\/strong><\/td>\n<td>\n<div class=\"spec-content\">\n<p>0-1,3m<\/p>\n<\/div>\n<\/td>\n<\/tr>\n<tr>\n<td><strong>Area of Use<\/strong><\/td>\n<td>Health, Jewelry, Cosmetics<\/td>\n<\/tr>\n<tr>\n<td><strong>Chip<\/strong><\/td>\n<td>Impinj\/Monza4E\/4D\/4QT<\/td>\n<\/tr>\n<tr>\n<td><strong>Brand<\/strong><\/td>\n<td><a href=\"\/marka\/rfiddepo\/\"><img decoding=\"async\" src=\"https:\/\/rfiddepo.com\/wp-content\/uploads\/2024\/01\/cropped-PNG-Copy.png\" \/><\/a><\/td>\n<\/tr>\n<\/tbody>\n<\/table>\n<p>&nbsp;<\/p>","protected":false},"excerpt":{"rendered":"<p>22\u00d78 is an embedded impinj chip UHF RFID tag. Due to its small size, its reading distance is shorter than other tags. However, its area of use differs in this regard. It is used in the healthcare, cosmetics, and jewelry sectors.<\/p>\n<div class=\"datasheet\"><a href=\"\/wp-content\/uploads\/2025\/10\/22\u00d78-mm-UHF-RFID-Etiket.pdf\" target=\"_blank\" class=\"datasheet-btn\" rel=\"noopener\"><br \/>\n\ud83d\udcc4 Datasheet<br \/>\n<\/a><\/div>","protected":false},"featured_media":147253,"comment_status":"closed","ping_status":"closed","template":"","meta":{"_monsterinsights_skip_tracking":false,"_monsterinsights_sitenote_active":false,"_monsterinsights_sitenote_note":"","_monsterinsights_sitenote_category":0},"product_brand":[127,129],"product_cat":[37,28],"product_tag":[110,80,82,86],"class_list":{"0":"post-10469","1":"product","2":"type-product","3":"status-publish","4":"has-post-thumbnail","6":"product_brand-impinj","7":"product_brand-rfiddepo","8":"product_cat-rfid-etiketler","9":"product_cat-uhf-rfid-etiketler","10":"product_tag-22x8mm-uhf-etiket","11":"product_tag-rfid-etiket","12":"product_tag-rfid-etiket-tedarikcisi","13":"product_tag-uhf-rfid-etiket","15":"first","16":"instock","17":"shipping-taxable","18":"purchasable","19":"product-type-simple"},"yoast_head":"<!-- This site is optimized with the Yoast SEO plugin v26.6 - https:\/\/yoast.com\/wordpress\/plugins\/seo\/ -->\n<title>22x8 mm UHF Rfid Etiket - RFID Depo<\/title>\n<meta name=\"description\" content=\"K\u00fc\u00e7\u00fck boyut, b\u00fcy\u00fck performans! 22x8 mm UHF RFID Etiketi, Impinj \u00e7ip ile donatilmis, k\u00fc\u00e7\u00fck ve degerli \u00fcr\u00fcnler i\u00e7in m\u00fckemmel bir \u00e7\u00f6z\u00fcmd\u00fcr.\" \/>\n<meta name=\"robots\" content=\"index, follow, max-snippet:-1, max-image-preview:large, max-video-preview:-1\" \/>\n<link rel=\"canonical\" href=\"https:\/\/rfiddepo.com\/en\/urunlerimiz\/22x8-uhf-rfid-etiket\/\" \/>\n<meta property=\"og:locale\" content=\"en_US\" \/>\n<meta property=\"og:type\" content=\"article\" \/>\n<meta property=\"og:title\" content=\"22x8 mm UHF Rfid Etiket - RFID Depo\" \/>\n<meta property=\"og:description\" content=\"K\u00fc\u00e7\u00fck boyut, b\u00fcy\u00fck performans! 22x8 mm UHF RFID Etiketi, Impinj \u00e7ip ile donatilmis, k\u00fc\u00e7\u00fck ve degerli \u00fcr\u00fcnler i\u00e7in m\u00fckemmel bir \u00e7\u00f6z\u00fcmd\u00fcr.\" \/>\n<meta property=\"og:url\" content=\"https:\/\/rfiddepo.com\/en\/urunlerimiz\/22x8-uhf-rfid-etiket\/\" \/>\n<meta property=\"og:site_name\" content=\"RFID Depo\" \/>\n<meta property=\"article:modified_time\" content=\"2025-10-15T07:40:57+00:00\" \/>\n<meta property=\"og:image\" content=\"https:\/\/rfiddepo.com\/wp-content\/uploads\/2020\/05\/RFID-Etiket-Rulosu.png\" \/>\n\t<meta property=\"og:image:width\" content=\"1024\" \/>\n\t<meta property=\"og:image:height\" content=\"1024\" \/>\n\t<meta property=\"og:image:type\" content=\"image\/png\" \/>\n<meta name=\"twitter:card\" content=\"summary_large_image\" \/>\n<script type=\"application\/ld+json\" class=\"yoast-schema-graph\">{\"@context\":\"https:\/\/schema.org\",\"@graph\":[{\"@type\":\"WebPage\",\"@id\":\"https:\/\/rfiddepo.com\/en\/urunlerimiz\/22x8-uhf-rfid-etiket\/\",\"url\":\"https:\/\/rfiddepo.com\/en\/urunlerimiz\/22x8-uhf-rfid-etiket\/\",\"name\":\"22x8 mm UHF Rfid Etiket - RFID Depo\",\"isPartOf\":{\"@id\":\"https:\/\/rfiddepo.com\/en\/#website\"},\"primaryImageOfPage\":{\"@id\":\"https:\/\/rfiddepo.com\/en\/urunlerimiz\/22x8-uhf-rfid-etiket\/#primaryimage\"},\"image\":{\"@id\":\"https:\/\/rfiddepo.com\/en\/urunlerimiz\/22x8-uhf-rfid-etiket\/#primaryimage\"},\"thumbnailUrl\":\"https:\/\/rfiddepo.com\/wp-content\/uploads\/2020\/05\/RFID-Etiket-Rulosu.png\",\"datePublished\":\"2020-05-03T05:43:20+00:00\",\"dateModified\":\"2025-10-15T07:40:57+00:00\",\"description\":\"K\u00fc\u00e7\u00fck boyut, b\u00fcy\u00fck performans! 22x8 mm UHF RFID Etiketi, Impinj \u00e7ip ile donatilmis, k\u00fc\u00e7\u00fck ve degerli \u00fcr\u00fcnler i\u00e7in m\u00fckemmel bir \u00e7\u00f6z\u00fcmd\u00fcr.\",\"breadcrumb\":{\"@id\":\"https:\/\/rfiddepo.com\/en\/urunlerimiz\/22x8-uhf-rfid-etiket\/#breadcrumb\"},\"inLanguage\":\"en-US\",\"potentialAction\":[{\"@type\":\"ReadAction\",\"target\":[\"https:\/\/rfiddepo.com\/en\/urunlerimiz\/22x8-uhf-rfid-etiket\/\"]}]},{\"@type\":\"ImageObject\",\"inLanguage\":\"en-US\",\"@id\":\"https:\/\/rfiddepo.com\/en\/urunlerimiz\/22x8-uhf-rfid-etiket\/#primaryimage\",\"url\":\"https:\/\/rfiddepo.com\/wp-content\/uploads\/2020\/05\/RFID-Etiket-Rulosu.png\",\"contentUrl\":\"https:\/\/rfiddepo.com\/wp-content\/uploads\/2020\/05\/RFID-Etiket-Rulosu.png\",\"width\":1024,\"height\":1024},{\"@type\":\"BreadcrumbList\",\"@id\":\"https:\/\/rfiddepo.com\/en\/urunlerimiz\/22x8-uhf-rfid-etiket\/#breadcrumb\",\"itemListElement\":[{\"@type\":\"ListItem\",\"position\":1,\"name\":\"Anasayfa\",\"item\":\"https:\/\/rfiddepo.com\/en\/\"},{\"@type\":\"ListItem\",\"position\":2,\"name\":\"Urunler\",\"item\":\"https:\/\/rfiddepo.com\/urunler\/\"},{\"@type\":\"ListItem\",\"position\":3,\"name\":\"22&#215;8 mm UHF Rfid Etiket\"}]},{\"@type\":\"WebSite\",\"@id\":\"https:\/\/rfiddepo.com\/en\/#website\",\"url\":\"https:\/\/rfiddepo.com\/en\/\",\"name\":\"RFID Depo\",\"description\":\"\",\"publisher\":{\"@id\":\"https:\/\/rfiddepo.com\/en\/#organization\"},\"potentialAction\":[{\"@type\":\"SearchAction\",\"target\":{\"@type\":\"EntryPoint\",\"urlTemplate\":\"https:\/\/rfiddepo.com\/en\/?s={search_term_string}\"},\"query-input\":{\"@type\":\"PropertyValueSpecification\",\"valueRequired\":true,\"valueName\":\"search_term_string\"}}],\"inLanguage\":\"en-US\"},{\"@type\":\"Organization\",\"@id\":\"https:\/\/rfiddepo.com\/en\/#organization\",\"name\":\"%%sitename%%\",\"url\":\"https:\/\/rfiddepo.com\/en\/\",\"logo\":{\"@type\":\"ImageObject\",\"inLanguage\":\"en-US\",\"@id\":\"https:\/\/rfiddepo.com\/en\/#\/schema\/logo\/image\/\",\"url\":\"https:\/\/rfiddepo.com\/wp-content\/uploads\/2025\/09\/rfiddepo-logo.png\",\"contentUrl\":\"https:\/\/rfiddepo.com\/wp-content\/uploads\/2025\/09\/rfiddepo-logo.png\",\"width\":500,\"height\":106,\"caption\":\"%%sitename%%\"},\"image\":{\"@id\":\"https:\/\/rfiddepo.com\/en\/#\/schema\/logo\/image\/\"}}]}<\/script>\n<!-- \/ Yoast SEO plugin. -->","yoast_head_json":{"title":"22x8 mm UHF Rfid Etiket - RFID Depo","description":"K\u00fc\u00e7\u00fck boyut, b\u00fcy\u00fck performans! 22x8 mm UHF RFID Etiketi, Impinj \u00e7ip ile donatilmis, k\u00fc\u00e7\u00fck ve degerli \u00fcr\u00fcnler i\u00e7in m\u00fckemmel bir \u00e7\u00f6z\u00fcmd\u00fcr.","robots":{"index":"index","follow":"follow","max-snippet":"max-snippet:-1","max-image-preview":"max-image-preview:large","max-video-preview":"max-video-preview:-1"},"canonical":"https:\/\/rfiddepo.com\/en\/urunlerimiz\/22x8-uhf-rfid-etiket\/","og_locale":"en_US","og_type":"article","og_title":"22x8 mm UHF Rfid Etiket - RFID Depo","og_description":"K\u00fc\u00e7\u00fck boyut, b\u00fcy\u00fck performans! 22x8 mm UHF RFID Etiketi, Impinj \u00e7ip ile donatilmis, k\u00fc\u00e7\u00fck ve degerli \u00fcr\u00fcnler i\u00e7in m\u00fckemmel bir \u00e7\u00f6z\u00fcmd\u00fcr.","og_url":"https:\/\/rfiddepo.com\/en\/urunlerimiz\/22x8-uhf-rfid-etiket\/","og_site_name":"RFID Depo","article_modified_time":"2025-10-15T07:40:57+00:00","og_image":[{"width":1024,"height":1024,"url":"https:\/\/rfiddepo.com\/wp-content\/uploads\/2020\/05\/RFID-Etiket-Rulosu.png","type":"image\/png"}],"twitter_card":"summary_large_image","schema":{"@context":"https:\/\/schema.org","@graph":[{"@type":"WebPage","@id":"https:\/\/rfiddepo.com\/en\/urunlerimiz\/22x8-uhf-rfid-etiket\/","url":"https:\/\/rfiddepo.com\/en\/urunlerimiz\/22x8-uhf-rfid-etiket\/","name":"22x8 mm UHF Rfid Etiket - RFID Depo","isPartOf":{"@id":"https:\/\/rfiddepo.com\/en\/#website"},"primaryImageOfPage":{"@id":"https:\/\/rfiddepo.com\/en\/urunlerimiz\/22x8-uhf-rfid-etiket\/#primaryimage"},"image":{"@id":"https:\/\/rfiddepo.com\/en\/urunlerimiz\/22x8-uhf-rfid-etiket\/#primaryimage"},"thumbnailUrl":"https:\/\/rfiddepo.com\/wp-content\/uploads\/2020\/05\/RFID-Etiket-Rulosu.png","datePublished":"2020-05-03T05:43:20+00:00","dateModified":"2025-10-15T07:40:57+00:00","description":"K\u00fc\u00e7\u00fck boyut, b\u00fcy\u00fck performans! 22x8 mm UHF RFID Etiketi, Impinj \u00e7ip ile donatilmis, k\u00fc\u00e7\u00fck ve degerli \u00fcr\u00fcnler i\u00e7in m\u00fckemmel bir \u00e7\u00f6z\u00fcmd\u00fcr.","breadcrumb":{"@id":"https:\/\/rfiddepo.com\/en\/urunlerimiz\/22x8-uhf-rfid-etiket\/#breadcrumb"},"inLanguage":"en-US","potentialAction":[{"@type":"ReadAction","target":["https:\/\/rfiddepo.com\/en\/urunlerimiz\/22x8-uhf-rfid-etiket\/"]}]},{"@type":"ImageObject","inLanguage":"en-US","@id":"https:\/\/rfiddepo.com\/en\/urunlerimiz\/22x8-uhf-rfid-etiket\/#primaryimage","url":"https:\/\/rfiddepo.com\/wp-content\/uploads\/2020\/05\/RFID-Etiket-Rulosu.png","contentUrl":"https:\/\/rfiddepo.com\/wp-content\/uploads\/2020\/05\/RFID-Etiket-Rulosu.png","width":1024,"height":1024},{"@type":"BreadcrumbList","@id":"https:\/\/rfiddepo.com\/en\/urunlerimiz\/22x8-uhf-rfid-etiket\/#breadcrumb","itemListElement":[{"@type":"ListItem","position":1,"name":"Anasayfa","item":"https:\/\/rfiddepo.com\/en\/"},{"@type":"ListItem","position":2,"name":"Urunler","item":"https:\/\/rfiddepo.com\/urunler\/"},{"@type":"ListItem","position":3,"name":"22&#215;8 mm UHF Rfid Etiket"}]},{"@type":"WebSite","@id":"https:\/\/rfiddepo.com\/en\/#website","url":"https:\/\/rfiddepo.com\/en\/","name":"RFID Depo","description":"","publisher":{"@id":"https:\/\/rfiddepo.com\/en\/#organization"},"potentialAction":[{"@type":"SearchAction","target":{"@type":"EntryPoint","urlTemplate":"https:\/\/rfiddepo.com\/en\/?s={search_term_string}"},"query-input":{"@type":"PropertyValueSpecification","valueRequired":true,"valueName":"search_term_string"}}],"inLanguage":"en-US"},{"@type":"Organization","@id":"https:\/\/rfiddepo.com\/en\/#organization","name":"%%sitename%%","url":"https:\/\/rfiddepo.com\/en\/","logo":{"@type":"ImageObject","inLanguage":"en-US","@id":"https:\/\/rfiddepo.com\/en\/#\/schema\/logo\/image\/","url":"https:\/\/rfiddepo.com\/wp-content\/uploads\/2025\/09\/rfiddepo-logo.png","contentUrl":"https:\/\/rfiddepo.com\/wp-content\/uploads\/2025\/09\/rfiddepo-logo.png","width":500,"height":106,"caption":"%%sitename%%"},"image":{"@id":"https:\/\/rfiddepo.com\/en\/#\/schema\/logo\/image\/"}}]}},"_links":{"self":[{"href":"https:\/\/rfiddepo.com\/en\/wp-json\/wp\/v2\/product\/10469","targetHints":{"allow":["GET"]}}],"collection":[{"href":"https:\/\/rfiddepo.com\/en\/wp-json\/wp\/v2\/product"}],"about":[{"href":"https:\/\/rfiddepo.com\/en\/wp-json\/wp\/v2\/types\/product"}],"replies":[{"embeddable":true,"href":"https:\/\/rfiddepo.com\/en\/wp-json\/wp\/v2\/comments?post=10469"}],"wp:featuredmedia":[{"embeddable":true,"href":"https:\/\/rfiddepo.com\/en\/wp-json\/wp\/v2\/media\/147253"}],"wp:attachment":[{"href":"https:\/\/rfiddepo.com\/en\/wp-json\/wp\/v2\/media?parent=10469"}],"wp:term":[{"taxonomy":"product_brand","embeddable":true,"href":"https:\/\/rfiddepo.com\/en\/wp-json\/wp\/v2\/product_brand?post=10469"},{"taxonomy":"product_cat","embeddable":true,"href":"https:\/\/rfiddepo.com\/en\/wp-json\/wp\/v2\/product_cat?post=10469"},{"taxonomy":"product_tag","embeddable":true,"href":"https:\/\/rfiddepo.com\/en\/wp-json\/wp\/v2\/product_tag?post=10469"}],"curies":[{"name":"wp","href":"https:\/\/api.w.org\/{rel}","templated":true}]}}