{"id":10464,"date":"2020-05-03T05:39:04","date_gmt":"2020-05-03T05:39:04","guid":{"rendered":"http:\/\/www.test.rfiddepo.com\/?post_type=product&#038;p=10464"},"modified":"2025-10-22T08:36:27","modified_gmt":"2025-10-22T08:36:27","slug":"54x34-uhf-rfid-etiket","status":"publish","type":"product","link":"https:\/\/rfiddepo.com\/en\/urunlerimiz\/54x34-uhf-rfid-etiket\/","title":{"rendered":"54\u00d734 mm UHF RFID Label"},"content":{"rendered":"<table class=\"blueTable\">\n<tbody>\n<tr>\n<td><strong>Product Name<\/strong><\/td>\n<td>54\u00d734 UHF RFID Tags<\/td>\n<\/tr>\n<tr>\n<td><strong>Operating Frequency<\/strong><\/td>\n<td>ETSI 865.6\u2013867.6 MHz or FCC\/IC 902\u2013928 MHz-<\/td>\n<\/tr>\n<tr>\n<td><strong>Dimensions<\/strong><\/td>\n<td>54\u00d734 mm<\/td>\n<\/tr>\n<tr>\n<td><strong>Memory<\/strong><\/td>\n<td>128 Bits EPC,128 Bits TID<\/td>\n<\/tr>\n<tr>\n<td><strong>Reading Distance<\/strong><\/td>\n<td>\n<div class=\"spec-content\">\n<p>0-5m<\/p>\n<\/div>\n<\/td>\n<\/tr>\n<tr>\n<td><strong>Area of Use<\/strong><\/td>\n<td>Textiles, Document Tracking<\/td>\n<\/tr>\n<tr>\n<td><strong>Chip<\/strong><\/td>\n<td>Impinj R6P<\/td>\n<\/tr>\n<tr>\n<td><strong>Brand<\/strong><\/td>\n<td><a href=\"\/marka\/rfiddepo\/\"><img decoding=\"async\" src=\"https:\/\/rfiddepo.com\/wp-content\/uploads\/2024\/01\/cropped-PNG-Copy.png\" \/><\/a><\/td>\n<\/tr>\n<\/tbody>\n<\/table>\n<p>&nbsp;<\/p>","protected":false},"excerpt":{"rendered":"<p>54\u00d734 is an embedded UHF RFID tag with an Inpij chip. It is commonly known as a textile tag. It is widely used in this field worldwide. It can also be used in projects such as document tracking.<\/p>\n<div class=\"datasheet\"><a href=\"\/wp-content\/uploads\/2025\/10\/54\u00d734-mm-UHF-RFID-Etiket.pdf\" target=\"_blank\" class=\"datasheet-btn\" rel=\"noopener\"><br \/>\n\ud83d\udcc4 Datasheet<br \/>\n<\/a><\/div>","protected":false},"featured_media":147249,"comment_status":"closed","ping_status":"closed","template":"","meta":{"_monsterinsights_skip_tracking":false,"_monsterinsights_sitenote_active":false,"_monsterinsights_sitenote_note":"","_monsterinsights_sitenote_category":0},"product_brand":[127,129],"product_cat":[37,68,28],"product_tag":[111,112,113,114,115,93,94,86],"class_list":{"0":"post-10464","1":"product","2":"type-product","3":"status-publish","4":"has-post-thumbnail","6":"product_brand-impinj","7":"product_brand-rfiddepo","8":"product_cat-rfid-etiketler","9":"product_cat-tekstil-rfid-etiketleri","10":"product_cat-uhf-rfid-etiketler","11":"product_tag-54x34-etiket","12":"product_tag-rfid-anten","13":"product_tag-rfid-depo","14":"product_tag-rfid-okuyucu","15":"product_tag-rfid-reader","16":"product_tag-tekstil-etiketi","17":"product_tag-tekstil-rfid-etiketi","18":"product_tag-uhf-rfid-etiket","20":"first","21":"instock","22":"shipping-taxable","23":"purchasable","24":"product-type-simple"},"yoast_head":"<!-- This site is optimized with the Yoast SEO plugin v26.6 - https:\/\/yoast.com\/wordpress\/plugins\/seo\/ -->\n<title>54x34 mm UHF RFID Etiket - RFID Depo<\/title>\n<meta name=\"description\" content=\"54x34mm UHF RFID Etiket, tekstil, otomotiv, lojistik, kuyumculuk ve depo otomasyonu sekt\u00f6rlerinde g\u00fcvenilir \u00fcr\u00fcn takibi ve stok kontrol\u00fc saglar. Uygun fiyatlarla rfiddepo.com\u2019da!\" \/>\n<meta name=\"robots\" content=\"index, follow, max-snippet:-1, max-image-preview:large, max-video-preview:-1\" \/>\n<link rel=\"canonical\" href=\"https:\/\/rfiddepo.com\/en\/urunlerimiz\/54x34-uhf-rfid-etiket\/\" \/>\n<meta property=\"og:locale\" content=\"en_US\" \/>\n<meta property=\"og:type\" content=\"article\" \/>\n<meta property=\"og:title\" content=\"54x34 mm UHF RFID Etiket - RFID Depo\" \/>\n<meta property=\"og:description\" content=\"54x34mm UHF RFID Etiket, tekstil, otomotiv, lojistik, kuyumculuk ve depo otomasyonu sekt\u00f6rlerinde g\u00fcvenilir \u00fcr\u00fcn takibi ve stok kontrol\u00fc saglar. Uygun fiyatlarla rfiddepo.com\u2019da!\" \/>\n<meta property=\"og:url\" content=\"https:\/\/rfiddepo.com\/en\/urunlerimiz\/54x34-uhf-rfid-etiket\/\" \/>\n<meta property=\"og:site_name\" content=\"RFID Depo\" \/>\n<meta property=\"article:modified_time\" content=\"2025-10-22T08:36:27+00:00\" \/>\n<meta property=\"og:image\" content=\"https:\/\/rfiddepo.com\/wp-content\/uploads\/2020\/05\/alien-aln-9627-dry-uhf-rfid-etiket-529692.jpg\" \/>\n\t<meta property=\"og:image:width\" content=\"1500\" \/>\n\t<meta property=\"og:image:height\" content=\"1006\" \/>\n\t<meta property=\"og:image:type\" content=\"image\/jpeg\" \/>\n<meta name=\"twitter:card\" content=\"summary_large_image\" \/>\n<meta name=\"twitter:label1\" content=\"Est. reading time\" \/>\n\t<meta name=\"twitter:data1\" content=\"1 minute\" \/>\n<script type=\"application\/ld+json\" class=\"yoast-schema-graph\">{\"@context\":\"https:\/\/schema.org\",\"@graph\":[{\"@type\":\"WebPage\",\"@id\":\"https:\/\/rfiddepo.com\/en\/urunlerimiz\/54x34-uhf-rfid-etiket\/\",\"url\":\"https:\/\/rfiddepo.com\/en\/urunlerimiz\/54x34-uhf-rfid-etiket\/\",\"name\":\"54x34 mm UHF RFID Etiket - RFID Depo\",\"isPartOf\":{\"@id\":\"https:\/\/rfiddepo.com\/en\/#website\"},\"primaryImageOfPage\":{\"@id\":\"https:\/\/rfiddepo.com\/en\/urunlerimiz\/54x34-uhf-rfid-etiket\/#primaryimage\"},\"image\":{\"@id\":\"https:\/\/rfiddepo.com\/en\/urunlerimiz\/54x34-uhf-rfid-etiket\/#primaryimage\"},\"thumbnailUrl\":\"https:\/\/rfiddepo.com\/wp-content\/uploads\/2020\/05\/alien-aln-9627-dry-uhf-rfid-etiket-529692.jpg\",\"datePublished\":\"2020-05-03T05:39:04+00:00\",\"dateModified\":\"2025-10-22T08:36:27+00:00\",\"description\":\"54x34mm UHF RFID Etiket, tekstil, otomotiv, lojistik, kuyumculuk ve depo otomasyonu sekt\u00f6rlerinde g\u00fcvenilir \u00fcr\u00fcn takibi ve stok kontrol\u00fc saglar. Uygun fiyatlarla rfiddepo.com\u2019da!\",\"breadcrumb\":{\"@id\":\"https:\/\/rfiddepo.com\/en\/urunlerimiz\/54x34-uhf-rfid-etiket\/#breadcrumb\"},\"inLanguage\":\"en-US\",\"potentialAction\":[{\"@type\":\"ReadAction\",\"target\":[\"https:\/\/rfiddepo.com\/en\/urunlerimiz\/54x34-uhf-rfid-etiket\/\"]}]},{\"@type\":\"ImageObject\",\"inLanguage\":\"en-US\",\"@id\":\"https:\/\/rfiddepo.com\/en\/urunlerimiz\/54x34-uhf-rfid-etiket\/#primaryimage\",\"url\":\"https:\/\/rfiddepo.com\/wp-content\/uploads\/2020\/05\/alien-aln-9627-dry-uhf-rfid-etiket-529692.jpg\",\"contentUrl\":\"https:\/\/rfiddepo.com\/wp-content\/uploads\/2020\/05\/alien-aln-9627-dry-uhf-rfid-etiket-529692.jpg\",\"width\":1500,\"height\":1006},{\"@type\":\"BreadcrumbList\",\"@id\":\"https:\/\/rfiddepo.com\/en\/urunlerimiz\/54x34-uhf-rfid-etiket\/#breadcrumb\",\"itemListElement\":[{\"@type\":\"ListItem\",\"position\":1,\"name\":\"Anasayfa\",\"item\":\"https:\/\/rfiddepo.com\/en\/\"},{\"@type\":\"ListItem\",\"position\":2,\"name\":\"Urunler\",\"item\":\"https:\/\/rfiddepo.com\/urunler\/\"},{\"@type\":\"ListItem\",\"position\":3,\"name\":\"54&#215;34 mm UHF RFID Etiket\"}]},{\"@type\":\"WebSite\",\"@id\":\"https:\/\/rfiddepo.com\/en\/#website\",\"url\":\"https:\/\/rfiddepo.com\/en\/\",\"name\":\"RFID Depo\",\"description\":\"\",\"publisher\":{\"@id\":\"https:\/\/rfiddepo.com\/en\/#organization\"},\"potentialAction\":[{\"@type\":\"SearchAction\",\"target\":{\"@type\":\"EntryPoint\",\"urlTemplate\":\"https:\/\/rfiddepo.com\/en\/?s={search_term_string}\"},\"query-input\":{\"@type\":\"PropertyValueSpecification\",\"valueRequired\":true,\"valueName\":\"search_term_string\"}}],\"inLanguage\":\"en-US\"},{\"@type\":\"Organization\",\"@id\":\"https:\/\/rfiddepo.com\/en\/#organization\",\"name\":\"%%sitename%%\",\"url\":\"https:\/\/rfiddepo.com\/en\/\",\"logo\":{\"@type\":\"ImageObject\",\"inLanguage\":\"en-US\",\"@id\":\"https:\/\/rfiddepo.com\/en\/#\/schema\/logo\/image\/\",\"url\":\"https:\/\/rfiddepo.com\/wp-content\/uploads\/2025\/09\/rfiddepo-logo.png\",\"contentUrl\":\"https:\/\/rfiddepo.com\/wp-content\/uploads\/2025\/09\/rfiddepo-logo.png\",\"width\":500,\"height\":106,\"caption\":\"%%sitename%%\"},\"image\":{\"@id\":\"https:\/\/rfiddepo.com\/en\/#\/schema\/logo\/image\/\"}}]}<\/script>\n<!-- \/ Yoast SEO plugin. -->","yoast_head_json":{"title":"54x34 mm UHF RFID Etiket - RFID Depo","description":"54x34mm UHF RFID Etiket, tekstil, otomotiv, lojistik, kuyumculuk ve depo otomasyonu sekt\u00f6rlerinde g\u00fcvenilir \u00fcr\u00fcn takibi ve stok kontrol\u00fc saglar. Uygun fiyatlarla rfiddepo.com\u2019da!","robots":{"index":"index","follow":"follow","max-snippet":"max-snippet:-1","max-image-preview":"max-image-preview:large","max-video-preview":"max-video-preview:-1"},"canonical":"https:\/\/rfiddepo.com\/en\/urunlerimiz\/54x34-uhf-rfid-etiket\/","og_locale":"en_US","og_type":"article","og_title":"54x34 mm UHF RFID Etiket - RFID Depo","og_description":"54x34mm UHF RFID Etiket, tekstil, otomotiv, lojistik, kuyumculuk ve depo otomasyonu sekt\u00f6rlerinde g\u00fcvenilir \u00fcr\u00fcn takibi ve stok kontrol\u00fc saglar. Uygun fiyatlarla rfiddepo.com\u2019da!","og_url":"https:\/\/rfiddepo.com\/en\/urunlerimiz\/54x34-uhf-rfid-etiket\/","og_site_name":"RFID Depo","article_modified_time":"2025-10-22T08:36:27+00:00","og_image":[{"width":1500,"height":1006,"url":"https:\/\/rfiddepo.com\/wp-content\/uploads\/2020\/05\/alien-aln-9627-dry-uhf-rfid-etiket-529692.jpg","type":"image\/jpeg"}],"twitter_card":"summary_large_image","twitter_misc":{"Est. reading time":"1 minute"},"schema":{"@context":"https:\/\/schema.org","@graph":[{"@type":"WebPage","@id":"https:\/\/rfiddepo.com\/en\/urunlerimiz\/54x34-uhf-rfid-etiket\/","url":"https:\/\/rfiddepo.com\/en\/urunlerimiz\/54x34-uhf-rfid-etiket\/","name":"54x34 mm UHF RFID Etiket - RFID Depo","isPartOf":{"@id":"https:\/\/rfiddepo.com\/en\/#website"},"primaryImageOfPage":{"@id":"https:\/\/rfiddepo.com\/en\/urunlerimiz\/54x34-uhf-rfid-etiket\/#primaryimage"},"image":{"@id":"https:\/\/rfiddepo.com\/en\/urunlerimiz\/54x34-uhf-rfid-etiket\/#primaryimage"},"thumbnailUrl":"https:\/\/rfiddepo.com\/wp-content\/uploads\/2020\/05\/alien-aln-9627-dry-uhf-rfid-etiket-529692.jpg","datePublished":"2020-05-03T05:39:04+00:00","dateModified":"2025-10-22T08:36:27+00:00","description":"54x34mm UHF RFID Etiket, tekstil, otomotiv, lojistik, kuyumculuk ve depo otomasyonu sekt\u00f6rlerinde g\u00fcvenilir \u00fcr\u00fcn takibi ve stok kontrol\u00fc saglar. Uygun fiyatlarla rfiddepo.com\u2019da!","breadcrumb":{"@id":"https:\/\/rfiddepo.com\/en\/urunlerimiz\/54x34-uhf-rfid-etiket\/#breadcrumb"},"inLanguage":"en-US","potentialAction":[{"@type":"ReadAction","target":["https:\/\/rfiddepo.com\/en\/urunlerimiz\/54x34-uhf-rfid-etiket\/"]}]},{"@type":"ImageObject","inLanguage":"en-US","@id":"https:\/\/rfiddepo.com\/en\/urunlerimiz\/54x34-uhf-rfid-etiket\/#primaryimage","url":"https:\/\/rfiddepo.com\/wp-content\/uploads\/2020\/05\/alien-aln-9627-dry-uhf-rfid-etiket-529692.jpg","contentUrl":"https:\/\/rfiddepo.com\/wp-content\/uploads\/2020\/05\/alien-aln-9627-dry-uhf-rfid-etiket-529692.jpg","width":1500,"height":1006},{"@type":"BreadcrumbList","@id":"https:\/\/rfiddepo.com\/en\/urunlerimiz\/54x34-uhf-rfid-etiket\/#breadcrumb","itemListElement":[{"@type":"ListItem","position":1,"name":"Anasayfa","item":"https:\/\/rfiddepo.com\/en\/"},{"@type":"ListItem","position":2,"name":"Urunler","item":"https:\/\/rfiddepo.com\/urunler\/"},{"@type":"ListItem","position":3,"name":"54&#215;34 mm UHF RFID Etiket"}]},{"@type":"WebSite","@id":"https:\/\/rfiddepo.com\/en\/#website","url":"https:\/\/rfiddepo.com\/en\/","name":"RFID Depo","description":"","publisher":{"@id":"https:\/\/rfiddepo.com\/en\/#organization"},"potentialAction":[{"@type":"SearchAction","target":{"@type":"EntryPoint","urlTemplate":"https:\/\/rfiddepo.com\/en\/?s={search_term_string}"},"query-input":{"@type":"PropertyValueSpecification","valueRequired":true,"valueName":"search_term_string"}}],"inLanguage":"en-US"},{"@type":"Organization","@id":"https:\/\/rfiddepo.com\/en\/#organization","name":"%%sitename%%","url":"https:\/\/rfiddepo.com\/en\/","logo":{"@type":"ImageObject","inLanguage":"en-US","@id":"https:\/\/rfiddepo.com\/en\/#\/schema\/logo\/image\/","url":"https:\/\/rfiddepo.com\/wp-content\/uploads\/2025\/09\/rfiddepo-logo.png","contentUrl":"https:\/\/rfiddepo.com\/wp-content\/uploads\/2025\/09\/rfiddepo-logo.png","width":500,"height":106,"caption":"%%sitename%%"},"image":{"@id":"https:\/\/rfiddepo.com\/en\/#\/schema\/logo\/image\/"}}]}},"_links":{"self":[{"href":"https:\/\/rfiddepo.com\/en\/wp-json\/wp\/v2\/product\/10464","targetHints":{"allow":["GET"]}}],"collection":[{"href":"https:\/\/rfiddepo.com\/en\/wp-json\/wp\/v2\/product"}],"about":[{"href":"https:\/\/rfiddepo.com\/en\/wp-json\/wp\/v2\/types\/product"}],"replies":[{"embeddable":true,"href":"https:\/\/rfiddepo.com\/en\/wp-json\/wp\/v2\/comments?post=10464"}],"wp:featuredmedia":[{"embeddable":true,"href":"https:\/\/rfiddepo.com\/en\/wp-json\/wp\/v2\/media\/147249"}],"wp:attachment":[{"href":"https:\/\/rfiddepo.com\/en\/wp-json\/wp\/v2\/media?parent=10464"}],"wp:term":[{"taxonomy":"product_brand","embeddable":true,"href":"https:\/\/rfiddepo.com\/en\/wp-json\/wp\/v2\/product_brand?post=10464"},{"taxonomy":"product_cat","embeddable":true,"href":"https:\/\/rfiddepo.com\/en\/wp-json\/wp\/v2\/product_cat?post=10464"},{"taxonomy":"product_tag","embeddable":true,"href":"https:\/\/rfiddepo.com\/en\/wp-json\/wp\/v2\/product_tag?post=10464"}],"curies":[{"name":"wp","href":"https:\/\/api.w.org\/{rel}","templated":true}]}}