{"id":149694,"date":"2025-10-30T06:38:58","date_gmt":"2025-10-30T06:38:58","guid":{"rendered":"https:\/\/rfiddepo.com\/?page_id=149694"},"modified":"2025-10-30T06:45:07","modified_gmt":"2025-10-30T06:45:07","slug":"cart","status":"publish","type":"page","link":"https:\/\/rfiddepo.com\/en\/cart\/","title":{"rendered":"Cart"},"content":{"rendered":"<div data-block-name=\"woocommerce\/cart\" class=\"wp-block-woocommerce-cart alignwide is-loading\">\n<div data-block-name=\"woocommerce\/filled-cart-block\" class=\"wp-block-woocommerce-filled-cart-block\">\n<div data-block-name=\"woocommerce\/cart-items-block\" class=\"wp-block-woocommerce-cart-items-block\">\n\n<\/div>\n\n\n\n<div data-block-name=\"woocommerce\/cart-totals-block\" class=\"wp-block-woocommerce-cart-totals-block\">\n<div data-block-name=\"woocommerce\/cart-order-summary-block\" class=\"wp-block-woocommerce-cart-order-summary-block\">\n<div data-block-name=\"woocommerce\/cart-order-summary-heading-block\" data-content=\"Sepet toplamlar\u0131\" class=\"wp-block-woocommerce-cart-order-summary-heading-block\"><\/div>\n\n\n\n<div data-block-name=\"woocommerce\/cart-order-summary-coupon-form-block\" class=\"wp-block-woocommerce-cart-order-summary-coupon-form-block\"><\/div>\n\n\n\n<div data-block-name=\"woocommerce\/cart-order-summary-totals-block\" class=\"wp-block-woocommerce-cart-order-summary-totals-block\">\n<div data-block-name=\"woocommerce\/cart-order-summary-subtotal-block\" class=\"wp-block-woocommerce-cart-order-summary-subtotal-block\"><\/div>\n\n\n\n<div data-block-name=\"woocommerce\/cart-order-summary-fee-block\" class=\"wp-block-woocommerce-cart-order-summary-fee-block\"><\/div>\n\n\n\n<div data-block-name=\"woocommerce\/cart-order-summary-discount-block\" class=\"wp-block-woocommerce-cart-order-summary-discount-block\"><\/div>\n\n\n\n<div data-block-name=\"woocommerce\/cart-order-summary-shipping-block\" class=\"wp-block-woocommerce-cart-order-summary-shipping-block\"><\/div>\n\n\n\n<div data-block-name=\"woocommerce\/cart-order-summary-taxes-block\" class=\"wp-block-woocommerce-cart-order-summary-taxes-block\"><\/div>\n<\/div>\n<\/div>\n\n\n\n<div data-block-name=\"woocommerce\/cart-express-payment-block\" class=\"wp-block-woocommerce-cart-express-payment-block\"><\/div>\n\n\n\n<div data-block-name=\"woocommerce\/proceed-to-checkout-block\" data-button-label=\"Teklif Al\" class=\"wp-block-woocommerce-proceed-to-checkout-block\"><\/div>\n\n\n\n<div data-block-name=\"woocommerce\/cart-accepted-payment-methods-block\" class=\"wp-block-woocommerce-cart-accepted-payment-methods-block\"><\/div>\n<\/div>\n<\/div>\n\n\n\n<div data-block-name=\"woocommerce\/empty-cart-block\" class=\"wp-block-woocommerce-empty-cart-block\">\n<h2 class=\"wp-block-heading has-text-align-center with-empty-cart-icon wc-block-cart__empty-cart__title\">Sepetiniz \u015fu anda bo\u015f!<\/h2>\n\n\n\n<hr class=\"wp-block-separator has-alpha-channel-opacity is-style-dots\"\/>\n\n\n\n<h2 class=\"wp-block-heading has-text-align-center\">Ma\u011fazada yeni<\/h2>\n\n\n<div data-block-name=\"woocommerce\/product-new\" data-columns=\"4\" data-rows=\"1\" class=\"wc-block-grid wp-block-product-new wp-block-woocommerce-product-new wc-block-product-new has-4-columns\"><ul class=\"wc-block-grid__products\"><li class=\"wc-block-grid__product\">\n\t\t\t\t<a href=\"https:\/\/rfiddepo.com\/en\/urunlerimiz\/zebra-mc3390xr-rfid-el-terminali\/\" class=\"wc-block-grid__product-link\">\n\t\t\t\t\t\n\t\t\t\t\t<div class=\"wc-block-grid__product-image\"><img fetchpriority=\"high\" decoding=\"async\" width=\"300\" height=\"300\" src=\"https:\/\/rfiddepo.com\/wp-content\/uploads\/2026\/04\/mc3300-rfid-series-right-facing-attachment-3x2-3600-300x300.jpg\" class=\"attachment-woocommerce_thumbnail size-woocommerce_thumbnail\" alt=\"Zebra MC3390xR RFID El Terminali\" srcset=\"https:\/\/rfiddepo.com\/wp-content\/uploads\/2026\/04\/mc3300-rfid-series-right-facing-attachment-3x2-3600-300x300.jpg 300w, https:\/\/rfiddepo.com\/wp-content\/uploads\/2026\/04\/mc3300-rfid-series-right-facing-attachment-3x2-3600-150x150.jpg 150w, https:\/\/rfiddepo.com\/wp-content\/uploads\/2026\/04\/mc3300-rfid-series-right-facing-attachment-3x2-3600-550x550.jpg 550w, https:\/\/rfiddepo.com\/wp-content\/uploads\/2026\/04\/mc3300-rfid-series-right-facing-attachment-3x2-3600-100x100.jpg 100w\" sizes=\"(max-width: 300px) 100vw, 300px\" \/><\/div>\n\t\t\t\t\t<div class=\"wc-block-grid__product-title\">Zebra MC3390xR RFID Handheld Terminal<\/div>\n\t\t\t\t<\/a>\n\t\t\t\t<div class=\"wc-block-grid__product-price price\"><span class=\"woocommerce-Price-amount amount\"><span class=\"woocommerce-Price-currencySymbol\">&#8378;<\/span>0,00<\/span><\/div>\n\t\t\t\t\n\t\t\t\t<div class=\"wp-block-button wc-block-grid__product-add-to-cart\"><a href=\"\/en\/wp-json\/wp\/v2\/pages\/149694?add-to-cart=150486\" aria-label=\"Add to cart: \u201cZebra MC3390xR RFID El Terminali\u201d\" data-quantity=\"1\" data-product_id=\"150486\" data-product_sku=\"\" data-price=\"0\" rel=\"nofollow\" class=\"wp-block-button__link  add_to_cart_button ajax_add_to_cart\" data-no-translation=\"\" data-trp-gettext=\"\" data-no-translation-aria-label=\"\">Add to cart<\/a><\/div>\n\t\t\t<\/li><li class=\"wc-block-grid__product\">\n\t\t\t\t<a href=\"https:\/\/rfiddepo.com\/en\/urunlerimiz\/zebra-mc3330xr-rfid-el-terminali\/\" class=\"wc-block-grid__product-link\">\n\t\t\t\t\t\n\t\t\t\t\t<div class=\"wc-block-grid__product-image\"><img decoding=\"async\" width=\"300\" height=\"300\" src=\"https:\/\/rfiddepo.com\/wp-content\/uploads\/2026\/04\/mc3330xr-photography-website-product-front-facing-right-3x2-3600x2400-1-300x300.jpg\" class=\"attachment-woocommerce_thumbnail size-woocommerce_thumbnail\" alt=\"Zebra MC3330xR RFID El Terminali\" srcset=\"https:\/\/rfiddepo.com\/wp-content\/uploads\/2026\/04\/mc3330xr-photography-website-product-front-facing-right-3x2-3600x2400-1-300x300.jpg 300w, https:\/\/rfiddepo.com\/wp-content\/uploads\/2026\/04\/mc3330xr-photography-website-product-front-facing-right-3x2-3600x2400-1-150x150.jpg 150w, https:\/\/rfiddepo.com\/wp-content\/uploads\/2026\/04\/mc3330xr-photography-website-product-front-facing-right-3x2-3600x2400-1-550x550.jpg 550w, https:\/\/rfiddepo.com\/wp-content\/uploads\/2026\/04\/mc3330xr-photography-website-product-front-facing-right-3x2-3600x2400-1-100x100.jpg 100w\" sizes=\"(max-width: 300px) 100vw, 300px\" \/><\/div>\n\t\t\t\t\t<div class=\"wc-block-grid__product-title\">Zebra MC3330xR RFID Handheld Terminal<\/div>\n\t\t\t\t<\/a>\n\t\t\t\t<div class=\"wc-block-grid__product-price price\"><span class=\"woocommerce-Price-amount amount\"><span class=\"woocommerce-Price-currencySymbol\">&#8378;<\/span>0,00<\/span><\/div>\n\t\t\t\t\n\t\t\t\t<div class=\"wp-block-button wc-block-grid__product-add-to-cart\"><a href=\"\/en\/wp-json\/wp\/v2\/pages\/149694?add-to-cart=150476\" aria-label=\"Add to cart: \u201cZebra MC3330xR RFID El Terminali\u201d\" data-quantity=\"1\" data-product_id=\"150476\" data-product_sku=\"\" data-price=\"0\" rel=\"nofollow\" class=\"wp-block-button__link  add_to_cart_button ajax_add_to_cart\" data-no-translation=\"\" data-trp-gettext=\"\" data-no-translation-aria-label=\"\">Add to cart<\/a><\/div>\n\t\t\t<\/li><li class=\"wc-block-grid__product\">\n\t\t\t\t<a href=\"https:\/\/rfiddepo.com\/en\/urunlerimiz\/zebra-rfd9030-uhf-rfid-el-terminali\/\" class=\"wc-block-grid__product-link\">\n\t\t\t\t\t\n\t\t\t\t\t<div class=\"wc-block-grid__product-image\"><img decoding=\"async\" width=\"300\" height=\"300\" src=\"https:\/\/rfiddepo.com\/wp-content\/uploads\/2026\/04\/rfd9030-photography-product-front-right-facing-with-shadow3x2-3600-300x300.jpg\" class=\"attachment-woocommerce_thumbnail size-woocommerce_thumbnail\" alt=\"Zebra RFD9030 UHF RFID El Terminali\" srcset=\"https:\/\/rfiddepo.com\/wp-content\/uploads\/2026\/04\/rfd9030-photography-product-front-right-facing-with-shadow3x2-3600-300x300.jpg 300w, https:\/\/rfiddepo.com\/wp-content\/uploads\/2026\/04\/rfd9030-photography-product-front-right-facing-with-shadow3x2-3600-150x150.jpg 150w, https:\/\/rfiddepo.com\/wp-content\/uploads\/2026\/04\/rfd9030-photography-product-front-right-facing-with-shadow3x2-3600-550x550.jpg 550w, https:\/\/rfiddepo.com\/wp-content\/uploads\/2026\/04\/rfd9030-photography-product-front-right-facing-with-shadow3x2-3600-1100x1100.jpg 1100w, https:\/\/rfiddepo.com\/wp-content\/uploads\/2026\/04\/rfd9030-photography-product-front-right-facing-with-shadow3x2-3600-100x100.jpg 100w\" sizes=\"(max-width: 300px) 100vw, 300px\" \/><\/div>\n\t\t\t\t\t<div class=\"wc-block-grid__product-title\">Zebra RFD9030 UHF RFID Handheld Terminal<\/div>\n\t\t\t\t<\/a>\n\t\t\t\t<div class=\"wc-block-grid__product-price price\"><span class=\"woocommerce-Price-amount amount\"><span class=\"woocommerce-Price-currencySymbol\">&#8378;<\/span>0,00<\/span><\/div>\n\t\t\t\t\n\t\t\t\t<div class=\"wp-block-button wc-block-grid__product-add-to-cart\"><a href=\"\/en\/wp-json\/wp\/v2\/pages\/149694?add-to-cart=150472\" aria-label=\"Add to cart: \u201cZebra RFD9030 UHF RFID El Terminali\u201d\" data-quantity=\"1\" data-product_id=\"150472\" data-product_sku=\"\" data-price=\"0\" rel=\"nofollow\" class=\"wp-block-button__link  add_to_cart_button ajax_add_to_cart\" data-no-translation=\"\" data-trp-gettext=\"\" data-no-translation-aria-label=\"\">Add to cart<\/a><\/div>\n\t\t\t<\/li><li class=\"wc-block-grid__product\">\n\t\t\t\t<a href=\"https:\/\/rfiddepo.com\/en\/urunlerimiz\/zebra-rfd9090-uhf-rfid-el-terminali\/\" class=\"wc-block-grid__product-link\">\n\t\t\t\t\t\n\t\t\t\t\t<div class=\"wc-block-grid__product-image\"><img loading=\"lazy\" decoding=\"async\" width=\"300\" height=\"300\" src=\"https:\/\/rfiddepo.com\/wp-content\/uploads\/2026\/04\/rfd9090-photography-product-front-right-facing-with-shadow-3x2-3600-300x300.jpg\" class=\"attachment-woocommerce_thumbnail size-woocommerce_thumbnail\" alt=\"Zebra RFD9090 UHF RFID El Terminali\" srcset=\"https:\/\/rfiddepo.com\/wp-content\/uploads\/2026\/04\/rfd9090-photography-product-front-right-facing-with-shadow-3x2-3600-300x300.jpg 300w, https:\/\/rfiddepo.com\/wp-content\/uploads\/2026\/04\/rfd9090-photography-product-front-right-facing-with-shadow-3x2-3600-150x150.jpg 150w, https:\/\/rfiddepo.com\/wp-content\/uploads\/2026\/04\/rfd9090-photography-product-front-right-facing-with-shadow-3x2-3600-550x550.jpg 550w, https:\/\/rfiddepo.com\/wp-content\/uploads\/2026\/04\/rfd9090-photography-product-front-right-facing-with-shadow-3x2-3600-100x100.jpg 100w\" sizes=\"(max-width: 300px) 100vw, 300px\" \/><\/div>\n\t\t\t\t\t<div class=\"wc-block-grid__product-title\">Zebra RFD9090 UHF RFID Handheld Terminal<\/div>\n\t\t\t\t<\/a>\n\t\t\t\t<div class=\"wc-block-grid__product-price price\"><span class=\"woocommerce-Price-amount amount\"><span class=\"woocommerce-Price-currencySymbol\">&#8378;<\/span>0,00<\/span><\/div>\n\t\t\t\t\n\t\t\t\t<div class=\"wp-block-button wc-block-grid__product-add-to-cart\"><a href=\"\/en\/wp-json\/wp\/v2\/pages\/149694?add-to-cart=150450\" aria-label=\"Add to cart: \u201cZebra RFD9090 UHF RFID El Terminali\u201d\" data-quantity=\"1\" data-product_id=\"150450\" data-product_sku=\"\" data-price=\"0\" rel=\"nofollow\" class=\"wp-block-button__link  add_to_cart_button ajax_add_to_cart\" data-no-translation=\"\" data-trp-gettext=\"\" data-no-translation-aria-label=\"\">Add to cart<\/a><\/div>\n\t\t\t<\/li><\/ul><\/div><\/div>\n<\/div>","protected":false},"excerpt":{"rendered":"","protected":false},"author":1,"featured_media":0,"parent":0,"menu_order":0,"comment_status":"closed","ping_status":"closed","template":"","meta":{"_monsterinsights_skip_tracking":false,"_monsterinsights_sitenote_active":false,"_monsterinsights_sitenote_note":"","_monsterinsights_sitenote_category":0,"footnotes":""},"class_list":["post-149694","page","type-page","status-publish","hentry"],"yoast_head":"<!-- This site is optimized with the Yoast SEO plugin v26.6 - https:\/\/yoast.com\/wordpress\/plugins\/seo\/ -->\n<title>Cart - RFID Depo<\/title>\n<meta name=\"description\" content=\"\u0130lginizi \u00e7ekebilir\u2026                                 Sepetiniz \u015fu anda bo\u015f!    Ma\u011fazada yeni\" \/>\n<meta name=\"robots\" content=\"index, follow, max-snippet:-1, max-image-preview:large, max-video-preview:-1\" \/>\n<link rel=\"canonical\" href=\"https:\/\/rfiddepo.com\/en\/cart\/\" \/>\n<meta property=\"og:locale\" content=\"en_US\" \/>\n<meta property=\"og:type\" content=\"article\" \/>\n<meta property=\"og:title\" content=\"Cart - RFID Depo\" \/>\n<meta property=\"og:description\" content=\"\u0130lginizi \u00e7ekebilir\u2026                                 Sepetiniz \u015fu anda bo\u015f!    Ma\u011fazada yeni\" \/>\n<meta property=\"og:url\" content=\"https:\/\/rfiddepo.com\/en\/cart\/\" \/>\n<meta property=\"og:site_name\" content=\"RFID Depo\" \/>\n<meta property=\"article:modified_time\" content=\"2025-10-30T06:45:07+00:00\" \/>\n<meta name=\"twitter:card\" content=\"summary_large_image\" \/>\n<meta name=\"twitter:label1\" content=\"Est. reading time\" \/>\n\t<meta name=\"twitter:data1\" content=\"1 minute\" \/>\n<script type=\"application\/ld+json\" class=\"yoast-schema-graph\">{\"@context\":\"https:\/\/schema.org\",\"@graph\":[{\"@type\":\"WebPage\",\"@id\":\"https:\/\/rfiddepo.com\/en\/cart\/\",\"url\":\"https:\/\/rfiddepo.com\/en\/cart\/\",\"name\":\"Cart - RFID Depo\",\"isPartOf\":{\"@id\":\"https:\/\/rfiddepo.com\/en\/#website\"},\"datePublished\":\"2025-10-30T06:38:58+00:00\",\"dateModified\":\"2025-10-30T06:45:07+00:00\",\"description\":\"\u0130lginizi \u00e7ekebilir\u2026 Sepetiniz \u015fu anda bo\u015f! Ma\u011fazada yeni\",\"breadcrumb\":{\"@id\":\"https:\/\/rfiddepo.com\/en\/cart\/#breadcrumb\"},\"inLanguage\":\"en-US\",\"potentialAction\":[{\"@type\":\"ReadAction\",\"target\":[\"https:\/\/rfiddepo.com\/en\/cart\/\"]}]},{\"@type\":\"BreadcrumbList\",\"@id\":\"https:\/\/rfiddepo.com\/en\/cart\/#breadcrumb\",\"itemListElement\":[{\"@type\":\"ListItem\",\"position\":1,\"name\":\"Anasayfa\",\"item\":\"https:\/\/rfiddepo.com\/en\/\"},{\"@type\":\"ListItem\",\"position\":2,\"name\":\"Cart\"}]},{\"@type\":\"WebSite\",\"@id\":\"https:\/\/rfiddepo.com\/en\/#website\",\"url\":\"https:\/\/rfiddepo.com\/en\/\",\"name\":\"RFID Depo\",\"description\":\"\",\"publisher\":{\"@id\":\"https:\/\/rfiddepo.com\/en\/#organization\"},\"potentialAction\":[{\"@type\":\"SearchAction\",\"target\":{\"@type\":\"EntryPoint\",\"urlTemplate\":\"https:\/\/rfiddepo.com\/en\/?s={search_term_string}\"},\"query-input\":{\"@type\":\"PropertyValueSpecification\",\"valueRequired\":true,\"valueName\":\"search_term_string\"}}],\"inLanguage\":\"en-US\"},{\"@type\":\"Organization\",\"@id\":\"https:\/\/rfiddepo.com\/en\/#organization\",\"name\":\"%%sitename%%\",\"url\":\"https:\/\/rfiddepo.com\/en\/\",\"logo\":{\"@type\":\"ImageObject\",\"inLanguage\":\"en-US\",\"@id\":\"https:\/\/rfiddepo.com\/en\/#\/schema\/logo\/image\/\",\"url\":\"https:\/\/rfiddepo.com\/wp-content\/uploads\/2025\/09\/rfiddepo-logo.png\",\"contentUrl\":\"https:\/\/rfiddepo.com\/wp-content\/uploads\/2025\/09\/rfiddepo-logo.png\",\"width\":500,\"height\":106,\"caption\":\"%%sitename%%\"},\"image\":{\"@id\":\"https:\/\/rfiddepo.com\/en\/#\/schema\/logo\/image\/\"}}]}<\/script>\n<!-- \/ Yoast SEO plugin. -->","yoast_head_json":{"title":"Cart - RFID Depo","description":"\u0130lginizi \u00e7ekebilir\u2026                                 Sepetiniz \u015fu anda bo\u015f!    Ma\u011fazada yeni","robots":{"index":"index","follow":"follow","max-snippet":"max-snippet:-1","max-image-preview":"max-image-preview:large","max-video-preview":"max-video-preview:-1"},"canonical":"https:\/\/rfiddepo.com\/en\/cart\/","og_locale":"en_US","og_type":"article","og_title":"Cart - RFID Depo","og_description":"\u0130lginizi \u00e7ekebilir\u2026                                 Sepetiniz \u015fu anda bo\u015f!    Ma\u011fazada yeni","og_url":"https:\/\/rfiddepo.com\/en\/cart\/","og_site_name":"RFID Depo","article_modified_time":"2025-10-30T06:45:07+00:00","twitter_card":"summary_large_image","twitter_misc":{"Est. reading time":"1 minute"},"schema":{"@context":"https:\/\/schema.org","@graph":[{"@type":"WebPage","@id":"https:\/\/rfiddepo.com\/en\/cart\/","url":"https:\/\/rfiddepo.com\/en\/cart\/","name":"Cart - RFID Depo","isPartOf":{"@id":"https:\/\/rfiddepo.com\/en\/#website"},"datePublished":"2025-10-30T06:38:58+00:00","dateModified":"2025-10-30T06:45:07+00:00","description":"\u0130lginizi \u00e7ekebilir\u2026 Sepetiniz \u015fu anda bo\u015f! Ma\u011fazada yeni","breadcrumb":{"@id":"https:\/\/rfiddepo.com\/en\/cart\/#breadcrumb"},"inLanguage":"en-US","potentialAction":[{"@type":"ReadAction","target":["https:\/\/rfiddepo.com\/en\/cart\/"]}]},{"@type":"BreadcrumbList","@id":"https:\/\/rfiddepo.com\/en\/cart\/#breadcrumb","itemListElement":[{"@type":"ListItem","position":1,"name":"Anasayfa","item":"https:\/\/rfiddepo.com\/en\/"},{"@type":"ListItem","position":2,"name":"Cart"}]},{"@type":"WebSite","@id":"https:\/\/rfiddepo.com\/en\/#website","url":"https:\/\/rfiddepo.com\/en\/","name":"RFID Depo","description":"","publisher":{"@id":"https:\/\/rfiddepo.com\/en\/#organization"},"potentialAction":[{"@type":"SearchAction","target":{"@type":"EntryPoint","urlTemplate":"https:\/\/rfiddepo.com\/en\/?s={search_term_string}"},"query-input":{"@type":"PropertyValueSpecification","valueRequired":true,"valueName":"search_term_string"}}],"inLanguage":"en-US"},{"@type":"Organization","@id":"https:\/\/rfiddepo.com\/en\/#organization","name":"%%sitename%%","url":"https:\/\/rfiddepo.com\/en\/","logo":{"@type":"ImageObject","inLanguage":"en-US","@id":"https:\/\/rfiddepo.com\/en\/#\/schema\/logo\/image\/","url":"https:\/\/rfiddepo.com\/wp-content\/uploads\/2025\/09\/rfiddepo-logo.png","contentUrl":"https:\/\/rfiddepo.com\/wp-content\/uploads\/2025\/09\/rfiddepo-logo.png","width":500,"height":106,"caption":"%%sitename%%"},"image":{"@id":"https:\/\/rfiddepo.com\/en\/#\/schema\/logo\/image\/"}}]}},"_links":{"self":[{"href":"https:\/\/rfiddepo.com\/en\/wp-json\/wp\/v2\/pages\/149694","targetHints":{"allow":["GET"]}}],"collection":[{"href":"https:\/\/rfiddepo.com\/en\/wp-json\/wp\/v2\/pages"}],"about":[{"href":"https:\/\/rfiddepo.com\/en\/wp-json\/wp\/v2\/types\/page"}],"author":[{"embeddable":true,"href":"https:\/\/rfiddepo.com\/en\/wp-json\/wp\/v2\/users\/1"}],"replies":[{"embeddable":true,"href":"https:\/\/rfiddepo.com\/en\/wp-json\/wp\/v2\/comments?post=149694"}],"version-history":[{"count":2,"href":"https:\/\/rfiddepo.com\/en\/wp-json\/wp\/v2\/pages\/149694\/revisions"}],"predecessor-version":[{"id":149697,"href":"https:\/\/rfiddepo.com\/en\/wp-json\/wp\/v2\/pages\/149694\/revisions\/149697"}],"wp:attachment":[{"href":"https:\/\/rfiddepo.com\/en\/wp-json\/wp\/v2\/media?parent=149694"}],"curies":[{"name":"wp","href":"https:\/\/api.w.org\/{rel}","templated":true}]}}